{"id":162,"date":"2022-08-25T12:24:26","date_gmt":"2022-08-25T10:24:26","guid":{"rendered":"http:\/\/duvisuel.ch\/doublecity\/?page_id=162"},"modified":"2024-11-08T20:34:11","modified_gmt":"2024-11-08T19:34:11","slug":"concept","status":"publish","type":"page","link":"http:\/\/duvisuel.ch\/doublecity\/concept\/","title":{"rendered":"Projet"},"content":{"rendered":"\n<p>Projet en cours d\u2019\u00e9laboration (lancement juillet 2022) &gt; ramification du projet fotoscope <a href=\"http:\/\/duvisuel.ch\/fotoscope\/\">http:\/\/duvisuel.ch\/fotoscope\/<\/a><\/p>\n\n\n\n<p><\/p>\n\n\n\n<p>DOUBLE CITY&nbsp;<\/p>\n\n\n\n<p>&nbsp;Gen\u00e8ve, <em>La ville et son double<\/em><\/p>\n\n\n\n<p>la ville et ses repr\u00e9sentations possibles selon une approche exploratoire comparable \u00e0 la d\u00e9rive urbaine pr\u00f4n\u00e9e par Guy Debord)<\/p>\n\n\n\n<p>&gt; intervention (sauvage\/po\u00e9tique) dans l\u2019espace public de la cit\u00e9 &gt;incursions dans les br\u00e8ches (espace disponibles non investis)<\/p>\n\n\n\n<p><strong>Concept outdoor\/insitu<\/strong><\/p>\n\n\n\n<p><\/p>\n\n\n\n<p>&gt;&nbsp; des vues traitants de l\u2019\u00e9l\u00e9ment urbain (repr\u00e9sentations subjectives d\u2019une ville et de ses am\u00e9nagements continus) sont produites par les protagonistes*&nbsp; puis diss\u00e9min\u00e9es en fonction des quartiers parcourus et des espaces \u00e0 disposition (surfaces verticales disponibles)<\/p>\n\n\n\n<p><strong>Appel \u00e0 contribution <\/strong>: l&rsquo;intention serait d&rsquo;inviter d&rsquo;autres fabricant-e-s d&rsquo;images \u00e0 investir un lieu sp\u00e9cifique de la ville puis \u00e0 compiler les actions sous forme d\u2019\u00e9dition sp\u00e9ciale\/ publication<\/p>\n\n\n\n<ul class=\"wp-block-list\">\n<li>&nbsp;pour ce faire, il faudrait un modeste budget de base &gt; d\u00e9marche administrative&nbsp; aupr\u00e8s du service culturel de la ville ( projet) ou autre institution (&#8230;)<\/li>\n<\/ul>\n\n\n\n<p><strong>Lieux et p\u00e9rim\u00e8tre<\/strong><\/p>\n\n\n\n<p>Intervention in situ &gt; rep\u00e9rage des espaces, murs, surfaces et passages<\/p>\n\n\n\n<p>Question des espaces en friche, des lieux \u00ab non contr\u00f4l\u00e9s \u00bb mais tout de m\u00eame enclins (dispos\u00e9s-disponibles) \u00e0 accueillir une telle initiative : pan de mur non tagu\u00e9 et dont la surface est assez lisse (pour pouvoir y encoller les feuilles A4 ou A3 de l\u2019image murale) et suffisamment expos\u00e9e \u00e0 la vue (au passage relatif des riverains)<\/p>\n\n\n\n<p>&nbsp;Immeuble arr\u00eat\u00e9 net ( pan de mur borgne) \u2013 entr\u00e9e garage souterrain \u2013 mur de sout\u00e8nement \u2013 borne \u00e9lectrique\u2013 b\u00e2timents industriels (SIG) \u2013 murs en b\u00e9tons lisse des gares nouvelles \u2013 mur sans fonction , lisse et non tagu\u00e9 (rare \u2013 ) murs d\u2019escaliers publics,<\/p>\n\n\n\n<p>Actualisation et g\u00e9ographie: \u00a0il s\u2019agit d\u2019articuler le virtuel ( image fant\u00f4me\u2013 d\u00e9sirant \u00eatre vue) \u00e0 un lieu concret et pr\u00e9sent- choisi en fonction d\u2019un espace murale disponible\/ ad\u00e9quat et l\u00e9g\u00e8rement d\u00e9cal\u00e9 g\u00e9ographiquement mais restant dans un p\u00e9rim\u00e8tre proche- par rapport \u00e0 la prise de vue initiale<\/p>\n\n\n\n<p>La d\u00e9marche territoriale \u2013 consistant \u00e0 int\u00e9grer en catimini une image plus ou moins caract\u00e9ristique (d\u2019un quartier) mais \u00e9galement r\u00e9v\u00e9latrice de l\u2019anonyme urbain en guise de miroir (fragment\u00e9) forc\u00e9ment r\u00e9trospectif<\/p>\n\n\n\n<p>Technique : DIY \u00e0 la mani\u00e8re d\u2019un puzzle :il suffit de r\u00e9 \u2013 assembler 12 \u00e0 32 fragments (feuilles A4 ou A3) d\u2019une photographie pour la recr\u00e9er en grand format \u2013 de mani\u00e8re relativement simple, avec un esth\u00e9tisme (en parcelles\/fragments) symbolique d\u2019une ville (en am\u00e9nagement constant_ les marges seront plus ou moins importantes -pour mettre en jeu l\u2019effet fragment\u00e9 (parcelles) selon la largeur des marges (marges \u2013 en marge des institutions)<\/p>\n\n\n\n<p><\/p>\n","protected":false},"excerpt":{"rendered":"<p>Projet en cours d\u2019\u00e9laboration (lancement juillet 2022) &gt; ramification du projet fotoscope http:\/\/duvisuel.ch\/fotoscope\/ DOUBLE CITY&nbsp; &nbsp;Gen\u00e8ve, La ville et son &hellip; <a class=\"more-link\" href=\"http:\/\/duvisuel.ch\/doublecity\/concept\/\">Plus<\/a><\/p>\n","protected":false},"author":1,"featured_media":0,"parent":0,"menu_order":0,"comment_status":"closed","ping_status":"closed","template":"","meta":{"footnotes":""},"class_list":["post-162","page","type-page","status-publish","hentry",""],"_links":{"self":[{"href":"http:\/\/duvisuel.ch\/doublecity\/wp-json\/wp\/v2\/pages\/162","targetHints":{"allow":["GET"]}}],"collection":[{"href":"http:\/\/duvisuel.ch\/doublecity\/wp-json\/wp\/v2\/pages"}],"about":[{"href":"http:\/\/duvisuel.ch\/doublecity\/wp-json\/wp\/v2\/types\/page"}],"author":[{"embeddable":true,"href":"http:\/\/duvisuel.ch\/doublecity\/wp-json\/wp\/v2\/users\/1"}],"replies":[{"embeddable":true,"href":"http:\/\/duvisuel.ch\/doublecity\/wp-json\/wp\/v2\/comments?post=162"}],"version-history":[{"count":15,"href":"http:\/\/duvisuel.ch\/doublecity\/wp-json\/wp\/v2\/pages\/162\/revisions"}],"predecessor-version":[{"id":987,"href":"http:\/\/duvisuel.ch\/doublecity\/wp-json\/wp\/v2\/pages\/162\/revisions\/987"}],"wp:attachment":[{"href":"http:\/\/duvisuel.ch\/doublecity\/wp-json\/wp\/v2\/media?parent=162"}],"curies":[{"name":"wp","href":"https:\/\/api.w.org\/{rel}","templated":true}]}}