{"id":165,"date":"2022-08-25T12:27:29","date_gmt":"2022-08-25T10:27:29","guid":{"rendered":"http:\/\/duvisuel.ch\/doublecity\/?page_id=165"},"modified":"2022-08-25T12:27:29","modified_gmt":"2022-08-25T10:27:29","slug":"protagonistes","status":"publish","type":"page","link":"http:\/\/duvisuel.ch\/doublecity\/protagonistes\/","title":{"rendered":"Protagonistes"},"content":{"rendered":"\n<p>patrice collaud capture des angles de vues\/fragments bruts\/ articulations architecturales non remani\u00e9es \u2013 lieux de pr\u00e9sence et d\u2019absence \u00e0 la fois \u2013 qui font penser \u00e0 des mises en sc\u00e8nes orchestr\u00e9es \u00e0 la charni\u00e8re entre deux b\u00e2tis \u2013 <\/p>\n\n\n\n<p>rima ayache fabrique des images semi-fictionnelles avec les \u00e9l\u00e9ments urbains environnants remani\u00e9s \u00e0 sa guise pour traduire les transformations perp\u00e9tuelles de la cit\u00e9 _il lui arrive \u00e9galement d\u2019int\u00e9grer des petits syst\u00e8mes labyrinthiques ( m\u00e9dium dessin) faisant \u00e9cho \u00e0 son travail num\u00e9rique<\/p>\n","protected":false},"excerpt":{"rendered":"<p>patrice collaud capture des angles de vues\/fragments bruts\/ articulations architecturales non remani\u00e9es \u2013 lieux de pr\u00e9sence et d\u2019absence \u00e0 la &hellip; <a class=\"more-link\" href=\"http:\/\/duvisuel.ch\/doublecity\/protagonistes\/\">Plus<\/a><\/p>\n","protected":false},"author":1,"featured_media":0,"parent":0,"menu_order":0,"comment_status":"closed","ping_status":"closed","template":"","meta":{"footnotes":""},"class_list":["post-165","page","type-page","status-publish","hentry",""],"_links":{"self":[{"href":"http:\/\/duvisuel.ch\/doublecity\/wp-json\/wp\/v2\/pages\/165","targetHints":{"allow":["GET"]}}],"collection":[{"href":"http:\/\/duvisuel.ch\/doublecity\/wp-json\/wp\/v2\/pages"}],"about":[{"href":"http:\/\/duvisuel.ch\/doublecity\/wp-json\/wp\/v2\/types\/page"}],"author":[{"embeddable":true,"href":"http:\/\/duvisuel.ch\/doublecity\/wp-json\/wp\/v2\/users\/1"}],"replies":[{"embeddable":true,"href":"http:\/\/duvisuel.ch\/doublecity\/wp-json\/wp\/v2\/comments?post=165"}],"version-history":[{"count":1,"href":"http:\/\/duvisuel.ch\/doublecity\/wp-json\/wp\/v2\/pages\/165\/revisions"}],"predecessor-version":[{"id":166,"href":"http:\/\/duvisuel.ch\/doublecity\/wp-json\/wp\/v2\/pages\/165\/revisions\/166"}],"wp:attachment":[{"href":"http:\/\/duvisuel.ch\/doublecity\/wp-json\/wp\/v2\/media?parent=165"}],"curies":[{"name":"wp","href":"https:\/\/api.w.org\/{rel}","templated":true}]}}