{"id":1170,"date":"2022-02-06T20:25:49","date_gmt":"2022-02-06T19:25:49","guid":{"rendered":"http:\/\/duvisuel.ch\/fotoscope\/?page_id=1170"},"modified":"2022-05-03T18:09:23","modified_gmt":"2022-05-03T16:09:23","slug":"pink-lemania","status":"publish","type":"page","link":"http:\/\/duvisuel.ch\/fotoscope\/pink-lemania\/","title":{"rendered":"pink lemania"},"content":{"rendered":"<p>Le projet fotoscope # rassemble depuis 2020 # les cantons de Gen\u00e8ve de Vaud et du Valais # ainsi que les D\u00e9partements de l\u2019Ain et de la Haute-Savoie # avec pour objectif \u00e0 long terme # un recensement de vues transfrontali\u00e8res diff\u00e9renci\u00e9es # \u00e0 l\u2019\u00e9chelle de l\u2019espace l\u00e9manique # comme territoire liquide d\u2019investigation<\/p>\n<div id='gallery-1' class='gallery galleryid-1170 gallery-columns-3 gallery-size-large'><figure class='gallery-item'>\n\t\t\t<div class='gallery-icon portrait'>\n\t\t\t\t<a href='http:\/\/duvisuel.ch\/fotoscope\/wp-content\/uploads\/2022\/02\/pink-lemania_43-1.jpg'><img loading=\"lazy\" decoding=\"async\" width=\"571\" height=\"827\" src=\"http:\/\/duvisuel.ch\/fotoscope\/wp-content\/uploads\/2022\/02\/pink-lemania_43-1.jpg\" class=\"attachment-large size-large\" alt=\"\" srcset=\"http:\/\/duvisuel.ch\/fotoscope\/wp-content\/uploads\/2022\/02\/pink-lemania_43-1.jpg 571w, http:\/\/duvisuel.ch\/fotoscope\/wp-content\/uploads\/2022\/02\/pink-lemania_43-1-207x300.jpg 207w\" sizes=\"auto, (max-width: 571px) 100vw, 571px\" \/><\/a>\n\t\t\t<\/div><\/figure><figure class='gallery-item'>\n\t\t\t<div class='gallery-icon portrait'>\n\t\t\t\t<a href='http:\/\/duvisuel.ch\/fotoscope\/wp-content\/uploads\/2022\/02\/pink-lemania_42-1.jpg'><img loading=\"lazy\" decoding=\"async\" width=\"571\" height=\"827\" src=\"http:\/\/duvisuel.ch\/fotoscope\/wp-content\/uploads\/2022\/02\/pink-lemania_42-1.jpg\" class=\"attachment-large size-large\" alt=\"\" srcset=\"http:\/\/duvisuel.ch\/fotoscope\/wp-content\/uploads\/2022\/02\/pink-lemania_42-1.jpg 571w, http:\/\/duvisuel.ch\/fotoscope\/wp-content\/uploads\/2022\/02\/pink-lemania_42-1-207x300.jpg 207w\" sizes=\"auto, (max-width: 571px) 100vw, 571px\" \/><\/a>\n\t\t\t<\/div><\/figure><figure class='gallery-item'>\n\t\t\t<div class='gallery-icon portrait'>\n\t\t\t\t<a href='http:\/\/duvisuel.ch\/fotoscope\/wp-content\/uploads\/2022\/02\/pink-lemania_40-1.jpg'><img loading=\"lazy\" decoding=\"async\" width=\"571\" height=\"827\" src=\"http:\/\/duvisuel.ch\/fotoscope\/wp-content\/uploads\/2022\/02\/pink-lemania_40-1.jpg\" class=\"attachment-large size-large\" alt=\"\" srcset=\"http:\/\/duvisuel.ch\/fotoscope\/wp-content\/uploads\/2022\/02\/pink-lemania_40-1.jpg 571w, http:\/\/duvisuel.ch\/fotoscope\/wp-content\/uploads\/2022\/02\/pink-lemania_40-1-207x300.jpg 207w\" sizes=\"auto, (max-width: 571px) 100vw, 571px\" \/><\/a>\n\t\t\t<\/div><\/figure><figure class='gallery-item'>\n\t\t\t<div class='gallery-icon portrait'>\n\t\t\t\t<a href='http:\/\/duvisuel.ch\/fotoscope\/wp-content\/uploads\/2022\/02\/pink-lemania_39-1.jpg'><img loading=\"lazy\" decoding=\"async\" width=\"571\" height=\"827\" src=\"http:\/\/duvisuel.ch\/fotoscope\/wp-content\/uploads\/2022\/02\/pink-lemania_39-1.jpg\" class=\"attachment-large size-large\" alt=\"\" srcset=\"http:\/\/duvisuel.ch\/fotoscope\/wp-content\/uploads\/2022\/02\/pink-lemania_39-1.jpg 571w, http:\/\/duvisuel.ch\/fotoscope\/wp-content\/uploads\/2022\/02\/pink-lemania_39-1-207x300.jpg 207w\" sizes=\"auto, (max-width: 571px) 100vw, 571px\" \/><\/a>\n\t\t\t<\/div><\/figure><figure class='gallery-item'>\n\t\t\t<div class='gallery-icon portrait'>\n\t\t\t\t<a href='http:\/\/duvisuel.ch\/fotoscope\/wp-content\/uploads\/2022\/02\/pink-lemania_38-1.jpg'><img loading=\"lazy\" decoding=\"async\" width=\"571\" height=\"827\" src=\"http:\/\/duvisuel.ch\/fotoscope\/wp-content\/uploads\/2022\/02\/pink-lemania_38-1.jpg\" class=\"attachment-large size-large\" alt=\"\" srcset=\"http:\/\/duvisuel.ch\/fotoscope\/wp-content\/uploads\/2022\/02\/pink-lemania_38-1.jpg 571w, http:\/\/duvisuel.ch\/fotoscope\/wp-content\/uploads\/2022\/02\/pink-lemania_38-1-207x300.jpg 207w\" sizes=\"auto, (max-width: 571px) 100vw, 571px\" \/><\/a>\n\t\t\t<\/div><\/figure><figure class='gallery-item'>\n\t\t\t<div class='gallery-icon portrait'>\n\t\t\t\t<a href='http:\/\/duvisuel.ch\/fotoscope\/wp-content\/uploads\/2022\/02\/pink-lemania_37-1.jpg'><img loading=\"lazy\" decoding=\"async\" width=\"571\" height=\"827\" src=\"http:\/\/duvisuel.ch\/fotoscope\/wp-content\/uploads\/2022\/02\/pink-lemania_37-1.jpg\" class=\"attachment-large size-large\" alt=\"\" srcset=\"http:\/\/duvisuel.ch\/fotoscope\/wp-content\/uploads\/2022\/02\/pink-lemania_37-1.jpg 571w, http:\/\/duvisuel.ch\/fotoscope\/wp-content\/uploads\/2022\/02\/pink-lemania_37-1-207x300.jpg 207w\" sizes=\"auto, (max-width: 571px) 100vw, 571px\" \/><\/a>\n\t\t\t<\/div><\/figure><figure class='gallery-item'>\n\t\t\t<div class='gallery-icon portrait'>\n\t\t\t\t<a href='http:\/\/duvisuel.ch\/fotoscope\/wp-content\/uploads\/2022\/02\/pink-lemania_34-1.jpg'><img loading=\"lazy\" decoding=\"async\" width=\"571\" height=\"827\" src=\"http:\/\/duvisuel.ch\/fotoscope\/wp-content\/uploads\/2022\/02\/pink-lemania_34-1.jpg\" class=\"attachment-large size-large\" alt=\"\" srcset=\"http:\/\/duvisuel.ch\/fotoscope\/wp-content\/uploads\/2022\/02\/pink-lemania_34-1.jpg 571w, http:\/\/duvisuel.ch\/fotoscope\/wp-content\/uploads\/2022\/02\/pink-lemania_34-1-207x300.jpg 207w\" sizes=\"auto, (max-width: 571px) 100vw, 571px\" \/><\/a>\n\t\t\t<\/div><\/figure><figure class='gallery-item'>\n\t\t\t<div class='gallery-icon portrait'>\n\t\t\t\t<a href='http:\/\/duvisuel.ch\/fotoscope\/wp-content\/uploads\/2022\/02\/pink-lemania_30-1.jpg'><img loading=\"lazy\" decoding=\"async\" width=\"571\" height=\"827\" src=\"http:\/\/duvisuel.ch\/fotoscope\/wp-content\/uploads\/2022\/02\/pink-lemania_30-1.jpg\" class=\"attachment-large size-large\" alt=\"\" srcset=\"http:\/\/duvisuel.ch\/fotoscope\/wp-content\/uploads\/2022\/02\/pink-lemania_30-1.jpg 571w, http:\/\/duvisuel.ch\/fotoscope\/wp-content\/uploads\/2022\/02\/pink-lemania_30-1-207x300.jpg 207w\" sizes=\"auto, (max-width: 571px) 100vw, 571px\" \/><\/a>\n\t\t\t<\/div><\/figure><figure class='gallery-item'>\n\t\t\t<div class='gallery-icon portrait'>\n\t\t\t\t<a href='http:\/\/duvisuel.ch\/fotoscope\/wp-content\/uploads\/2022\/02\/pink-lemania_23-1.jpg'><img loading=\"lazy\" decoding=\"async\" width=\"571\" height=\"827\" src=\"http:\/\/duvisuel.ch\/fotoscope\/wp-content\/uploads\/2022\/02\/pink-lemania_23-1.jpg\" class=\"attachment-large size-large\" alt=\"\" srcset=\"http:\/\/duvisuel.ch\/fotoscope\/wp-content\/uploads\/2022\/02\/pink-lemania_23-1.jpg 571w, http:\/\/duvisuel.ch\/fotoscope\/wp-content\/uploads\/2022\/02\/pink-lemania_23-1-207x300.jpg 207w\" sizes=\"auto, (max-width: 571px) 100vw, 571px\" \/><\/a>\n\t\t\t<\/div><\/figure><figure class='gallery-item'>\n\t\t\t<div class='gallery-icon portrait'>\n\t\t\t\t<a href='http:\/\/duvisuel.ch\/fotoscope\/wp-content\/uploads\/2022\/02\/pink-lemania_15-1.jpg'><img loading=\"lazy\" decoding=\"async\" width=\"571\" height=\"827\" src=\"http:\/\/duvisuel.ch\/fotoscope\/wp-content\/uploads\/2022\/02\/pink-lemania_15-1.jpg\" class=\"attachment-large size-large\" alt=\"\" srcset=\"http:\/\/duvisuel.ch\/fotoscope\/wp-content\/uploads\/2022\/02\/pink-lemania_15-1.jpg 571w, http:\/\/duvisuel.ch\/fotoscope\/wp-content\/uploads\/2022\/02\/pink-lemania_15-1-207x300.jpg 207w\" sizes=\"auto, (max-width: 571px) 100vw, 571px\" \/><\/a>\n\t\t\t<\/div><\/figure><figure class='gallery-item'>\n\t\t\t<div class='gallery-icon portrait'>\n\t\t\t\t<a href='http:\/\/duvisuel.ch\/fotoscope\/wp-content\/uploads\/2022\/02\/pink-lemania_16-1.jpg'><img loading=\"lazy\" decoding=\"async\" width=\"571\" height=\"827\" src=\"http:\/\/duvisuel.ch\/fotoscope\/wp-content\/uploads\/2022\/02\/pink-lemania_16-1.jpg\" class=\"attachment-large size-large\" alt=\"\" srcset=\"http:\/\/duvisuel.ch\/fotoscope\/wp-content\/uploads\/2022\/02\/pink-lemania_16-1.jpg 571w, http:\/\/duvisuel.ch\/fotoscope\/wp-content\/uploads\/2022\/02\/pink-lemania_16-1-207x300.jpg 207w\" sizes=\"auto, (max-width: 571px) 100vw, 571px\" \/><\/a>\n\t\t\t<\/div><\/figure><figure class='gallery-item'>\n\t\t\t<div class='gallery-icon portrait'>\n\t\t\t\t<a href='http:\/\/duvisuel.ch\/fotoscope\/wp-content\/uploads\/2022\/02\/pink-lemania_17-1.jpg'><img loading=\"lazy\" decoding=\"async\" width=\"571\" height=\"827\" src=\"http:\/\/duvisuel.ch\/fotoscope\/wp-content\/uploads\/2022\/02\/pink-lemania_17-1.jpg\" class=\"attachment-large size-large\" alt=\"\" srcset=\"http:\/\/duvisuel.ch\/fotoscope\/wp-content\/uploads\/2022\/02\/pink-lemania_17-1.jpg 571w, http:\/\/duvisuel.ch\/fotoscope\/wp-content\/uploads\/2022\/02\/pink-lemania_17-1-207x300.jpg 207w\" sizes=\"auto, (max-width: 571px) 100vw, 571px\" \/><\/a>\n\t\t\t<\/div><\/figure>\n\t\t<\/div>\n\n","protected":false},"excerpt":{"rendered":"<p>Le projet fotoscope # rassemble depuis 2020 # les cantons de Gen\u00e8ve de Vaud et du Valais # ainsi que les D\u00e9partements de l\u2019Ain et de la Haute-Savoie # avec pour objectif \u00e0 long terme # un recensement de vues transfrontali\u00e8res diff\u00e9renci\u00e9es # \u00e0 l\u2019\u00e9chelle de l\u2019espace l\u00e9manique # comme territoire liquide d\u2019investigation<\/p>\n","protected":false},"author":1,"featured_media":0,"parent":0,"menu_order":0,"comment_status":"closed","ping_status":"closed","template":"","meta":{"site-sidebar-layout":"default","site-content-layout":"default","ast-main-header-display":"","ast-hfb-above-header-display":"","ast-hfb-below-header-display":"","ast-hfb-mobile-header-display":"","site-post-title":"","ast-breadcrumbs-content":"","ast-featured-img":"","footer-sml-layout":"","theme-transparent-header-meta":"default","adv-header-id-meta":"","stick-header-meta":"","header-above-stick-meta":"","header-main-stick-meta":"","header-below-stick-meta":"","footnotes":""},"class_list":["post-1170","page","type-page","status-publish","hentry"],"_links":{"self":[{"href":"http:\/\/duvisuel.ch\/fotoscope\/wp-json\/wp\/v2\/pages\/1170","targetHints":{"allow":["GET"]}}],"collection":[{"href":"http:\/\/duvisuel.ch\/fotoscope\/wp-json\/wp\/v2\/pages"}],"about":[{"href":"http:\/\/duvisuel.ch\/fotoscope\/wp-json\/wp\/v2\/types\/page"}],"author":[{"embeddable":true,"href":"http:\/\/duvisuel.ch\/fotoscope\/wp-json\/wp\/v2\/users\/1"}],"replies":[{"embeddable":true,"href":"http:\/\/duvisuel.ch\/fotoscope\/wp-json\/wp\/v2\/comments?post=1170"}],"version-history":[{"count":6,"href":"http:\/\/duvisuel.ch\/fotoscope\/wp-json\/wp\/v2\/pages\/1170\/revisions"}],"predecessor-version":[{"id":1228,"href":"http:\/\/duvisuel.ch\/fotoscope\/wp-json\/wp\/v2\/pages\/1170\/revisions\/1228"}],"wp:attachment":[{"href":"http:\/\/duvisuel.ch\/fotoscope\/wp-json\/wp\/v2\/media?parent=1170"}],"curies":[{"name":"wp","href":"https:\/\/api.w.org\/{rel}","templated":true}]}}