{"id":1458,"date":"2022-02-14T19:30:13","date_gmt":"2022-02-14T18:30:13","guid":{"rendered":"http:\/\/duvisuel.ch\/fotoscope\/?page_id=1458"},"modified":"2022-06-06T21:35:56","modified_gmt":"2022-06-06T19:35:56","slug":"inventaire-design-selon-topographie","status":"publish","type":"page","link":"http:\/\/duvisuel.ch\/fotoscope\/inventaire-design-selon-topographie\/","title":{"rendered":"inventaire design (selon topographie)"},"content":{"rendered":"\t\t<div data-elementor-type=\"wp-page\" data-elementor-id=\"1458\" class=\"elementor elementor-1458\" data-elementor-settings=\"[]\">\n\t\t\t\t\t\t\t<div class=\"elementor-section-wrap\">\n\t\t\t\t\t\t\t<section class=\"elementor-section elementor-top-section elementor-element elementor-element-2c2590d elementor-section-boxed elementor-section-height-default elementor-section-height-default\" data-id=\"2c2590d\" data-element_type=\"section\">\n\t\t\t\t\t\t<div class=\"elementor-container elementor-column-gap-default\">\n\t\t\t\t\t<div class=\"elementor-column elementor-col-100 elementor-top-column elementor-element elementor-element-2f28a05\" data-id=\"2f28a05\" data-element_type=\"column\">\n\t\t\t<div class=\"elementor-widget-wrap elementor-element-populated\">\n\t\t\t\t\t\t\t\t<div class=\"elementor-element elementor-element-75559fd elementor-widget elementor-widget-text-editor\" data-id=\"75559fd\" data-element_type=\"widget\" data-widget_type=\"text-editor.default\">\n\t\t\t\t<div class=\"elementor-widget-container\">\n\t\t\t<style>\/*! elementor - v3.5.5 - 03-02-2022 *\/\n.elementor-widget-text-editor.elementor-drop-cap-view-stacked .elementor-drop-cap{background-color:#818a91;color:#fff}.elementor-widget-text-editor.elementor-drop-cap-view-framed .elementor-drop-cap{color:#818a91;border:3px solid;background-color:transparent}.elementor-widget-text-editor:not(.elementor-drop-cap-view-default) .elementor-drop-cap{margin-top:8px}.elementor-widget-text-editor:not(.elementor-drop-cap-view-default) .elementor-drop-cap-letter{width:1em;height:1em}.elementor-widget-text-editor .elementor-drop-cap{float:left;text-align:center;line-height:1;font-size:50px}.elementor-widget-text-editor .elementor-drop-cap-letter{display:inline-block}<\/style>\t\t\t\t<p>INVENTAIRE (design selon topographie)<br \/>Nomenclature empirique (d\u2019une r\u00e9gion ) &#8211; 72 \u00e9l\u00e9ments r\u00e9pertori\u00e9s ( 2018-2021) &#8211; extrait \u00e9chantillon (fresque compos\u00e9e de 48 \u00e9l\u00e9ments)<br \/>photographie, format adaptable selon lieu &#8211; haute r\u00e9solution<\/p><p style=\"padding-left: 40px;\"><strong>PICTOGRAMMES SEMI URBAINS<\/strong><br \/>(objets devenus embl\u00e8mes d&rsquo;un territoire)<\/p>\t\t\t\t\t\t<\/div>\n\t\t\t\t<\/div>\n\t\t\t\t\t<\/div>\n\t\t<\/div>\n\t\t\t\t\t\t\t<\/div>\n\t\t<\/section>\n\t\t\t\t<section class=\"elementor-section elementor-top-section elementor-element elementor-element-ba7c5c6 elementor-section-boxed elementor-section-height-default elementor-section-height-default\" data-id=\"ba7c5c6\" data-element_type=\"section\">\n\t\t\t\t\t\t<div class=\"elementor-container elementor-column-gap-default\">\n\t\t\t\t\t<div class=\"elementor-column elementor-col-25 elementor-top-column elementor-element elementor-element-6115cd8\" data-id=\"6115cd8\" data-element_type=\"column\">\n\t\t\t<div class=\"elementor-widget-wrap elementor-element-populated\">\n\t\t\t\t\t\t\t\t<div class=\"elementor-element elementor-element-37f2567 elementor-widget elementor-widget-image\" data-id=\"37f2567\" data-element_type=\"widget\" data-widget_type=\"image.default\">\n\t\t\t\t<div class=\"elementor-widget-container\">\n\t\t\t<style>\/*! elementor - v3.5.5 - 03-02-2022 *\/\n.elementor-widget-image{text-align:center}.elementor-widget-image a{display:inline-block}.elementor-widget-image a img[src$=\".svg\"]{width:48px}.elementor-widget-image img{vertical-align:middle;display:inline-block}<\/style>\t\t\t\t\t\t\t\t\t<figure class=\"wp-caption\">\n\t\t\t\t\t\t\t\t\t\t\t<a href=\"http:\/\/duvisuel.ch\/fotoscope\/wp-content\/uploads\/2022\/02\/taxonomie-86_resize.jpg\" data-elementor-open-lightbox=\"yes\" data-elementor-lightbox-title=\"taxonomie groupe_1\">\n\t\t\t\t\t\t\t<img loading=\"lazy\" decoding=\"async\" width=\"1000\" height=\"707\" src=\"http:\/\/duvisuel.ch\/fotoscope\/wp-content\/uploads\/2022\/02\/taxonomie-86_resize.jpg\" class=\"attachment-large size-large\" alt=\"\" srcset=\"http:\/\/duvisuel.ch\/fotoscope\/wp-content\/uploads\/2022\/02\/taxonomie-86_resize.jpg 1000w, http:\/\/duvisuel.ch\/fotoscope\/wp-content\/uploads\/2022\/02\/taxonomie-86_resize-300x212.jpg 300w, http:\/\/duvisuel.ch\/fotoscope\/wp-content\/uploads\/2022\/02\/taxonomie-86_resize-768x543.jpg 768w\" sizes=\"auto, (max-width: 1000px) 100vw, 1000px\" \/>\t\t\t\t\t\t\t\t<\/a>\n\t\t\t\t\t\t\t\t\t\t\t<figcaption class=\"widget-image-caption wp-caption-text\"><\/figcaption>\n\t\t\t\t\t\t\t\t\t\t<\/figure>\n\t\t\t\t\t\t\t\t\t<\/div>\n\t\t\t\t<\/div>\n\t\t\t\t\t<\/div>\n\t\t<\/div>\n\t\t\t\t<div class=\"elementor-column elementor-col-25 elementor-top-column elementor-element elementor-element-eb63df1\" data-id=\"eb63df1\" data-element_type=\"column\">\n\t\t\t<div class=\"elementor-widget-wrap elementor-element-populated\">\n\t\t\t\t\t\t\t\t<div class=\"elementor-element elementor-element-54a8237 elementor-widget elementor-widget-image\" data-id=\"54a8237\" data-element_type=\"widget\" data-widget_type=\"image.default\">\n\t\t\t\t<div class=\"elementor-widget-container\">\n\t\t\t\t\t\t\t\t\t\t\t\t\t\t\t\t<a href=\"http:\/\/duvisuel.ch\/fotoscope\/wp-content\/uploads\/2022\/02\/taxonomie-82-2_resize.jpg\" data-elementor-open-lightbox=\"yes\" data-elementor-lightbox-title=\"taxonomie groupe_2\">\n\t\t\t\t\t\t\t<img loading=\"lazy\" decoding=\"async\" width=\"768\" height=\"543\" src=\"http:\/\/duvisuel.ch\/fotoscope\/wp-content\/uploads\/2022\/02\/taxonomie-82-2_resize-768x543.jpg\" class=\"attachment-medium_large size-medium_large\" alt=\"\" srcset=\"http:\/\/duvisuel.ch\/fotoscope\/wp-content\/uploads\/2022\/02\/taxonomie-82-2_resize-768x543.jpg 768w, http:\/\/duvisuel.ch\/fotoscope\/wp-content\/uploads\/2022\/02\/taxonomie-82-2_resize-300x212.jpg 300w, http:\/\/duvisuel.ch\/fotoscope\/wp-content\/uploads\/2022\/02\/taxonomie-82-2_resize.jpg 1000w\" sizes=\"auto, (max-width: 768px) 100vw, 768px\" \/>\t\t\t\t\t\t\t\t<\/a>\n\t\t\t\t\t\t\t\t\t\t\t\t\t\t\t<\/div>\n\t\t\t\t<\/div>\n\t\t\t\t\t<\/div>\n\t\t<\/div>\n\t\t\t\t<div class=\"elementor-column elementor-col-25 elementor-top-column elementor-element elementor-element-4fd72bd\" data-id=\"4fd72bd\" data-element_type=\"column\">\n\t\t\t<div class=\"elementor-widget-wrap elementor-element-populated\">\n\t\t\t\t\t\t\t\t<div class=\"elementor-element elementor-element-d73572f elementor-widget elementor-widget-image\" data-id=\"d73572f\" data-element_type=\"widget\" data-widget_type=\"image.default\">\n\t\t\t\t<div class=\"elementor-widget-container\">\n\t\t\t\t\t\t\t\t\t\t\t\t\t\t\t\t<a href=\"http:\/\/duvisuel.ch\/fotoscope\/wp-content\/uploads\/2022\/02\/taxonomie-83-2_resize.jpg\" data-elementor-open-lightbox=\"yes\" data-elementor-lightbox-title=\"taxonomie groupe_3\">\n\t\t\t\t\t\t\t<img loading=\"lazy\" decoding=\"async\" width=\"1000\" height=\"707\" src=\"http:\/\/duvisuel.ch\/fotoscope\/wp-content\/uploads\/2022\/02\/taxonomie-83-2_resize.jpg\" class=\"attachment-large size-large\" alt=\"\" srcset=\"http:\/\/duvisuel.ch\/fotoscope\/wp-content\/uploads\/2022\/02\/taxonomie-83-2_resize.jpg 1000w, http:\/\/duvisuel.ch\/fotoscope\/wp-content\/uploads\/2022\/02\/taxonomie-83-2_resize-300x212.jpg 300w, http:\/\/duvisuel.ch\/fotoscope\/wp-content\/uploads\/2022\/02\/taxonomie-83-2_resize-768x543.jpg 768w\" sizes=\"auto, (max-width: 1000px) 100vw, 1000px\" \/>\t\t\t\t\t\t\t\t<\/a>\n\t\t\t\t\t\t\t\t\t\t\t\t\t\t\t<\/div>\n\t\t\t\t<\/div>\n\t\t\t\t\t<\/div>\n\t\t<\/div>\n\t\t\t\t<div class=\"elementor-column elementor-col-25 elementor-top-column elementor-element elementor-element-f865546\" data-id=\"f865546\" data-element_type=\"column\">\n\t\t\t<div class=\"elementor-widget-wrap elementor-element-populated\">\n\t\t\t\t\t\t\t\t<div class=\"elementor-element elementor-element-b54551e elementor-widget elementor-widget-image\" data-id=\"b54551e\" data-element_type=\"widget\" data-widget_type=\"image.default\">\n\t\t\t\t<div class=\"elementor-widget-container\">\n\t\t\t\t\t\t\t\t\t\t\t\t\t\t\t\t<a href=\"http:\/\/duvisuel.ch\/fotoscope\/wp-content\/uploads\/2022\/02\/taxonomie-8-2_resize.jpg\" data-elementor-open-lightbox=\"yes\" data-elementor-lightbox-title=\"taxonomie groupe_4\">\n\t\t\t\t\t\t\t<img loading=\"lazy\" decoding=\"async\" width=\"1000\" height=\"707\" src=\"http:\/\/duvisuel.ch\/fotoscope\/wp-content\/uploads\/2022\/02\/taxonomie-8-2_resize.jpg\" class=\"attachment-large size-large\" alt=\"\" srcset=\"http:\/\/duvisuel.ch\/fotoscope\/wp-content\/uploads\/2022\/02\/taxonomie-8-2_resize.jpg 1000w, http:\/\/duvisuel.ch\/fotoscope\/wp-content\/uploads\/2022\/02\/taxonomie-8-2_resize-300x212.jpg 300w, http:\/\/duvisuel.ch\/fotoscope\/wp-content\/uploads\/2022\/02\/taxonomie-8-2_resize-768x543.jpg 768w\" sizes=\"auto, (max-width: 1000px) 100vw, 1000px\" \/>\t\t\t\t\t\t\t\t<\/a>\n\t\t\t\t\t\t\t\t\t\t\t\t\t\t\t<\/div>\n\t\t\t\t<\/div>\n\t\t\t\t\t<\/div>\n\t\t<\/div>\n\t\t\t\t\t\t\t<\/div>\n\t\t<\/section>\n\t\t\t\t<section class=\"elementor-section elementor-top-section elementor-element elementor-element-fbdbdff elementor-section-boxed elementor-section-height-default elementor-section-height-default\" data-id=\"fbdbdff\" data-element_type=\"section\">\n\t\t\t\t\t\t<div class=\"elementor-container elementor-column-gap-default\">\n\t\t\t\t\t<div class=\"elementor-column elementor-col-50 elementor-top-column elementor-element elementor-element-4af2157\" data-id=\"4af2157\" data-element_type=\"column\">\n\t\t\t<div class=\"elementor-widget-wrap elementor-element-populated\">\n\t\t\t\t\t\t\t\t<div class=\"elementor-element elementor-element-c00a160 elementor-widget elementor-widget-text-editor\" data-id=\"c00a160\" data-element_type=\"widget\" data-widget_type=\"text-editor.default\">\n\t\t\t\t<div class=\"elementor-widget-container\">\n\t\t\t\t\t\t\t<p><b>DUY &#8211; FRESQUE INTERACTIVE<\/b><\/p>\n<p>1) Extrait un \u00e9l\u00e9ment outdoor qui te pla\u00eet puis colle le sur un fond homog\u00e8ne 2) proc\u00e8de autant de fois qu&rsquo;il te plairas pour exprimer le caract\u00e8re unique ( les symboles diversifi\u00e9s) de la r\u00e9gion au sein de laquelle tu \u00e9volues, jour apr\u00e8s jour 3) Tu peux \u00e9videmment associer les \u00e9l\u00e9ments entre eux ou les laisser en libre arbitre.<\/p>\t\t\t\t\t\t<\/div>\n\t\t\t\t<\/div>\n\t\t\t\t\t<\/div>\n\t\t<\/div>\n\t\t\t\t<div class=\"elementor-column elementor-col-50 elementor-top-column elementor-element elementor-element-40dba27\" data-id=\"40dba27\" data-element_type=\"column\">\n\t\t\t<div class=\"elementor-widget-wrap\">\n\t\t\t\t\t\t\t\t\t<\/div>\n\t\t<\/div>\n\t\t\t\t\t\t\t<\/div>\n\t\t<\/section>\n\t\t\t\t<section class=\"elementor-section elementor-top-section elementor-element elementor-element-46bdf72 elementor-section-boxed elementor-section-height-default elementor-section-height-default\" data-id=\"46bdf72\" data-element_type=\"section\">\n\t\t\t\t\t\t<div class=\"elementor-container elementor-column-gap-default\">\n\t\t\t\t\t<div class=\"elementor-column elementor-col-50 elementor-top-column elementor-element elementor-element-79bc6c8\" data-id=\"79bc6c8\" data-element_type=\"column\">\n\t\t\t<div class=\"elementor-widget-wrap elementor-element-populated\">\n\t\t\t\t\t\t\t\t<div class=\"elementor-element elementor-element-ada3903 elementor-widget elementor-widget-image\" data-id=\"ada3903\" data-element_type=\"widget\" data-widget_type=\"image.default\">\n\t\t\t\t<div class=\"elementor-widget-container\">\n\t\t\t\t\t\t\t\t\t\t\t\t<figure class=\"wp-caption\">\n\t\t\t\t\t\t\t\t\t\t\t<a href=\"http:\/\/duvisuel.ch\/fotoscope\/wp-content\/uploads\/2022\/02\/IMAGE2-copie.jpg\" data-elementor-open-lightbox=\"yes\" data-elementor-lightbox-title=\"IMAGE2 copie\">\n\t\t\t\t\t\t\t<img loading=\"lazy\" decoding=\"async\" width=\"1000\" height=\"750\" src=\"http:\/\/duvisuel.ch\/fotoscope\/wp-content\/uploads\/2022\/02\/IMAGE2-copie.jpg\" class=\"attachment-large size-large\" alt=\"\" srcset=\"http:\/\/duvisuel.ch\/fotoscope\/wp-content\/uploads\/2022\/02\/IMAGE2-copie.jpg 1000w, http:\/\/duvisuel.ch\/fotoscope\/wp-content\/uploads\/2022\/02\/IMAGE2-copie-300x225.jpg 300w, http:\/\/duvisuel.ch\/fotoscope\/wp-content\/uploads\/2022\/02\/IMAGE2-copie-768x576.jpg 768w\" sizes=\"auto, (max-width: 1000px) 100vw, 1000px\" \/>\t\t\t\t\t\t\t\t<\/a>\n\t\t\t\t\t\t\t\t\t\t\t<figcaption class=\"widget-image-caption wp-caption-text\">Projection Mirage\n(tirages format F4: 895 x 1280 mm)<\/figcaption>\n\t\t\t\t\t\t\t\t\t\t<\/figure>\n\t\t\t\t\t\t\t\t\t<\/div>\n\t\t\t\t<\/div>\n\t\t\t\t\t<\/div>\n\t\t<\/div>\n\t\t\t\t<div class=\"elementor-column elementor-col-50 elementor-top-column elementor-element elementor-element-a51f098\" data-id=\"a51f098\" data-element_type=\"column\">\n\t\t\t<div class=\"elementor-widget-wrap elementor-element-populated\">\n\t\t\t\t\t\t\t\t<div class=\"elementor-element elementor-element-66860d6 elementor-widget elementor-widget-image\" data-id=\"66860d6\" data-element_type=\"widget\" data-widget_type=\"image.default\">\n\t\t\t\t<div class=\"elementor-widget-container\">\n\t\t\t\t\t\t\t\t\t\t\t\t<figure class=\"wp-caption\">\n\t\t\t\t\t\t\t\t\t\t\t<a href=\"http:\/\/duvisuel.ch\/fotoscope\/wp-content\/uploads\/2022\/02\/20210922-VEVEY-7-EXPO-GARE-CFF-ESPACE-IMAGES-VEVEY-L-ILLUSTRE\u0301-1-\u00a9-Jacques-Revon23-copie-copie_resize.jpg\" data-elementor-open-lightbox=\"yes\" data-elementor-lightbox-title=\"OLYMPUS DIGITAL CAMERA\">\n\t\t\t\t\t\t\t<img loading=\"lazy\" decoding=\"async\" width=\"1000\" height=\"750\" src=\"http:\/\/duvisuel.ch\/fotoscope\/wp-content\/uploads\/2022\/02\/20210922-VEVEY-7-EXPO-GARE-CFF-ESPACE-IMAGES-VEVEY-L-ILLUSTRE\u0301-1-\u00a9-Jacques-Revon23-copie-copie_resize.jpg\" class=\"attachment-large size-large\" alt=\"\" srcset=\"http:\/\/duvisuel.ch\/fotoscope\/wp-content\/uploads\/2022\/02\/20210922-VEVEY-7-EXPO-GARE-CFF-ESPACE-IMAGES-VEVEY-L-ILLUSTRE\u0301-1-\u00a9-Jacques-Revon23-copie-copie_resize.jpg 1000w, http:\/\/duvisuel.ch\/fotoscope\/wp-content\/uploads\/2022\/02\/20210922-VEVEY-7-EXPO-GARE-CFF-ESPACE-IMAGES-VEVEY-L-ILLUSTRE\u0301-1-\u00a9-Jacques-Revon23-copie-copie_resize-300x225.jpg 300w, http:\/\/duvisuel.ch\/fotoscope\/wp-content\/uploads\/2022\/02\/20210922-VEVEY-7-EXPO-GARE-CFF-ESPACE-IMAGES-VEVEY-L-ILLUSTRE\u0301-1-\u00a9-Jacques-Revon23-copie-copie_resize-768x576.jpg 768w\" sizes=\"auto, (max-width: 1000px) 100vw, 1000px\" \/>\t\t\t\t\t\t\t\t<\/a>\n\t\t\t\t\t\t\t\t\t\t\t<figcaption class=\"widget-image-caption wp-caption-text\">projection mirage-espace clos_vevey<\/figcaption>\n\t\t\t\t\t\t\t\t\t\t<\/figure>\n\t\t\t\t\t\t\t\t\t<\/div>\n\t\t\t\t<\/div>\n\t\t\t\t\t<\/div>\n\t\t<\/div>\n\t\t\t\t\t\t\t<\/div>\n\t\t<\/section>\n\t\t\t\t<section class=\"elementor-section elementor-top-section elementor-element elementor-element-6757846 elementor-section-boxed elementor-section-height-default elementor-section-height-default\" data-id=\"6757846\" data-element_type=\"section\">\n\t\t\t\t\t\t<div class=\"elementor-container elementor-column-gap-default\">\n\t\t\t\t\t<div class=\"elementor-column elementor-col-100 elementor-top-column elementor-element elementor-element-6396b9b\" data-id=\"6396b9b\" data-element_type=\"column\">\n\t\t\t<div class=\"elementor-widget-wrap\">\n\t\t\t\t\t\t\t\t\t<\/div>\n\t\t<\/div>\n\t\t\t\t\t\t\t<\/div>\n\t\t<\/section>\n\t\t\t\t<section class=\"elementor-section elementor-top-section elementor-element elementor-element-99ad082 elementor-section-boxed elementor-section-height-default elementor-section-height-default\" data-id=\"99ad082\" data-element_type=\"section\">\n\t\t\t\t\t\t<div class=\"elementor-container elementor-column-gap-default\">\n\t\t\t\t\t<div class=\"elementor-column elementor-col-100 elementor-top-column elementor-element elementor-element-a930b9e\" data-id=\"a930b9e\" data-element_type=\"column\">\n\t\t\t<div class=\"elementor-widget-wrap elementor-element-populated\">\n\t\t\t\t\t\t\t\t<div class=\"elementor-element elementor-element-c8d9616 elementor-widget elementor-widget-text-editor\" data-id=\"c8d9616\" data-element_type=\"widget\" data-widget_type=\"text-editor.default\">\n\t\t\t\t<div class=\"elementor-widget-container\">\n\t\t\t\t\t\t\t<p>I<b>NVENTAIRE (DECAY) <\/b><\/p><p>TOTEMS (d\u2019apr\u00e8s assemblage inventaire design)<\/p><p>Le concept de design et decay (cosmologie)\u00a0 est inspir\u00e9 par une conf\u00e9rence donn\u00e9 par\u00a0 Michael Jakob (nature d&rsquo;apr\u00e8s d\u00e9luge)<\/p><p><b>TOTEMS <\/b>(II &#8211; VII) \u00e9quilibres pr\u00e9caires (en sursis) -version sur fond couleur<br \/>Assemblage d\u2019\u00e9l\u00e9ments h\u00e9t\u00e9roclites (d\u2019apr\u00e8s inventaire extraction design)<br \/>issus d\u2019un site sp\u00e9cifique &#8211; ( riviera vaudoise)<br \/>Haute r\u00e9solution &#8211; format et support adapatable selon lieu d\u2019exposition<\/p>\t\t\t\t\t\t<\/div>\n\t\t\t\t<\/div>\n\t\t\t\t<div class=\"elementor-element elementor-element-528879b elementor-widget elementor-widget-image\" data-id=\"528879b\" data-element_type=\"widget\" data-widget_type=\"image.default\">\n\t\t\t\t<div class=\"elementor-widget-container\">\n\t\t\t\t\t\t\t\t\t\t\t\t<figure class=\"wp-caption\">\n\t\t\t\t\t\t\t\t\t\t\t<a href=\"http:\/\/duvisuel.ch\/fotoscope\/wp-content\/uploads\/2022\/02\/Dossier-2t_Page_16-copie.jpg\" data-elementor-open-lightbox=\"yes\" data-elementor-lightbox-title=\"Dossier 2t_Page_16 copie\">\n\t\t\t\t\t\t\t<img loading=\"lazy\" decoding=\"async\" width=\"904\" height=\"607\" src=\"http:\/\/duvisuel.ch\/fotoscope\/wp-content\/uploads\/2022\/02\/Dossier-2t_Page_16-copie.jpg\" class=\"attachment-2048x2048 size-2048x2048\" alt=\"\" srcset=\"http:\/\/duvisuel.ch\/fotoscope\/wp-content\/uploads\/2022\/02\/Dossier-2t_Page_16-copie.jpg 904w, http:\/\/duvisuel.ch\/fotoscope\/wp-content\/uploads\/2022\/02\/Dossier-2t_Page_16-copie-300x201.jpg 300w, http:\/\/duvisuel.ch\/fotoscope\/wp-content\/uploads\/2022\/02\/Dossier-2t_Page_16-copie-768x516.jpg 768w\" sizes=\"auto, (max-width: 904px) 100vw, 904px\" \/>\t\t\t\t\t\t\t\t<\/a>\n\t\t\t\t\t\t\t\t\t\t\t<figcaption class=\"widget-image-caption wp-caption-text\">TOTEMS \nAssemblage h\u00e9t\u00e9roclite d'\u00e9l\u00e9ments autochtones (captur\u00e9s au hasard)<\/figcaption>\n\t\t\t\t\t\t\t\t\t\t<\/figure>\n\t\t\t\t\t\t\t\t\t<\/div>\n\t\t\t\t<\/div>\n\t\t\t\t\t<\/div>\n\t\t<\/div>\n\t\t\t\t\t\t\t<\/div>\n\t\t<\/section>\n\t\t\t\t<section class=\"elementor-section elementor-top-section elementor-element elementor-element-08e8a30 elementor-section-boxed elementor-section-height-default elementor-section-height-default\" data-id=\"08e8a30\" data-element_type=\"section\">\n\t\t\t\t\t\t<div class=\"elementor-container elementor-column-gap-default\">\n\t\t\t\t\t<div class=\"elementor-column elementor-col-50 elementor-top-column elementor-element elementor-element-580efcb\" data-id=\"580efcb\" data-element_type=\"column\">\n\t\t\t<div class=\"elementor-widget-wrap\">\n\t\t\t\t\t\t\t\t\t<\/div>\n\t\t<\/div>\n\t\t\t\t<div class=\"elementor-column elementor-col-50 elementor-top-column elementor-element elementor-element-cb41580\" data-id=\"cb41580\" data-element_type=\"column\">\n\t\t\t<div class=\"elementor-widget-wrap\">\n\t\t\t\t\t\t\t\t\t<\/div>\n\t\t<\/div>\n\t\t\t\t\t\t\t<\/div>\n\t\t<\/section>\n\t\t\t\t<section class=\"elementor-section elementor-top-section elementor-element elementor-element-7b7dc12 elementor-section-boxed elementor-section-height-default elementor-section-height-default\" data-id=\"7b7dc12\" data-element_type=\"section\">\n\t\t\t\t\t\t<div class=\"elementor-container elementor-column-gap-default\">\n\t\t\t\t\t<div class=\"elementor-column elementor-col-50 elementor-top-column elementor-element elementor-element-c41a40d\" data-id=\"c41a40d\" data-element_type=\"column\">\n\t\t\t<div class=\"elementor-widget-wrap\">\n\t\t\t\t\t\t\t\t\t<\/div>\n\t\t<\/div>\n\t\t\t\t<div class=\"elementor-column elementor-col-50 elementor-top-column elementor-element elementor-element-de66b5b\" data-id=\"de66b5b\" data-element_type=\"column\">\n\t\t\t<div class=\"elementor-widget-wrap elementor-element-populated\">\n\t\t\t\t\t\t\t\t<div class=\"elementor-element elementor-element-b99fa91 elementor-widget elementor-widget-image\" data-id=\"b99fa91\" data-element_type=\"widget\" data-widget_type=\"image.default\">\n\t\t\t\t<div class=\"elementor-widget-container\">\n\t\t\t\t\t\t\t\t\t\t\t\t<figure class=\"wp-caption\">\n\t\t\t\t\t\t\t\t\t\t\t<a href=\"http:\/\/duvisuel.ch\/fotoscope\/wp-content\/uploads\/2022\/02\/vevey-images-112-copie_resize.jpg\" data-elementor-open-lightbox=\"yes\" data-elementor-lightbox-title=\"vevey images 112 copie_resize\" data-elementor-lightbox-description=\"MIRAGE PROJECTION\nune image \u00e0 Vevey \nVille d&#039;images)\nTOTEM P\u00e9gase \n\">\n\t\t\t\t\t\t\t<img loading=\"lazy\" decoding=\"async\" width=\"1000\" height=\"750\" src=\"http:\/\/duvisuel.ch\/fotoscope\/wp-content\/uploads\/2022\/02\/vevey-images-112-copie_resize.jpg\" class=\"attachment-large size-large\" alt=\"\" srcset=\"http:\/\/duvisuel.ch\/fotoscope\/wp-content\/uploads\/2022\/02\/vevey-images-112-copie_resize.jpg 1000w, http:\/\/duvisuel.ch\/fotoscope\/wp-content\/uploads\/2022\/02\/vevey-images-112-copie_resize-300x225.jpg 300w, http:\/\/duvisuel.ch\/fotoscope\/wp-content\/uploads\/2022\/02\/vevey-images-112-copie_resize-768x576.jpg 768w\" sizes=\"auto, (max-width: 1000px) 100vw, 1000px\" \/>\t\t\t\t\t\t\t\t<\/a>\n\t\t\t\t\t\t\t\t\t\t\t<figcaption class=\"widget-image-caption wp-caption-text\">MIRAGE PROJECTION\nune image surgit  \u00e0 Vevey (ville d'images)\nP\u00e9gase, de la s\u00e9rie TOTEMS<\/figcaption>\n\t\t\t\t\t\t\t\t\t\t<\/figure>\n\t\t\t\t\t\t\t\t\t<\/div>\n\t\t\t\t<\/div>\n\t\t\t\t\t<\/div>\n\t\t<\/div>\n\t\t\t\t\t\t\t<\/div>\n\t\t<\/section>\n\t\t\t\t\t\t<\/div>\n\t\t\t\t\t<\/div>\n\t\t","protected":false},"excerpt":{"rendered":"<p>INVENTAIRE (design selon topographie)Nomenclature empirique (d\u2019une r\u00e9gion ) &#8211; 72 \u00e9l\u00e9ments r\u00e9pertori\u00e9s ( 2018-2021) &#8211; extrait \u00e9chantillon (fresque compos\u00e9e de 48 \u00e9l\u00e9ments)photographie, format adaptable selon lieu &#8211; haute r\u00e9solution PICTOGRAMMES SEMI URBAINS(objets devenus embl\u00e8mes d&rsquo;un territoire) DUY &#8211; FRESQUE INTERACTIVE 1) Extrait un \u00e9l\u00e9ment outdoor qui te pla\u00eet puis colle le sur un fond homog\u00e8ne &hellip;<\/p>\n<p class=\"read-more\"> <a class=\"\" href=\"http:\/\/duvisuel.ch\/fotoscope\/inventaire-design-selon-topographie\/\"> <span class=\"screen-reader-text\">inventaire design (selon topographie)<\/span> Lire la suite\u00a0\u00bb<\/a><\/p>\n","protected":false},"author":1,"featured_media":0,"parent":0,"menu_order":0,"comment_status":"closed","ping_status":"closed","template":"","meta":{"site-sidebar-layout":"default","site-content-layout":"default","ast-main-header-display":"","ast-hfb-above-header-display":"","ast-hfb-below-header-display":"","ast-hfb-mobile-header-display":"","site-post-title":"","ast-breadcrumbs-content":"","ast-featured-img":"","footer-sml-layout":"","theme-transparent-header-meta":"","adv-header-id-meta":"","stick-header-meta":"","header-above-stick-meta":"","header-main-stick-meta":"","header-below-stick-meta":"","footnotes":""},"class_list":["post-1458","page","type-page","status-publish","hentry"],"_links":{"self":[{"href":"http:\/\/duvisuel.ch\/fotoscope\/wp-json\/wp\/v2\/pages\/1458","targetHints":{"allow":["GET"]}}],"collection":[{"href":"http:\/\/duvisuel.ch\/fotoscope\/wp-json\/wp\/v2\/pages"}],"about":[{"href":"http:\/\/duvisuel.ch\/fotoscope\/wp-json\/wp\/v2\/types\/page"}],"author":[{"embeddable":true,"href":"http:\/\/duvisuel.ch\/fotoscope\/wp-json\/wp\/v2\/users\/1"}],"replies":[{"embeddable":true,"href":"http:\/\/duvisuel.ch\/fotoscope\/wp-json\/wp\/v2\/comments?post=1458"}],"version-history":[{"count":70,"href":"http:\/\/duvisuel.ch\/fotoscope\/wp-json\/wp\/v2\/pages\/1458\/revisions"}],"predecessor-version":[{"id":2736,"href":"http:\/\/duvisuel.ch\/fotoscope\/wp-json\/wp\/v2\/pages\/1458\/revisions\/2736"}],"wp:attachment":[{"href":"http:\/\/duvisuel.ch\/fotoscope\/wp-json\/wp\/v2\/media?parent=1458"}],"curies":[{"name":"wp","href":"https:\/\/api.w.org\/{rel}","templated":true}]}}