{"id":2452,"date":"2022-04-26T12:41:37","date_gmt":"2022-04-26T10:41:37","guid":{"rendered":"http:\/\/duvisuel.ch\/fotoscope\/?page_id=2452"},"modified":"2025-09-12T21:17:05","modified_gmt":"2025-09-12T19:17:05","slug":"acceuil-3","status":"publish","type":"page","link":"http:\/\/duvisuel.ch\/fotoscope\/","title":{"rendered":"Acceuil"},"content":{"rendered":"\t\t<div data-elementor-type=\"wp-page\" data-elementor-id=\"2452\" class=\"elementor elementor-2452\" data-elementor-settings=\"[]\">\n\t\t\t\t\t\t\t<div class=\"elementor-section-wrap\">\n\t\t\t\t\t\t\t<section class=\"elementor-section elementor-top-section elementor-element elementor-element-52e5334 elementor-section-boxed elementor-section-height-default elementor-section-height-default\" data-id=\"52e5334\" data-element_type=\"section\">\n\t\t\t\t\t\t<div class=\"elementor-container elementor-column-gap-narrow\">\n\t\t\t\t\t<div class=\"elementor-column elementor-col-100 elementor-top-column elementor-element elementor-element-9092404\" data-id=\"9092404\" data-element_type=\"column\">\n\t\t\t<div class=\"elementor-widget-wrap elementor-element-populated\">\n\t\t\t\t\t\t\t\t<div class=\"elementor-element elementor-element-47b5f67 e-transform elementor-arrows-position-inside elementor-pagination-position-outside elementor-widget elementor-widget-image-carousel\" data-id=\"47b5f67\" data-element_type=\"widget\" data-settings=\"{&quot;slides_to_show&quot;:&quot;1&quot;,&quot;_transform_translateX_effect&quot;:{&quot;unit&quot;:&quot;px&quot;,&quot;size&quot;:1,&quot;sizes&quot;:[]},&quot;_transform_translateY_effect&quot;:{&quot;unit&quot;:&quot;px&quot;,&quot;size&quot;:140,&quot;sizes&quot;:[]},&quot;autoplay_speed&quot;:3000,&quot;speed&quot;:27,&quot;effect&quot;:&quot;fade&quot;,&quot;navigation&quot;:&quot;both&quot;,&quot;autoplay&quot;:&quot;yes&quot;,&quot;pause_on_hover&quot;:&quot;yes&quot;,&quot;pause_on_interaction&quot;:&quot;yes&quot;,&quot;infinite&quot;:&quot;yes&quot;,&quot;_transform_translateX_effect_tablet&quot;:{&quot;unit&quot;:&quot;px&quot;,&quot;size&quot;:&quot;&quot;,&quot;sizes&quot;:[]},&quot;_transform_translateX_effect_mobile&quot;:{&quot;unit&quot;:&quot;px&quot;,&quot;size&quot;:&quot;&quot;,&quot;sizes&quot;:[]},&quot;_transform_translateY_effect_tablet&quot;:{&quot;unit&quot;:&quot;px&quot;,&quot;size&quot;:&quot;&quot;,&quot;sizes&quot;:[]},&quot;_transform_translateY_effect_mobile&quot;:{&quot;unit&quot;:&quot;px&quot;,&quot;size&quot;:&quot;&quot;,&quot;sizes&quot;:[]}}\" data-widget_type=\"image-carousel.default\">\n\t\t\t\t<div class=\"elementor-widget-container\">\n\t\t\t<style>\/*! elementor - v3.5.5 - 03-02-2022 *\/\n.elementor-widget-image-carousel .swiper-container{position:static}.elementor-widget-image-carousel .swiper-container .swiper-slide figure{line-height:inherit}.elementor-widget-image-carousel .swiper-slide{text-align:center}.elementor-image-carousel-wrapper:not(.swiper-container-initialized) .swiper-slide{max-width:calc(100% \/ var(--e-image-carousel-slides-to-show, 3))}<\/style>\t\t<div class=\"elementor-image-carousel-wrapper swiper-container\" dir=\"ltr\">\n\t\t\t<div class=\"elementor-image-carousel swiper-wrapper\">\n\t\t\t\t\t\t\t\t<div class=\"swiper-slide\"><a data-elementor-open-lightbox=\"yes\" data-elementor-lightbox-slideshow=\"47b5f67\" data-elementor-lightbox-title=\"La Pythie - 2024\" href=\"http:\/\/duvisuel.ch\/fotoscope\/wp-content\/uploads\/2024\/10\/AFFICHE-OK-PLAGE-copie.jpg\"><figure class=\"swiper-slide-inner\"><img decoding=\"async\" class=\"swiper-slide-image\" src=\"http:\/\/duvisuel.ch\/fotoscope\/wp-content\/uploads\/2024\/10\/AFFICHE-OK-PLAGE-copie-768x576.jpg\" alt=\"La Pythie\" \/><figcaption class=\"elementor-image-carousel-caption\">La Pythie<\/figcaption><\/figure><\/a><\/div><div class=\"swiper-slide\"><a data-elementor-open-lightbox=\"yes\" data-elementor-lightbox-slideshow=\"47b5f67\" data-elementor-lightbox-title=\"Radeau triangle 2020\" href=\"http:\/\/duvisuel.ch\/fotoscope\/wp-content\/uploads\/2022\/03\/m-1jpg-copie.jpg\"><figure class=\"swiper-slide-inner\"><img decoding=\"async\" class=\"swiper-slide-image\" src=\"http:\/\/duvisuel.ch\/fotoscope\/wp-content\/uploads\/2022\/03\/m-1jpg-copie-768x514.jpg\" alt=\"radeau triangle\" \/><figcaption class=\"elementor-image-carousel-caption\">radeau triangle<\/figcaption><\/figure><\/a><\/div><div class=\"swiper-slide\"><a data-elementor-open-lightbox=\"yes\" data-elementor-lightbox-slideshow=\"47b5f67\" data-elementor-lightbox-title=\"SUNSET\" href=\"http:\/\/duvisuel.ch\/fotoscope\/wp-content\/uploads\/2022\/02\/SUNSET_resize.jpg\"><figure class=\"swiper-slide-inner\"><img decoding=\"async\" class=\"swiper-slide-image\" src=\"http:\/\/duvisuel.ch\/fotoscope\/wp-content\/uploads\/2022\/02\/SUNSET_resize-768x512.jpg\" alt=\"space lake projection-\ndispositif virtuellement emprunt\u00e9_VEVEY\" \/><figcaption class=\"elementor-image-carousel-caption\">space lake projection-\ndispositif virtuellement emprunt\u00e9_VEVEY<\/figcaption><\/figure><\/a><\/div><div class=\"swiper-slide\"><a data-elementor-open-lightbox=\"yes\" data-elementor-lightbox-slideshow=\"47b5f67\" data-elementor-lightbox-title=\"dispositif invers\u00e9e\" href=\"http:\/\/duvisuel.ch\/fotoscope\/wp-content\/uploads\/2022\/03\/dispositif_1jpg-copie.jpg\"><figure class=\"swiper-slide-inner\"><img decoding=\"async\" class=\"swiper-slide-image\" src=\"http:\/\/duvisuel.ch\/fotoscope\/wp-content\/uploads\/2022\/03\/dispositif_1jpg-copie-768x514.jpg\" alt=\"perspective 2020\" \/><figcaption class=\"elementor-image-carousel-caption\">perspective 2020<\/figcaption><\/figure><\/a><\/div><div class=\"swiper-slide\"><a data-elementor-open-lightbox=\"yes\" data-elementor-lightbox-slideshow=\"47b5f67\" data-elementor-lightbox-title=\"P\u00e9gase- totem- 2020\" href=\"http:\/\/duvisuel.ch\/fotoscope\/wp-content\/uploads\/2022\/02\/hybrid-163-W_resize.jpg\"><figure class=\"swiper-slide-inner\"><img decoding=\"async\" class=\"swiper-slide-image\" src=\"http:\/\/duvisuel.ch\/fotoscope\/wp-content\/uploads\/2022\/02\/hybrid-163-W_resize-768x768.jpg\" alt=\"P\u00e9gase TOTEM\" \/><figcaption class=\"elementor-image-carousel-caption\">P\u00e9gase TOTEM<\/figcaption><\/figure><\/a><\/div><div class=\"swiper-slide\"><a data-elementor-open-lightbox=\"yes\" data-elementor-lightbox-slideshow=\"47b5f67\" data-elementor-lightbox-title=\"PHOTO AYACHE RIMA\" href=\"http:\/\/duvisuel.ch\/fotoscope\/wp-content\/uploads\/2025\/09\/PHOTO-AYACHE-RIMA.jpg\"><figure class=\"swiper-slide-inner\"><img decoding=\"async\" class=\"swiper-slide-image\" src=\"http:\/\/duvisuel.ch\/fotoscope\/wp-content\/uploads\/2025\/09\/PHOTO-AYACHE-RIMA-768x543.jpg\" alt=\"rima ayache_projet doublecity 2025\" \/><figcaption class=\"elementor-image-carousel-caption\">rima ayache_projet doublecity 2025<\/figcaption><\/figure><\/a><\/div>\t\t\t<\/div>\n\t\t\t\t\t\t\t\t\t\t\t\t<div class=\"swiper-pagination\"><\/div>\n\t\t\t\t\t\t\t\t\t\t\t\t\t<div class=\"elementor-swiper-button elementor-swiper-button-prev\">\n\t\t\t\t\t\t<i aria-hidden=\"true\" class=\"eicon-chevron-left\"><\/i>\t\t\t\t\t\t<span class=\"elementor-screen-only\">Pr\u00e9c\u00e9dent<\/span>\n\t\t\t\t\t<\/div>\n\t\t\t\t\t<div class=\"elementor-swiper-button elementor-swiper-button-next\">\n\t\t\t\t\t\t<i aria-hidden=\"true\" class=\"eicon-chevron-right\"><\/i>\t\t\t\t\t\t<span class=\"elementor-screen-only\">Suivant<\/span>\n\t\t\t\t\t<\/div>\n\t\t\t\t\t\t\t\t\t<\/div>\n\t\t\t\t<\/div>\n\t\t\t\t<\/div>\n\t\t\t\t\t<\/div>\n\t\t<\/div>\n\t\t\t\t\t\t\t<\/div>\n\t\t<\/section>\n\t\t\t\t\t\t<\/div>\n\t\t\t\t\t<\/div>\n\t\t","protected":false},"excerpt":{"rendered":"<p>La Pythie radeau triangle space lake projection- dispositif virtuellement emprunt\u00e9_VEVEY perspective 2020 P\u00e9gase TOTEM rima ayache_projet doublecity 2025 Pr\u00e9c\u00e9dent Suivant<\/p>\n","protected":false},"author":1,"featured_media":0,"parent":0,"menu_order":0,"comment_status":"closed","ping_status":"closed","template":"","meta":{"site-sidebar-layout":"no-sidebar","site-content-layout":"page-builder","ast-main-header-display":"","ast-hfb-above-header-display":"","ast-hfb-below-header-display":"","ast-hfb-mobile-header-display":"","site-post-title":"disabled","ast-breadcrumbs-content":"","ast-featured-img":"disabled","footer-sml-layout":"","theme-transparent-header-meta":"","adv-header-id-meta":"","stick-header-meta":"","header-above-stick-meta":"","header-main-stick-meta":"","header-below-stick-meta":"","footnotes":""},"class_list":["post-2452","page","type-page","status-publish","hentry"],"_links":{"self":[{"href":"http:\/\/duvisuel.ch\/fotoscope\/wp-json\/wp\/v2\/pages\/2452","targetHints":{"allow":["GET"]}}],"collection":[{"href":"http:\/\/duvisuel.ch\/fotoscope\/wp-json\/wp\/v2\/pages"}],"about":[{"href":"http:\/\/duvisuel.ch\/fotoscope\/wp-json\/wp\/v2\/types\/page"}],"author":[{"embeddable":true,"href":"http:\/\/duvisuel.ch\/fotoscope\/wp-json\/wp\/v2\/users\/1"}],"replies":[{"embeddable":true,"href":"http:\/\/duvisuel.ch\/fotoscope\/wp-json\/wp\/v2\/comments?post=2452"}],"version-history":[{"count":214,"href":"http:\/\/duvisuel.ch\/fotoscope\/wp-json\/wp\/v2\/pages\/2452\/revisions"}],"predecessor-version":[{"id":4793,"href":"http:\/\/duvisuel.ch\/fotoscope\/wp-json\/wp\/v2\/pages\/2452\/revisions\/4793"}],"wp:attachment":[{"href":"http:\/\/duvisuel.ch\/fotoscope\/wp-json\/wp\/v2\/media?parent=2452"}],"curies":[{"name":"wp","href":"https:\/\/api.w.org\/{rel}","templated":true}]}}