{"id":2674,"date":"2022-05-26T21:14:18","date_gmt":"2022-05-26T19:14:18","guid":{"rendered":"http:\/\/duvisuel.ch\/fotoscope\/?page_id=2674"},"modified":"2024-02-15T20:33:34","modified_gmt":"2024-02-15T19:33:34","slug":"river-ii","status":"publish","type":"page","link":"http:\/\/duvisuel.ch\/fotoscope\/river-ii\/","title":{"rendered":"river II"},"content":{"rendered":"\t\t<div data-elementor-type=\"wp-page\" data-elementor-id=\"2674\" class=\"elementor elementor-2674\" data-elementor-settings=\"[]\">\n\t\t\t\t\t\t\t<div class=\"elementor-section-wrap\">\n\t\t\t\t\t\t\t<section class=\"elementor-section elementor-top-section elementor-element elementor-element-9494f1c elementor-section-boxed elementor-section-height-default elementor-section-height-default\" data-id=\"9494f1c\" data-element_type=\"section\">\n\t\t\t\t\t\t<div class=\"elementor-container elementor-column-gap-default\">\n\t\t\t\t\t<div class=\"elementor-column elementor-col-100 elementor-top-column elementor-element elementor-element-9ae4913\" data-id=\"9ae4913\" data-element_type=\"column\">\n\t\t\t<div class=\"elementor-widget-wrap\">\n\t\t\t\t\t\t\t\t\t<\/div>\n\t\t<\/div>\n\t\t\t\t\t\t\t<\/div>\n\t\t<\/section>\n\t\t\t\t<section class=\"elementor-section elementor-top-section elementor-element elementor-element-4fef4be elementor-section-boxed elementor-section-height-default elementor-section-height-default\" data-id=\"4fef4be\" data-element_type=\"section\">\n\t\t\t\t\t\t<div class=\"elementor-container elementor-column-gap-default\">\n\t\t\t\t\t<div class=\"elementor-column elementor-col-100 elementor-top-column elementor-element elementor-element-107340c\" data-id=\"107340c\" data-element_type=\"column\">\n\t\t\t<div class=\"elementor-widget-wrap elementor-element-populated\">\n\t\t\t\t\t\t\t\t<div class=\"elementor-element elementor-element-8752491 elementor-widget elementor-widget-text-editor\" data-id=\"8752491\" data-element_type=\"widget\" data-widget_type=\"text-editor.default\">\n\t\t\t\t<div class=\"elementor-widget-container\">\n\t\t\t<style>\/*! elementor - v3.5.5 - 03-02-2022 *\/\n.elementor-widget-text-editor.elementor-drop-cap-view-stacked .elementor-drop-cap{background-color:#818a91;color:#fff}.elementor-widget-text-editor.elementor-drop-cap-view-framed .elementor-drop-cap{color:#818a91;border:3px solid;background-color:transparent}.elementor-widget-text-editor:not(.elementor-drop-cap-view-default) .elementor-drop-cap{margin-top:8px}.elementor-widget-text-editor:not(.elementor-drop-cap-view-default) .elementor-drop-cap-letter{width:1em;height:1em}.elementor-widget-text-editor .elementor-drop-cap{float:left;text-align:center;line-height:1;font-size:50px}.elementor-widget-text-editor .elementor-drop-cap-letter{display:inline-block}<\/style>\t\t\t\t\t\t\t\t\t\t<\/div>\n\t\t\t\t<\/div>\n\t\t\t\t<div class=\"elementor-element elementor-element-4070df8 gallery-spacing-custom elementor-widget elementor-widget-image-gallery\" data-id=\"4070df8\" data-element_type=\"widget\" data-widget_type=\"image-gallery.default\">\n\t\t\t\t<div class=\"elementor-widget-container\">\n\t\t\t<style>\/*! elementor - v3.5.5 - 03-02-2022 *\/\n.elementor-image-gallery .gallery-item{display:inline-block;text-align:center;vertical-align:top;width:100%;max-width:100%;margin:0 auto}.elementor-image-gallery .gallery-item img{margin:0 auto}.elementor-image-gallery .gallery-item .gallery-caption{margin:0}.elementor-image-gallery figure img{display:block}.elementor-image-gallery figure figcaption{width:100%}.gallery-spacing-custom .elementor-image-gallery .gallery-icon{padding:0}@media (min-width:768px){.elementor-image-gallery .gallery-columns-2 .gallery-item{max-width:50%}.elementor-image-gallery .gallery-columns-3 .gallery-item{max-width:33.33%}.elementor-image-gallery .gallery-columns-4 .gallery-item{max-width:25%}.elementor-image-gallery .gallery-columns-5 .gallery-item{max-width:20%}.elementor-image-gallery .gallery-columns-6 .gallery-item{max-width:16.666%}.elementor-image-gallery .gallery-columns-7 .gallery-item{max-width:14.28%}.elementor-image-gallery .gallery-columns-8 .gallery-item{max-width:12.5%}.elementor-image-gallery .gallery-columns-9 .gallery-item{max-width:11.11%}.elementor-image-gallery .gallery-columns-10 .gallery-item{max-width:10%}}@media (min-width:480px) and (max-width:767px){.elementor-image-gallery .gallery.gallery-columns-2 .gallery-item,.elementor-image-gallery .gallery.gallery-columns-3 .gallery-item,.elementor-image-gallery .gallery.gallery-columns-4 .gallery-item,.elementor-image-gallery .gallery.gallery-columns-5 .gallery-item,.elementor-image-gallery .gallery.gallery-columns-6 .gallery-item,.elementor-image-gallery .gallery.gallery-columns-7 .gallery-item,.elementor-image-gallery .gallery.gallery-columns-8 .gallery-item,.elementor-image-gallery .gallery.gallery-columns-9 .gallery-item,.elementor-image-gallery .gallery.gallery-columns-10 .gallery-item{max-width:50%}}@media (max-width:479px){.elementor-image-gallery .gallery.gallery-columns-2 .gallery-item,.elementor-image-gallery .gallery.gallery-columns-3 .gallery-item,.elementor-image-gallery .gallery.gallery-columns-4 .gallery-item,.elementor-image-gallery .gallery.gallery-columns-5 .gallery-item,.elementor-image-gallery .gallery.gallery-columns-6 .gallery-item,.elementor-image-gallery .gallery.gallery-columns-7 .gallery-item,.elementor-image-gallery .gallery.gallery-columns-8 .gallery-item,.elementor-image-gallery .gallery.gallery-columns-9 .gallery-item,.elementor-image-gallery .gallery.gallery-columns-10 .gallery-item{max-width:100%}}<\/style>\t\t<div class=\"elementor-image-gallery\">\n\t\t\t<div id='gallery-1' class='gallery galleryid-2674 gallery-columns-2 gallery-size-medium_large'><figure class='gallery-item'>\n\t\t\t<div class='gallery-icon landscape'>\n\t\t\t\t<a data-elementor-open-lightbox=\"yes\" data-elementor-lightbox-slideshow=\"4070df8\" data-elementor-lightbox-title=\"apparition_8\" href='http:\/\/duvisuel.ch\/fotoscope\/wp-content\/uploads\/2022\/05\/m112jpg.-ujpgd-l_resize.jpg'><img loading=\"lazy\" decoding=\"async\" width=\"768\" height=\"577\" src=\"http:\/\/duvisuel.ch\/fotoscope\/wp-content\/uploads\/2022\/05\/m112jpg.-ujpgd-l_resize-768x577.jpg\" class=\"attachment-medium_large size-medium_large\" alt=\"\" srcset=\"http:\/\/duvisuel.ch\/fotoscope\/wp-content\/uploads\/2022\/05\/m112jpg.-ujpgd-l_resize-768x577.jpg 768w, http:\/\/duvisuel.ch\/fotoscope\/wp-content\/uploads\/2022\/05\/m112jpg.-ujpgd-l_resize-300x225.jpg 300w, http:\/\/duvisuel.ch\/fotoscope\/wp-content\/uploads\/2022\/05\/m112jpg.-ujpgd-l_resize.jpg 1000w\" sizes=\"auto, (max-width: 768px) 100vw, 768px\" \/><\/a>\n\t\t\t<\/div><\/figure><figure class='gallery-item'>\n\t\t\t<div class='gallery-icon landscape'>\n\t\t\t\t<a data-elementor-open-lightbox=\"yes\" data-elementor-lightbox-slideshow=\"4070df8\" data-elementor-lightbox-title=\"apparition_1\" href='http:\/\/duvisuel.ch\/fotoscope\/wp-content\/uploads\/2022\/05\/m112jpug.-ujpg-loopi_resize.jpg'><img loading=\"lazy\" decoding=\"async\" width=\"768\" height=\"577\" src=\"http:\/\/duvisuel.ch\/fotoscope\/wp-content\/uploads\/2022\/05\/m112jpug.-ujpg-loopi_resize-768x577.jpg\" class=\"attachment-medium_large size-medium_large\" alt=\"\" srcset=\"http:\/\/duvisuel.ch\/fotoscope\/wp-content\/uploads\/2022\/05\/m112jpug.-ujpg-loopi_resize-768x577.jpg 768w, http:\/\/duvisuel.ch\/fotoscope\/wp-content\/uploads\/2022\/05\/m112jpug.-ujpg-loopi_resize-300x225.jpg 300w, http:\/\/duvisuel.ch\/fotoscope\/wp-content\/uploads\/2022\/05\/m112jpug.-ujpg-loopi_resize.jpg 1000w\" sizes=\"auto, (max-width: 768px) 100vw, 768px\" \/><\/a>\n\t\t\t<\/div><\/figure><figure class='gallery-item'>\n\t\t\t<div class='gallery-icon landscape'>\n\t\t\t\t<a data-elementor-open-lightbox=\"yes\" data-elementor-lightbox-slideshow=\"4070df8\" data-elementor-lightbox-title=\"apparition_2\" href='http:\/\/duvisuel.ch\/fotoscope\/wp-content\/uploads\/2022\/05\/m112jpug.-ujpg-lijpi_resize.jpg'><img loading=\"lazy\" decoding=\"async\" width=\"768\" height=\"577\" src=\"http:\/\/duvisuel.ch\/fotoscope\/wp-content\/uploads\/2022\/05\/m112jpug.-ujpg-lijpi_resize-768x577.jpg\" class=\"attachment-medium_large size-medium_large\" alt=\"\" srcset=\"http:\/\/duvisuel.ch\/fotoscope\/wp-content\/uploads\/2022\/05\/m112jpug.-ujpg-lijpi_resize-768x577.jpg 768w, http:\/\/duvisuel.ch\/fotoscope\/wp-content\/uploads\/2022\/05\/m112jpug.-ujpg-lijpi_resize-300x225.jpg 300w, http:\/\/duvisuel.ch\/fotoscope\/wp-content\/uploads\/2022\/05\/m112jpug.-ujpg-lijpi_resize.jpg 1000w\" sizes=\"auto, (max-width: 768px) 100vw, 768px\" \/><\/a>\n\t\t\t<\/div><\/figure><figure class='gallery-item'>\n\t\t\t<div class='gallery-icon landscape'>\n\t\t\t\t<a data-elementor-open-lightbox=\"yes\" data-elementor-lightbox-slideshow=\"4070df8\" data-elementor-lightbox-title=\"apparition_4\" href='http:\/\/duvisuel.ch\/fotoscope\/wp-content\/uploads\/2022\/05\/m112jpg.-ujpg_resize.jpg'><img loading=\"lazy\" decoding=\"async\" width=\"768\" height=\"577\" src=\"http:\/\/duvisuel.ch\/fotoscope\/wp-content\/uploads\/2022\/05\/m112jpg.-ujpg_resize-768x577.jpg\" class=\"attachment-medium_large size-medium_large\" alt=\"\" srcset=\"http:\/\/duvisuel.ch\/fotoscope\/wp-content\/uploads\/2022\/05\/m112jpg.-ujpg_resize-768x577.jpg 768w, http:\/\/duvisuel.ch\/fotoscope\/wp-content\/uploads\/2022\/05\/m112jpg.-ujpg_resize-300x225.jpg 300w, http:\/\/duvisuel.ch\/fotoscope\/wp-content\/uploads\/2022\/05\/m112jpg.-ujpg_resize.jpg 1000w\" sizes=\"auto, (max-width: 768px) 100vw, 768px\" \/><\/a>\n\t\t\t<\/div><\/figure>\n\t\t<\/div>\n\t\t<\/div>\n\t\t\t\t<\/div>\n\t\t\t\t<\/div>\n\t\t\t\t\t<\/div>\n\t\t<\/div>\n\t\t\t\t\t\t\t<\/div>\n\t\t<\/section>\n\t\t\t\t<section class=\"elementor-section elementor-top-section elementor-element elementor-element-84d46eb elementor-section-boxed elementor-section-height-default elementor-section-height-default\" data-id=\"84d46eb\" data-element_type=\"section\">\n\t\t\t\t\t\t<div class=\"elementor-container elementor-column-gap-default\">\n\t\t\t\t\t<div class=\"elementor-column elementor-col-100 elementor-top-column elementor-element elementor-element-fdf0d21\" data-id=\"fdf0d21\" data-element_type=\"column\">\n\t\t\t<div class=\"elementor-widget-wrap elementor-element-populated\">\n\t\t\t\t\t\t\t\t<div class=\"elementor-element elementor-element-37b18c0 elementor-widget elementor-widget-text-editor\" data-id=\"37b18c0\" data-element_type=\"widget\" data-widget_type=\"text-editor.default\">\n\t\t\t\t<div class=\"elementor-widget-container\">\n\t\t\t\t\t\t\t<p><span style=\"font-family: helvetica, arial, sans-serif;\">GROUPE DES TRANSFORMATIONS_ I-VI<br \/><\/span><\/p><p><span style=\"font-family: helvetica, arial, sans-serif;\">Co\u00efncidences II &#8211; <em>feux sous-terrains<\/em> (les taggeurs \u00e0 l&rsquo;oeuvre) ou <em>imageries du hasard<\/em> <em>au bord d&rsquo;une rivi\u00e8re alpine<\/em> (Arve) ou <em>songe d&rsquo;un jour hors saison<\/em> &#8211;<\/span> 2021<\/p><p>Co\u00efncidences III &#8211; le Rh\u00f4ne proche du pont &#8211; la jonction des deux rivi\u00e8res est derri\u00e8re- flux. ,mouvement transition- <\/p><p>\u00a0<\/p>\t\t\t\t\t\t<\/div>\n\t\t\t\t<\/div>\n\t\t\t\t\t<\/div>\n\t\t<\/div>\n\t\t\t\t\t\t\t<\/div>\n\t\t<\/section>\n\t\t\t\t<section class=\"elementor-section elementor-top-section elementor-element elementor-element-ec5dec7 elementor-section-boxed elementor-section-height-default elementor-section-height-default\" data-id=\"ec5dec7\" data-element_type=\"section\">\n\t\t\t\t\t\t<div class=\"elementor-container elementor-column-gap-default\">\n\t\t\t\t\t<div class=\"elementor-column elementor-col-100 elementor-top-column elementor-element elementor-element-d7f48ba\" data-id=\"d7f48ba\" data-element_type=\"column\">\n\t\t\t<div class=\"elementor-widget-wrap elementor-element-populated\">\n\t\t\t\t\t\t\t\t<div class=\"elementor-element elementor-element-52a1675 e-transform elementor-widget elementor-widget-image-gallery\" data-id=\"52a1675\" data-element_type=\"widget\" data-settings=\"{&quot;_transform_translateY_effect&quot;:{&quot;unit&quot;:&quot;px&quot;,&quot;size&quot;:-56,&quot;sizes&quot;:[]},&quot;_transform_translateX_effect&quot;:{&quot;unit&quot;:&quot;px&quot;,&quot;size&quot;:&quot;&quot;,&quot;sizes&quot;:[]},&quot;_transform_translateX_effect_tablet&quot;:{&quot;unit&quot;:&quot;px&quot;,&quot;size&quot;:&quot;&quot;,&quot;sizes&quot;:[]},&quot;_transform_translateX_effect_mobile&quot;:{&quot;unit&quot;:&quot;px&quot;,&quot;size&quot;:&quot;&quot;,&quot;sizes&quot;:[]},&quot;_transform_translateY_effect_tablet&quot;:{&quot;unit&quot;:&quot;px&quot;,&quot;size&quot;:&quot;&quot;,&quot;sizes&quot;:[]},&quot;_transform_translateY_effect_mobile&quot;:{&quot;unit&quot;:&quot;px&quot;,&quot;size&quot;:&quot;&quot;,&quot;sizes&quot;:[]}}\" data-widget_type=\"image-gallery.default\">\n\t\t\t\t<div class=\"elementor-widget-container\">\n\t\t\t\t\t<div class=\"elementor-image-gallery\">\n\t\t\t<div id='gallery-2' class='gallery galleryid-2674 gallery-columns-3 gallery-size-medium_large'><figure class='gallery-item'>\n\t\t\t<div class='gallery-icon landscape'>\n\t\t\t\t<a data-elementor-open-lightbox=\"yes\" data-elementor-lightbox-slideshow=\"52a1675\" data-elementor-lightbox-title=\"rh\u00f4ne 009 copie\" href='http:\/\/duvisuel.ch\/fotoscope\/wp-content\/uploads\/2023\/07\/rhone-009-copie.jpg'><img loading=\"lazy\" decoding=\"async\" width=\"768\" height=\"577\" src=\"http:\/\/duvisuel.ch\/fotoscope\/wp-content\/uploads\/2023\/07\/rhone-009-copie-768x577.jpg\" class=\"attachment-medium_large size-medium_large\" alt=\"\" srcset=\"http:\/\/duvisuel.ch\/fotoscope\/wp-content\/uploads\/2023\/07\/rhone-009-copie-768x577.jpg 768w, http:\/\/duvisuel.ch\/fotoscope\/wp-content\/uploads\/2023\/07\/rhone-009-copie-300x225.jpg 300w, http:\/\/duvisuel.ch\/fotoscope\/wp-content\/uploads\/2023\/07\/rhone-009-copie.jpg 1000w\" sizes=\"auto, (max-width: 768px) 100vw, 768px\" \/><\/a>\n\t\t\t<\/div><\/figure><figure class='gallery-item'>\n\t\t\t<div class='gallery-icon landscape'>\n\t\t\t\t<a data-elementor-open-lightbox=\"yes\" data-elementor-lightbox-slideshow=\"52a1675\" data-elementor-lightbox-title=\"m-55 copie\" href='http:\/\/duvisuel.ch\/fotoscope\/wp-content\/uploads\/2023\/07\/m-55-copie.jpg'><img loading=\"lazy\" decoding=\"async\" width=\"768\" height=\"577\" src=\"http:\/\/duvisuel.ch\/fotoscope\/wp-content\/uploads\/2023\/07\/m-55-copie-768x577.jpg\" class=\"attachment-medium_large size-medium_large\" alt=\"\" srcset=\"http:\/\/duvisuel.ch\/fotoscope\/wp-content\/uploads\/2023\/07\/m-55-copie-768x577.jpg 768w, http:\/\/duvisuel.ch\/fotoscope\/wp-content\/uploads\/2023\/07\/m-55-copie-300x225.jpg 300w, http:\/\/duvisuel.ch\/fotoscope\/wp-content\/uploads\/2023\/07\/m-55-copie.jpg 1000w\" sizes=\"auto, (max-width: 768px) 100vw, 768px\" \/><\/a>\n\t\t\t<\/div><\/figure><figure class='gallery-item'>\n\t\t\t<div class='gallery-icon landscape'>\n\t\t\t\t<a data-elementor-open-lightbox=\"yes\" data-elementor-lightbox-slideshow=\"52a1675\" data-elementor-lightbox-title=\"transformative landascape - 2023\" href='http:\/\/duvisuel.ch\/fotoscope\/wp-content\/uploads\/2023\/07\/m-5I5-copie.jpg'><img loading=\"lazy\" decoding=\"async\" width=\"768\" height=\"577\" src=\"http:\/\/duvisuel.ch\/fotoscope\/wp-content\/uploads\/2023\/07\/m-5I5-copie-768x577.jpg\" class=\"attachment-medium_large size-medium_large\" alt=\"\" srcset=\"http:\/\/duvisuel.ch\/fotoscope\/wp-content\/uploads\/2023\/07\/m-5I5-copie-768x577.jpg 768w, http:\/\/duvisuel.ch\/fotoscope\/wp-content\/uploads\/2023\/07\/m-5I5-copie-300x225.jpg 300w, http:\/\/duvisuel.ch\/fotoscope\/wp-content\/uploads\/2023\/07\/m-5I5-copie.jpg 1000w\" sizes=\"auto, (max-width: 768px) 100vw, 768px\" \/><\/a>\n\t\t\t<\/div><\/figure>\n\t\t<\/div>\n\t\t<\/div>\n\t\t\t\t<\/div>\n\t\t\t\t<\/div>\n\t\t\t\t\t<\/div>\n\t\t<\/div>\n\t\t\t\t\t\t\t<\/div>\n\t\t<\/section>\n\t\t\t\t\t\t<\/div>\n\t\t\t\t\t<\/div>\n\t\t","protected":false},"excerpt":{"rendered":"<p>GROUPE DES TRANSFORMATIONS_ I-VI Co\u00efncidences II &#8211; feux sous-terrains (les taggeurs \u00e0 l&rsquo;oeuvre) ou imageries du hasard au bord d&rsquo;une rivi\u00e8re alpine (Arve) ou songe d&rsquo;un jour hors saison &#8211; 2021 Co\u00efncidences III &#8211; le Rh\u00f4ne proche du pont &#8211; la jonction des deux rivi\u00e8res est derri\u00e8re- flux. ,mouvement transition- \u00a0<\/p>\n","protected":false},"author":1,"featured_media":0,"parent":0,"menu_order":0,"comment_status":"closed","ping_status":"closed","template":"","meta":{"site-sidebar-layout":"no-sidebar","site-content-layout":"page-builder","ast-main-header-display":"","ast-hfb-above-header-display":"","ast-hfb-below-header-display":"","ast-hfb-mobile-header-display":"","site-post-title":"disabled","ast-breadcrumbs-content":"","ast-featured-img":"disabled","footer-sml-layout":"","theme-transparent-header-meta":"","adv-header-id-meta":"","stick-header-meta":"","header-above-stick-meta":"","header-main-stick-meta":"","header-below-stick-meta":"","footnotes":""},"class_list":["post-2674","page","type-page","status-publish","hentry"],"_links":{"self":[{"href":"http:\/\/duvisuel.ch\/fotoscope\/wp-json\/wp\/v2\/pages\/2674","targetHints":{"allow":["GET"]}}],"collection":[{"href":"http:\/\/duvisuel.ch\/fotoscope\/wp-json\/wp\/v2\/pages"}],"about":[{"href":"http:\/\/duvisuel.ch\/fotoscope\/wp-json\/wp\/v2\/types\/page"}],"author":[{"embeddable":true,"href":"http:\/\/duvisuel.ch\/fotoscope\/wp-json\/wp\/v2\/users\/1"}],"replies":[{"embeddable":true,"href":"http:\/\/duvisuel.ch\/fotoscope\/wp-json\/wp\/v2\/comments?post=2674"}],"version-history":[{"count":78,"href":"http:\/\/duvisuel.ch\/fotoscope\/wp-json\/wp\/v2\/pages\/2674\/revisions"}],"predecessor-version":[{"id":4489,"href":"http:\/\/duvisuel.ch\/fotoscope\/wp-json\/wp\/v2\/pages\/2674\/revisions\/4489"}],"wp:attachment":[{"href":"http:\/\/duvisuel.ch\/fotoscope\/wp-json\/wp\/v2\/media?parent=2674"}],"curies":[{"name":"wp","href":"https:\/\/api.w.org\/{rel}","templated":true}]}}