{"id":2956,"date":"2022-06-21T21:39:44","date_gmt":"2022-06-21T19:39:44","guid":{"rendered":"http:\/\/duvisuel.ch\/fotoscope\/?page_id=2956"},"modified":"2024-02-14T21:31:01","modified_gmt":"2024-02-14T20:31:01","slug":"river-iii","status":"publish","type":"page","link":"http:\/\/duvisuel.ch\/fotoscope\/river-iii\/","title":{"rendered":"river III"},"content":{"rendered":"\t\t<div data-elementor-type=\"wp-page\" data-elementor-id=\"2956\" class=\"elementor elementor-2956\" data-elementor-settings=\"[]\">\n\t\t\t\t\t\t\t<div class=\"elementor-section-wrap\">\n\t\t\t\t\t\t\t<section class=\"elementor-section elementor-top-section elementor-element elementor-element-3b9672b elementor-section-boxed elementor-section-height-default elementor-section-height-default\" data-id=\"3b9672b\" data-element_type=\"section\">\n\t\t\t\t\t\t<div class=\"elementor-container elementor-column-gap-default\">\n\t\t\t\t\t<div class=\"elementor-column elementor-col-100 elementor-top-column elementor-element elementor-element-5df5f22\" data-id=\"5df5f22\" data-element_type=\"column\">\n\t\t\t<div class=\"elementor-widget-wrap\">\n\t\t\t\t\t\t\t\t\t<\/div>\n\t\t<\/div>\n\t\t\t\t\t\t\t<\/div>\n\t\t<\/section>\n\t\t\t\t<section class=\"elementor-section elementor-top-section elementor-element elementor-element-4d50fab elementor-section-boxed elementor-section-height-default elementor-section-height-default\" data-id=\"4d50fab\" data-element_type=\"section\">\n\t\t\t\t\t\t<div class=\"elementor-container elementor-column-gap-default\">\n\t\t\t\t\t<div class=\"elementor-column elementor-col-50 elementor-top-column elementor-element elementor-element-9d69719\" data-id=\"9d69719\" data-element_type=\"column\">\n\t\t\t<div class=\"elementor-widget-wrap\">\n\t\t\t\t\t\t\t\t\t<\/div>\n\t\t<\/div>\n\t\t\t\t<div class=\"elementor-column elementor-col-50 elementor-top-column elementor-element elementor-element-38a75c0\" data-id=\"38a75c0\" data-element_type=\"column\">\n\t\t\t<div class=\"elementor-widget-wrap\">\n\t\t\t\t\t\t\t\t\t<\/div>\n\t\t<\/div>\n\t\t\t\t\t\t\t<\/div>\n\t\t<\/section>\n\t\t\t\t<section class=\"elementor-section elementor-top-section elementor-element elementor-element-ab3749f elementor-section-boxed elementor-section-height-default elementor-section-height-default\" data-id=\"ab3749f\" data-element_type=\"section\">\n\t\t\t\t\t\t<div class=\"elementor-container elementor-column-gap-default\">\n\t\t\t\t\t<div class=\"elementor-column elementor-col-100 elementor-top-column elementor-element elementor-element-9446659\" data-id=\"9446659\" data-element_type=\"column\">\n\t\t\t<div class=\"elementor-widget-wrap elementor-element-populated\">\n\t\t\t\t\t\t\t\t<div class=\"elementor-element elementor-element-8f1800b elementor-widget elementor-widget-text-editor\" data-id=\"8f1800b\" data-element_type=\"widget\" data-widget_type=\"text-editor.default\">\n\t\t\t\t<div class=\"elementor-widget-container\">\n\t\t\t<style>\/*! elementor - v3.5.5 - 03-02-2022 *\/\n.elementor-widget-text-editor.elementor-drop-cap-view-stacked .elementor-drop-cap{background-color:#818a91;color:#fff}.elementor-widget-text-editor.elementor-drop-cap-view-framed .elementor-drop-cap{color:#818a91;border:3px solid;background-color:transparent}.elementor-widget-text-editor:not(.elementor-drop-cap-view-default) .elementor-drop-cap{margin-top:8px}.elementor-widget-text-editor:not(.elementor-drop-cap-view-default) .elementor-drop-cap-letter{width:1em;height:1em}.elementor-widget-text-editor .elementor-drop-cap{float:left;text-align:center;line-height:1;font-size:50px}.elementor-widget-text-editor .elementor-drop-cap-letter{display:inline-block}<\/style>\t\t\t\t<p><span style=\"font-family: helvetica, arial, sans-serif;\"><strong>Groupe de transformations<\/strong> (m\u00e9tamorphoses d&rsquo;entit\u00e9s ) &#8211;<em> Fant\u00f4mes cristallis\u00e9s<\/em> (d&rsquo;une rivi\u00e8re alpine de plaine) &#8211; 2022<\/span><\/p>\t\t\t\t\t\t<\/div>\n\t\t\t\t<\/div>\n\t\t\t\t<div class=\"elementor-element elementor-element-857c323 gallery-spacing-custom elementor-widget elementor-widget-image-gallery\" data-id=\"857c323\" data-element_type=\"widget\" data-widget_type=\"image-gallery.default\">\n\t\t\t\t<div class=\"elementor-widget-container\">\n\t\t\t<style>\/*! elementor - v3.5.5 - 03-02-2022 *\/\n.elementor-image-gallery .gallery-item{display:inline-block;text-align:center;vertical-align:top;width:100%;max-width:100%;margin:0 auto}.elementor-image-gallery .gallery-item img{margin:0 auto}.elementor-image-gallery .gallery-item .gallery-caption{margin:0}.elementor-image-gallery figure img{display:block}.elementor-image-gallery figure figcaption{width:100%}.gallery-spacing-custom .elementor-image-gallery .gallery-icon{padding:0}@media (min-width:768px){.elementor-image-gallery .gallery-columns-2 .gallery-item{max-width:50%}.elementor-image-gallery .gallery-columns-3 .gallery-item{max-width:33.33%}.elementor-image-gallery .gallery-columns-4 .gallery-item{max-width:25%}.elementor-image-gallery .gallery-columns-5 .gallery-item{max-width:20%}.elementor-image-gallery .gallery-columns-6 .gallery-item{max-width:16.666%}.elementor-image-gallery .gallery-columns-7 .gallery-item{max-width:14.28%}.elementor-image-gallery .gallery-columns-8 .gallery-item{max-width:12.5%}.elementor-image-gallery .gallery-columns-9 .gallery-item{max-width:11.11%}.elementor-image-gallery .gallery-columns-10 .gallery-item{max-width:10%}}@media (min-width:480px) and (max-width:767px){.elementor-image-gallery .gallery.gallery-columns-2 .gallery-item,.elementor-image-gallery .gallery.gallery-columns-3 .gallery-item,.elementor-image-gallery .gallery.gallery-columns-4 .gallery-item,.elementor-image-gallery .gallery.gallery-columns-5 .gallery-item,.elementor-image-gallery .gallery.gallery-columns-6 .gallery-item,.elementor-image-gallery .gallery.gallery-columns-7 .gallery-item,.elementor-image-gallery .gallery.gallery-columns-8 .gallery-item,.elementor-image-gallery .gallery.gallery-columns-9 .gallery-item,.elementor-image-gallery .gallery.gallery-columns-10 .gallery-item{max-width:50%}}@media (max-width:479px){.elementor-image-gallery .gallery.gallery-columns-2 .gallery-item,.elementor-image-gallery .gallery.gallery-columns-3 .gallery-item,.elementor-image-gallery .gallery.gallery-columns-4 .gallery-item,.elementor-image-gallery .gallery.gallery-columns-5 .gallery-item,.elementor-image-gallery .gallery.gallery-columns-6 .gallery-item,.elementor-image-gallery .gallery.gallery-columns-7 .gallery-item,.elementor-image-gallery .gallery.gallery-columns-8 .gallery-item,.elementor-image-gallery .gallery.gallery-columns-9 .gallery-item,.elementor-image-gallery .gallery.gallery-columns-10 .gallery-item{max-width:100%}}<\/style>\t\t<div class=\"elementor-image-gallery\">\n\t\t\t<div id='gallery-1' class='gallery galleryid-2956 gallery-columns-3 gallery-size-medium_large'><figure class='gallery-item'>\n\t\t\t<div class='gallery-icon landscape'>\n\t\t\t\t<a data-elementor-open-lightbox=\"yes\" data-elementor-lightbox-slideshow=\"857c323\" data-elementor-lightbox-title=\"M-157g copie\" href='http:\/\/duvisuel.ch\/fotoscope\/wp-content\/uploads\/2022\/06\/M-157g-copie.jpg'><img loading=\"lazy\" decoding=\"async\" width=\"768\" height=\"576\" src=\"http:\/\/duvisuel.ch\/fotoscope\/wp-content\/uploads\/2022\/06\/M-157g-copie-768x576.jpg\" class=\"attachment-medium_large size-medium_large\" alt=\"\" aria-describedby=\"gallery-1-2951\" srcset=\"http:\/\/duvisuel.ch\/fotoscope\/wp-content\/uploads\/2022\/06\/M-157g-copie-768x576.jpg 768w, http:\/\/duvisuel.ch\/fotoscope\/wp-content\/uploads\/2022\/06\/M-157g-copie-300x225.jpg 300w, http:\/\/duvisuel.ch\/fotoscope\/wp-content\/uploads\/2022\/06\/M-157g-copie.jpg 1000w\" sizes=\"auto, (max-width: 768px) 100vw, 768px\" \/><\/a>\n\t\t\t<\/div>\n\t\t\t\t<figcaption class='wp-caption-text gallery-caption' id='gallery-1-2951'>\n\t\t\t\tglace_1\n\t\t\t\t<\/figcaption><\/figure><figure class='gallery-item'>\n\t\t\t<div class='gallery-icon landscape'>\n\t\t\t\t<a data-elementor-open-lightbox=\"yes\" data-elementor-lightbox-slideshow=\"857c323\" data-elementor-lightbox-title=\"M-156jpg copie\" href='http:\/\/duvisuel.ch\/fotoscope\/wp-content\/uploads\/2022\/06\/M-156jpg-copie.jpg'><img loading=\"lazy\" decoding=\"async\" width=\"768\" height=\"576\" src=\"http:\/\/duvisuel.ch\/fotoscope\/wp-content\/uploads\/2022\/06\/M-156jpg-copie-768x576.jpg\" class=\"attachment-medium_large size-medium_large\" alt=\"\" aria-describedby=\"gallery-1-2950\" srcset=\"http:\/\/duvisuel.ch\/fotoscope\/wp-content\/uploads\/2022\/06\/M-156jpg-copie-768x576.jpg 768w, http:\/\/duvisuel.ch\/fotoscope\/wp-content\/uploads\/2022\/06\/M-156jpg-copie-300x225.jpg 300w, http:\/\/duvisuel.ch\/fotoscope\/wp-content\/uploads\/2022\/06\/M-156jpg-copie.jpg 1000w\" sizes=\"auto, (max-width: 768px) 100vw, 768px\" \/><\/a>\n\t\t\t<\/div>\n\t\t\t\t<figcaption class='wp-caption-text gallery-caption' id='gallery-1-2950'>\n\t\t\t\tglace_2\n\t\t\t\t<\/figcaption><\/figure><figure class='gallery-item'>\n\t\t\t<div class='gallery-icon landscape'>\n\t\t\t\t<a data-elementor-open-lightbox=\"yes\" data-elementor-lightbox-slideshow=\"857c323\" data-elementor-lightbox-title=\"M-3 copie\" href='http:\/\/duvisuel.ch\/fotoscope\/wp-content\/uploads\/2022\/06\/M-3-copie.jpg'><img loading=\"lazy\" decoding=\"async\" width=\"768\" height=\"576\" src=\"http:\/\/duvisuel.ch\/fotoscope\/wp-content\/uploads\/2022\/06\/M-3-copie-768x576.jpg\" class=\"attachment-medium_large size-medium_large\" alt=\"\" aria-describedby=\"gallery-1-2954\" srcset=\"http:\/\/duvisuel.ch\/fotoscope\/wp-content\/uploads\/2022\/06\/M-3-copie-768x576.jpg 768w, http:\/\/duvisuel.ch\/fotoscope\/wp-content\/uploads\/2022\/06\/M-3-copie-300x225.jpg 300w, http:\/\/duvisuel.ch\/fotoscope\/wp-content\/uploads\/2022\/06\/M-3-copie.jpg 1000w\" sizes=\"auto, (max-width: 768px) 100vw, 768px\" \/><\/a>\n\t\t\t<\/div>\n\t\t\t\t<figcaption class='wp-caption-text gallery-caption' id='gallery-1-2954'>\n\t\t\t\tglace_3\n\t\t\t\t<\/figcaption><\/figure><figure class='gallery-item'>\n\t\t\t<div class='gallery-icon landscape'>\n\t\t\t\t<a data-elementor-open-lightbox=\"yes\" data-elementor-lightbox-slideshow=\"857c323\" data-elementor-lightbox-title=\"M-2 copie\" href='http:\/\/duvisuel.ch\/fotoscope\/wp-content\/uploads\/2022\/06\/M-2-copie.jpg'><img loading=\"lazy\" decoding=\"async\" width=\"768\" height=\"576\" src=\"http:\/\/duvisuel.ch\/fotoscope\/wp-content\/uploads\/2022\/06\/M-2-copie-768x576.jpg\" class=\"attachment-medium_large size-medium_large\" alt=\"\" aria-describedby=\"gallery-1-2953\" srcset=\"http:\/\/duvisuel.ch\/fotoscope\/wp-content\/uploads\/2022\/06\/M-2-copie-768x576.jpg 768w, http:\/\/duvisuel.ch\/fotoscope\/wp-content\/uploads\/2022\/06\/M-2-copie-300x225.jpg 300w, http:\/\/duvisuel.ch\/fotoscope\/wp-content\/uploads\/2022\/06\/M-2-copie.jpg 1000w\" sizes=\"auto, (max-width: 768px) 100vw, 768px\" \/><\/a>\n\t\t\t<\/div>\n\t\t\t\t<figcaption class='wp-caption-text gallery-caption' id='gallery-1-2953'>\n\t\t\t\te_4\n\t\t\t\t<\/figcaption><\/figure><figure class='gallery-item'>\n\t\t\t<div class='gallery-icon landscape'>\n\t\t\t\t<a data-elementor-open-lightbox=\"yes\" data-elementor-lightbox-slideshow=\"857c323\" data-elementor-lightbox-title=\"M-1 copie\" href='http:\/\/duvisuel.ch\/fotoscope\/wp-content\/uploads\/2022\/06\/M-1-copie.jpg'><img loading=\"lazy\" decoding=\"async\" width=\"768\" height=\"576\" src=\"http:\/\/duvisuel.ch\/fotoscope\/wp-content\/uploads\/2022\/06\/M-1-copie-768x576.jpg\" class=\"attachment-medium_large size-medium_large\" alt=\"\" aria-describedby=\"gallery-1-2952\" srcset=\"http:\/\/duvisuel.ch\/fotoscope\/wp-content\/uploads\/2022\/06\/M-1-copie-768x576.jpg 768w, http:\/\/duvisuel.ch\/fotoscope\/wp-content\/uploads\/2022\/06\/M-1-copie-300x225.jpg 300w, http:\/\/duvisuel.ch\/fotoscope\/wp-content\/uploads\/2022\/06\/M-1-copie.jpg 1000w\" sizes=\"auto, (max-width: 768px) 100vw, 768px\" \/><\/a>\n\t\t\t<\/div>\n\t\t\t\t<figcaption class='wp-caption-text gallery-caption' id='gallery-1-2952'>\n\t\t\t\tglace_5\n\t\t\t\t<\/figcaption><\/figure><figure class='gallery-item'>\n\t\t\t<div class='gallery-icon landscape'>\n\t\t\t\t<a data-elementor-open-lightbox=\"yes\" data-elementor-lightbox-slideshow=\"857c323\" data-elementor-lightbox-title=\"M-10 copie\" href='http:\/\/duvisuel.ch\/fotoscope\/wp-content\/uploads\/2022\/06\/M-10-copie.jpg'><img loading=\"lazy\" decoding=\"async\" width=\"768\" height=\"576\" src=\"http:\/\/duvisuel.ch\/fotoscope\/wp-content\/uploads\/2022\/06\/M-10-copie-768x576.jpg\" class=\"attachment-medium_large size-medium_large\" alt=\"\" aria-describedby=\"gallery-1-2944\" srcset=\"http:\/\/duvisuel.ch\/fotoscope\/wp-content\/uploads\/2022\/06\/M-10-copie-768x576.jpg 768w, http:\/\/duvisuel.ch\/fotoscope\/wp-content\/uploads\/2022\/06\/M-10-copie-300x225.jpg 300w, http:\/\/duvisuel.ch\/fotoscope\/wp-content\/uploads\/2022\/06\/M-10-copie.jpg 1000w\" sizes=\"auto, (max-width: 768px) 100vw, 768px\" \/><\/a>\n\t\t\t<\/div>\n\t\t\t\t<figcaption class='wp-caption-text gallery-caption' id='gallery-1-2944'>\n\t\t\t\tglace_6\n\t\t\t\t<\/figcaption><\/figure><figure class='gallery-item'>\n\t\t\t<div class='gallery-icon landscape'>\n\t\t\t\t<a data-elementor-open-lightbox=\"yes\" data-elementor-lightbox-slideshow=\"857c323\" data-elementor-lightbox-title=\"M-11 copie\" href='http:\/\/duvisuel.ch\/fotoscope\/wp-content\/uploads\/2022\/06\/M-11-copie.jpg'><img loading=\"lazy\" decoding=\"async\" width=\"768\" height=\"576\" src=\"http:\/\/duvisuel.ch\/fotoscope\/wp-content\/uploads\/2022\/06\/M-11-copie-768x576.jpg\" class=\"attachment-medium_large size-medium_large\" alt=\"\" aria-describedby=\"gallery-1-2945\" srcset=\"http:\/\/duvisuel.ch\/fotoscope\/wp-content\/uploads\/2022\/06\/M-11-copie-768x576.jpg 768w, http:\/\/duvisuel.ch\/fotoscope\/wp-content\/uploads\/2022\/06\/M-11-copie-300x225.jpg 300w, http:\/\/duvisuel.ch\/fotoscope\/wp-content\/uploads\/2022\/06\/M-11-copie.jpg 1000w\" sizes=\"auto, (max-width: 768px) 100vw, 768px\" \/><\/a>\n\t\t\t<\/div>\n\t\t\t\t<figcaption class='wp-caption-text gallery-caption' id='gallery-1-2945'>\n\t\t\t\tglace_7\n\t\t\t\t<\/figcaption><\/figure><figure class='gallery-item'>\n\t\t\t<div class='gallery-icon landscape'>\n\t\t\t\t<a data-elementor-open-lightbox=\"yes\" data-elementor-lightbox-slideshow=\"857c323\" data-elementor-lightbox-title=\"M-15 copie\" href='http:\/\/duvisuel.ch\/fotoscope\/wp-content\/uploads\/2022\/06\/M-15-copie.jpg'><img loading=\"lazy\" decoding=\"async\" width=\"768\" height=\"576\" src=\"http:\/\/duvisuel.ch\/fotoscope\/wp-content\/uploads\/2022\/06\/M-15-copie-768x576.jpg\" class=\"attachment-medium_large size-medium_large\" alt=\"\" aria-describedby=\"gallery-1-2949\" srcset=\"http:\/\/duvisuel.ch\/fotoscope\/wp-content\/uploads\/2022\/06\/M-15-copie-768x576.jpg 768w, http:\/\/duvisuel.ch\/fotoscope\/wp-content\/uploads\/2022\/06\/M-15-copie-300x225.jpg 300w, http:\/\/duvisuel.ch\/fotoscope\/wp-content\/uploads\/2022\/06\/M-15-copie.jpg 1000w\" sizes=\"auto, (max-width: 768px) 100vw, 768px\" \/><\/a>\n\t\t\t<\/div>\n\t\t\t\t<figcaption class='wp-caption-text gallery-caption' id='gallery-1-2949'>\n\t\t\t\tglace_8\n\t\t\t\t<\/figcaption><\/figure><figure class='gallery-item'>\n\t\t\t<div class='gallery-icon landscape'>\n\t\t\t\t<a data-elementor-open-lightbox=\"yes\" data-elementor-lightbox-slideshow=\"857c323\" data-elementor-lightbox-title=\"M-8 copie\" href='http:\/\/duvisuel.ch\/fotoscope\/wp-content\/uploads\/2022\/06\/M-8-copie.jpg'><img loading=\"lazy\" decoding=\"async\" width=\"768\" height=\"576\" src=\"http:\/\/duvisuel.ch\/fotoscope\/wp-content\/uploads\/2022\/06\/M-8-copie-768x576.jpg\" class=\"attachment-medium_large size-medium_large\" alt=\"\" aria-describedby=\"gallery-1-2942\" srcset=\"http:\/\/duvisuel.ch\/fotoscope\/wp-content\/uploads\/2022\/06\/M-8-copie-768x576.jpg 768w, http:\/\/duvisuel.ch\/fotoscope\/wp-content\/uploads\/2022\/06\/M-8-copie-300x225.jpg 300w, http:\/\/duvisuel.ch\/fotoscope\/wp-content\/uploads\/2022\/06\/M-8-copie.jpg 1000w\" sizes=\"auto, (max-width: 768px) 100vw, 768px\" \/><\/a>\n\t\t\t<\/div>\n\t\t\t\t<figcaption class='wp-caption-text gallery-caption' id='gallery-1-2942'>\n\t\t\t\tglace_9\n\t\t\t\t<\/figcaption><\/figure>\n\t\t<\/div>\n\t\t<\/div>\n\t\t\t\t<\/div>\n\t\t\t\t<\/div>\n\t\t\t\t\t<\/div>\n\t\t<\/div>\n\t\t\t\t\t\t\t<\/div>\n\t\t<\/section>\n\t\t\t\t\t\t<\/div>\n\t\t\t\t\t<\/div>\n\t\t","protected":false},"excerpt":{"rendered":"<p>Groupe de transformations (m\u00e9tamorphoses d&rsquo;entit\u00e9s ) &#8211; Fant\u00f4mes cristallis\u00e9s (d&rsquo;une rivi\u00e8re alpine de plaine) &#8211; 2022 glace_1 glace_2 glace_3 e_4 glace_5 glace_6 glace_7 glace_8 glace_9<\/p>\n","protected":false},"author":1,"featured_media":0,"parent":0,"menu_order":0,"comment_status":"closed","ping_status":"closed","template":"","meta":{"site-sidebar-layout":"no-sidebar","site-content-layout":"page-builder","ast-main-header-display":"","ast-hfb-above-header-display":"","ast-hfb-below-header-display":"","ast-hfb-mobile-header-display":"","site-post-title":"disabled","ast-breadcrumbs-content":"","ast-featured-img":"disabled","footer-sml-layout":"","theme-transparent-header-meta":"default","adv-header-id-meta":"","stick-header-meta":"","header-above-stick-meta":"","header-main-stick-meta":"","header-below-stick-meta":"","footnotes":""},"class_list":["post-2956","page","type-page","status-publish","hentry"],"_links":{"self":[{"href":"http:\/\/duvisuel.ch\/fotoscope\/wp-json\/wp\/v2\/pages\/2956","targetHints":{"allow":["GET"]}}],"collection":[{"href":"http:\/\/duvisuel.ch\/fotoscope\/wp-json\/wp\/v2\/pages"}],"about":[{"href":"http:\/\/duvisuel.ch\/fotoscope\/wp-json\/wp\/v2\/types\/page"}],"author":[{"embeddable":true,"href":"http:\/\/duvisuel.ch\/fotoscope\/wp-json\/wp\/v2\/users\/1"}],"replies":[{"embeddable":true,"href":"http:\/\/duvisuel.ch\/fotoscope\/wp-json\/wp\/v2\/comments?post=2956"}],"version-history":[{"count":25,"href":"http:\/\/duvisuel.ch\/fotoscope\/wp-json\/wp\/v2\/pages\/2956\/revisions"}],"predecessor-version":[{"id":4483,"href":"http:\/\/duvisuel.ch\/fotoscope\/wp-json\/wp\/v2\/pages\/2956\/revisions\/4483"}],"wp:attachment":[{"href":"http:\/\/duvisuel.ch\/fotoscope\/wp-json\/wp\/v2\/media?parent=2956"}],"curies":[{"name":"wp","href":"https:\/\/api.w.org\/{rel}","templated":true}]}}