{"id":4499,"date":"2024-02-20T19:38:56","date_gmt":"2024-02-20T18:38:56","guid":{"rendered":"http:\/\/duvisuel.ch\/fotoscope\/?page_id=4499"},"modified":"2026-01-02T21:30:43","modified_gmt":"2026-01-02T20:30:43","slug":"purpple-screen-cityscape","status":"publish","type":"page","link":"http:\/\/duvisuel.ch\/fotoscope\/purpple-screen-cityscape\/","title":{"rendered":"purpple screen (cityscape)"},"content":{"rendered":"\t\t<div data-elementor-type=\"wp-page\" data-elementor-id=\"4499\" class=\"elementor elementor-4499\" data-elementor-settings=\"[]\">\n\t\t\t\t\t\t\t<div class=\"elementor-section-wrap\">\n\t\t\t\t\t\t\t<section class=\"elementor-section elementor-top-section elementor-element elementor-element-46ba899 elementor-section-boxed elementor-section-height-default elementor-section-height-default\" data-id=\"46ba899\" data-element_type=\"section\">\n\t\t\t\t\t\t<div class=\"elementor-container elementor-column-gap-default\">\n\t\t\t\t\t<div class=\"elementor-column elementor-col-100 elementor-top-column elementor-element elementor-element-9b062b7\" data-id=\"9b062b7\" data-element_type=\"column\">\n\t\t\t<div class=\"elementor-widget-wrap\">\n\t\t\t\t\t\t\t\t\t<\/div>\n\t\t<\/div>\n\t\t\t\t\t\t\t<\/div>\n\t\t<\/section>\n\t\t\t\t<section class=\"elementor-section elementor-top-section elementor-element elementor-element-2d29f40 elementor-section-boxed elementor-section-height-default elementor-section-height-default\" data-id=\"2d29f40\" data-element_type=\"section\">\n\t\t\t\t\t\t<div class=\"elementor-container elementor-column-gap-no\">\n\t\t\t\t\t<div class=\"elementor-column elementor-col-100 elementor-top-column elementor-element elementor-element-a987bbb\" data-id=\"a987bbb\" data-element_type=\"column\">\n\t\t\t<div class=\"elementor-widget-wrap elementor-element-populated\">\n\t\t\t\t\t\t\t\t<div class=\"elementor-element elementor-element-9e6429a elementor-widget elementor-widget-text-editor\" data-id=\"9e6429a\" data-element_type=\"widget\" data-widget_type=\"text-editor.default\">\n\t\t\t\t<div class=\"elementor-widget-container\">\n\t\t\t<style>\/*! elementor - v3.5.5 - 03-02-2022 *\/\n.elementor-widget-text-editor.elementor-drop-cap-view-stacked .elementor-drop-cap{background-color:#818a91;color:#fff}.elementor-widget-text-editor.elementor-drop-cap-view-framed .elementor-drop-cap{color:#818a91;border:3px solid;background-color:transparent}.elementor-widget-text-editor:not(.elementor-drop-cap-view-default) .elementor-drop-cap{margin-top:8px}.elementor-widget-text-editor:not(.elementor-drop-cap-view-default) .elementor-drop-cap-letter{width:1em;height:1em}.elementor-widget-text-editor .elementor-drop-cap{float:left;text-align:center;line-height:1;font-size:50px}.elementor-widget-text-editor .elementor-drop-cap-letter{display:inline-block}<\/style>\t\t\t\t<p><strong>DYSTOPIES\u00a0 &gt; <\/strong>s\u00e9ries psychog\u00e9ographies<\/p><p><strong>du territoire \u201cofficiel\u201d aux marges, des cartes postales aux lieux ordinaires<\/strong><\/p><p>Avec Fotoscope, j\u2019ai commenc\u00e9 \u00e0 questionner les repr\u00e9sentations standardis\u00e9es d\u2019un territoire \u2014 celles que l\u2019on retrouve dans les brochures touristiques, les clich\u00e9s institutionnels ou m\u00e9diatiques \u2014 en proposant des visions alternatives, plus sensibles, plus ambivalentes. La s\u00e9rie Dystopies prolonge cette approche en se focalisant sur les zones \u201climinales\u201d de la ville : friches urbaines, architectures en transition, espaces d\u00e9laiss\u00e9s ou en-devenir, formes et d\u00e9chets, angles morts du paysage urbain. \u00c0 travers ces images, je r\u00e9interroge ce qui, dans l\u2019environnement quotidien, constitue une part de notre g\u00e9ographie mentale souvent ignor\u00e9e \u2014 l\u00e0 o\u00f9 l\u2019\u00e9ph\u00e9m\u00e8re, le passage, l\u2019abandon ou la transformation dessinent une autre \u201ccarte\u201d de la ville.<\/p><p>\u00a0<\/p>\t\t\t\t\t\t<\/div>\n\t\t\t\t<\/div>\n\t\t\t\t\t<\/div>\n\t\t<\/div>\n\t\t\t\t\t\t\t<\/div>\n\t\t<\/section>\n\t\t\t\t<section class=\"elementor-section elementor-top-section elementor-element elementor-element-117bb7d elementor-section-boxed elementor-section-height-default elementor-section-height-default\" data-id=\"117bb7d\" data-element_type=\"section\">\n\t\t\t\t\t\t<div class=\"elementor-container elementor-column-gap-default\">\n\t\t\t\t\t<div class=\"elementor-column elementor-col-100 elementor-top-column elementor-element elementor-element-a956e54\" data-id=\"a956e54\" data-element_type=\"column\">\n\t\t\t<div class=\"elementor-widget-wrap\">\n\t\t\t\t\t\t\t\t\t<\/div>\n\t\t<\/div>\n\t\t\t\t\t\t\t<\/div>\n\t\t<\/section>\n\t\t\t\t<section class=\"elementor-section elementor-top-section elementor-element elementor-element-fd1fc73 elementor-section-boxed elementor-section-height-default elementor-section-height-default\" data-id=\"fd1fc73\" data-element_type=\"section\">\n\t\t\t\t\t\t<div class=\"elementor-container elementor-column-gap-default\">\n\t\t\t\t\t<div class=\"elementor-column elementor-col-100 elementor-top-column elementor-element elementor-element-9eb6595\" data-id=\"9eb6595\" data-element_type=\"column\">\n\t\t\t<div class=\"elementor-widget-wrap\">\n\t\t\t\t\t\t\t\t\t<\/div>\n\t\t<\/div>\n\t\t\t\t\t\t\t<\/div>\n\t\t<\/section>\n\t\t\t\t<section class=\"elementor-section elementor-top-section elementor-element elementor-element-445c87c elementor-section-boxed elementor-section-height-default elementor-section-height-default\" data-id=\"445c87c\" data-element_type=\"section\">\n\t\t\t\t\t\t<div class=\"elementor-container elementor-column-gap-default\">\n\t\t\t\t\t<div class=\"elementor-column elementor-col-50 elementor-top-column elementor-element elementor-element-0c74832\" data-id=\"0c74832\" data-element_type=\"column\">\n\t\t\t<div class=\"elementor-widget-wrap elementor-element-populated\">\n\t\t\t\t\t\t\t\t<div class=\"elementor-element elementor-element-f251510 elementor-widget elementor-widget-image\" data-id=\"f251510\" data-element_type=\"widget\" data-widget_type=\"image.default\">\n\t\t\t\t<div class=\"elementor-widget-container\">\n\t\t\t<style>\/*! elementor - v3.5.5 - 03-02-2022 *\/\n.elementor-widget-image{text-align:center}.elementor-widget-image a{display:inline-block}.elementor-widget-image a img[src$=\".svg\"]{width:48px}.elementor-widget-image img{vertical-align:middle;display:inline-block}<\/style>\t\t\t\t\t\t\t\t\t\t\t\t<img loading=\"lazy\" decoding=\"async\" width=\"1000\" height=\"750\" src=\"http:\/\/duvisuel.ch\/fotoscope\/wp-content\/uploads\/2025\/07\/LA-GRANGE-22-copie.jpg\" class=\"attachment-large size-large\" alt=\"\" srcset=\"http:\/\/duvisuel.ch\/fotoscope\/wp-content\/uploads\/2025\/07\/LA-GRANGE-22-copie.jpg 1000w, http:\/\/duvisuel.ch\/fotoscope\/wp-content\/uploads\/2025\/07\/LA-GRANGE-22-copie-300x225.jpg 300w, http:\/\/duvisuel.ch\/fotoscope\/wp-content\/uploads\/2025\/07\/LA-GRANGE-22-copie-768x576.jpg 768w\" sizes=\"auto, (max-width: 1000px) 100vw, 1000px\" \/>\t\t\t\t\t\t\t\t\t\t\t\t\t\t\t<\/div>\n\t\t\t\t<\/div>\n\t\t\t\t\t<\/div>\n\t\t<\/div>\n\t\t\t\t<div class=\"elementor-column elementor-col-50 elementor-top-column elementor-element elementor-element-ddac965\" data-id=\"ddac965\" data-element_type=\"column\">\n\t\t\t<div class=\"elementor-widget-wrap elementor-element-populated\">\n\t\t\t\t\t\t\t\t<div class=\"elementor-element elementor-element-498aff4 elementor-widget elementor-widget-image-gallery\" data-id=\"498aff4\" data-element_type=\"widget\" data-widget_type=\"image-gallery.default\">\n\t\t\t\t<div class=\"elementor-widget-container\">\n\t\t\t<style>\/*! elementor - v3.5.5 - 03-02-2022 *\/\n.elementor-image-gallery .gallery-item{display:inline-block;text-align:center;vertical-align:top;width:100%;max-width:100%;margin:0 auto}.elementor-image-gallery .gallery-item img{margin:0 auto}.elementor-image-gallery .gallery-item .gallery-caption{margin:0}.elementor-image-gallery figure img{display:block}.elementor-image-gallery figure figcaption{width:100%}.gallery-spacing-custom .elementor-image-gallery .gallery-icon{padding:0}@media (min-width:768px){.elementor-image-gallery .gallery-columns-2 .gallery-item{max-width:50%}.elementor-image-gallery .gallery-columns-3 .gallery-item{max-width:33.33%}.elementor-image-gallery .gallery-columns-4 .gallery-item{max-width:25%}.elementor-image-gallery .gallery-columns-5 .gallery-item{max-width:20%}.elementor-image-gallery .gallery-columns-6 .gallery-item{max-width:16.666%}.elementor-image-gallery .gallery-columns-7 .gallery-item{max-width:14.28%}.elementor-image-gallery .gallery-columns-8 .gallery-item{max-width:12.5%}.elementor-image-gallery .gallery-columns-9 .gallery-item{max-width:11.11%}.elementor-image-gallery .gallery-columns-10 .gallery-item{max-width:10%}}@media (min-width:480px) and (max-width:767px){.elementor-image-gallery .gallery.gallery-columns-2 .gallery-item,.elementor-image-gallery .gallery.gallery-columns-3 .gallery-item,.elementor-image-gallery .gallery.gallery-columns-4 .gallery-item,.elementor-image-gallery .gallery.gallery-columns-5 .gallery-item,.elementor-image-gallery .gallery.gallery-columns-6 .gallery-item,.elementor-image-gallery .gallery.gallery-columns-7 .gallery-item,.elementor-image-gallery .gallery.gallery-columns-8 .gallery-item,.elementor-image-gallery .gallery.gallery-columns-9 .gallery-item,.elementor-image-gallery .gallery.gallery-columns-10 .gallery-item{max-width:50%}}@media (max-width:479px){.elementor-image-gallery .gallery.gallery-columns-2 .gallery-item,.elementor-image-gallery .gallery.gallery-columns-3 .gallery-item,.elementor-image-gallery .gallery.gallery-columns-4 .gallery-item,.elementor-image-gallery .gallery.gallery-columns-5 .gallery-item,.elementor-image-gallery .gallery.gallery-columns-6 .gallery-item,.elementor-image-gallery .gallery.gallery-columns-7 .gallery-item,.elementor-image-gallery .gallery.gallery-columns-8 .gallery-item,.elementor-image-gallery .gallery.gallery-columns-9 .gallery-item,.elementor-image-gallery .gallery.gallery-columns-10 .gallery-item{max-width:100%}}<\/style>\t\t<div class=\"elementor-image-gallery\">\n\t\t\t<div id='gallery-1' class='gallery galleryid-4499 gallery-columns-1 gallery-size-large'><figure class='gallery-item'>\n\t\t\t<div class='gallery-icon landscape'>\n\t\t\t\t<a data-elementor-open-lightbox=\"yes\" data-elementor-lightbox-slideshow=\"498aff4\" data-elementor-lightbox-title=\"cityscape-3\" href='http:\/\/duvisuel.ch\/fotoscope\/wp-content\/uploads\/2024\/02\/cityscape-3.jpg'><img loading=\"lazy\" decoding=\"async\" width=\"1000\" height=\"707\" src=\"http:\/\/duvisuel.ch\/fotoscope\/wp-content\/uploads\/2024\/02\/cityscape-3.jpg\" class=\"attachment-large size-large\" alt=\"\" aria-describedby=\"gallery-1-4498\" srcset=\"http:\/\/duvisuel.ch\/fotoscope\/wp-content\/uploads\/2024\/02\/cityscape-3.jpg 1000w, http:\/\/duvisuel.ch\/fotoscope\/wp-content\/uploads\/2024\/02\/cityscape-3-300x212.jpg 300w, http:\/\/duvisuel.ch\/fotoscope\/wp-content\/uploads\/2024\/02\/cityscape-3-768x543.jpg 768w\" sizes=\"auto, (max-width: 1000px) 100vw, 1000px\" \/><\/a>\n\t\t\t<\/div>\n\t\t\t\t<figcaption class='wp-caption-text gallery-caption' id='gallery-1-4498'>\n\t\t\t\tPlanche 1\ndystopies\n\t\t\t\t<\/figcaption><\/figure>\n\t\t<\/div>\n\t\t<\/div>\n\t\t\t\t<\/div>\n\t\t\t\t<\/div>\n\t\t\t\t\t<\/div>\n\t\t<\/div>\n\t\t\t\t\t\t\t<\/div>\n\t\t<\/section>\n\t\t\t\t<section class=\"elementor-section elementor-top-section elementor-element elementor-element-1186468 elementor-section-boxed elementor-section-height-default elementor-section-height-default\" data-id=\"1186468\" data-element_type=\"section\">\n\t\t\t\t\t\t<div class=\"elementor-container elementor-column-gap-default\">\n\t\t\t\t\t<div class=\"elementor-column elementor-col-50 elementor-top-column elementor-element elementor-element-9c0542e\" data-id=\"9c0542e\" data-element_type=\"column\">\n\t\t\t<div class=\"elementor-widget-wrap elementor-element-populated\">\n\t\t\t\t\t\t\t\t<div class=\"elementor-element elementor-element-15ec636 elementor-widget elementor-widget-text-editor\" data-id=\"15ec636\" data-element_type=\"widget\" data-widget_type=\"text-editor.default\">\n\t\t\t\t<div class=\"elementor-widget-container\">\n\t\t\t\t\t\t\t<p><strong>INTENTION<\/strong><\/p>\n<p>Entre observation et d\u00e9rive, <em>Psychog\u00e9ographies<\/em> dresse un relev\u00e9 sensible des paysages urbains ordinaires.<br>Par un travail de composition et de filtrage colorim\u00e9trique, les sc\u00e8nes du quotidien se transforment en espaces mentaux : lieux de passage, reflets, chantiers, gestes suspendus.<\/p>\n<p>L\u2019ensemble propose une exploration empirique de la ville, o\u00f9 la pr\u00e9sence humaine se dilue dans une architecture en mutation.<\/p>\n<p>Chaque image fonctionne comme un fragment d\u2019exp\u00e9rience urbaine, mais leur mise en constellation r\u00e9v\u00e8le un territoire fictif et introspectif, une dystopie&nbsp; issue d&rsquo;un environnement local revisit\u00e9<\/p>\t\t\t\t\t\t<\/div>\n\t\t\t\t<\/div>\n\t\t\t\t\t<\/div>\n\t\t<\/div>\n\t\t\t\t<div class=\"elementor-column elementor-col-50 elementor-top-column elementor-element elementor-element-502e4c0\" data-id=\"502e4c0\" data-element_type=\"column\">\n\t\t\t<div class=\"elementor-widget-wrap elementor-element-populated\">\n\t\t\t\t\t\t\t\t<div class=\"elementor-element elementor-element-195af7e elementor-arrows-position-inside elementor-pagination-position-outside elementor-widget elementor-widget-image-carousel\" data-id=\"195af7e\" data-element_type=\"widget\" data-settings=\"{&quot;slides_to_show&quot;:&quot;1&quot;,&quot;navigation&quot;:&quot;both&quot;,&quot;autoplay&quot;:&quot;yes&quot;,&quot;pause_on_hover&quot;:&quot;yes&quot;,&quot;pause_on_interaction&quot;:&quot;yes&quot;,&quot;autoplay_speed&quot;:5000,&quot;infinite&quot;:&quot;yes&quot;,&quot;effect&quot;:&quot;slide&quot;,&quot;speed&quot;:500}\" data-widget_type=\"image-carousel.default\">\n\t\t\t\t<div class=\"elementor-widget-container\">\n\t\t\t<style>\/*! elementor - v3.5.5 - 03-02-2022 *\/\n.elementor-widget-image-carousel .swiper-container{position:static}.elementor-widget-image-carousel .swiper-container .swiper-slide figure{line-height:inherit}.elementor-widget-image-carousel .swiper-slide{text-align:center}.elementor-image-carousel-wrapper:not(.swiper-container-initialized) .swiper-slide{max-width:calc(100% \/ var(--e-image-carousel-slides-to-show, 3))}<\/style>\t\t<div class=\"elementor-image-carousel-wrapper swiper-container\" dir=\"ltr\">\n\t\t\t<div class=\"elementor-image-carousel swiper-wrapper\">\n\t\t\t\t\t\t\t\t<div class=\"swiper-slide\"><figure class=\"swiper-slide-inner\"><img decoding=\"async\" class=\"swiper-slide-image\" src=\"http:\/\/duvisuel.ch\/fotoscope\/wp-content\/uploads\/2025\/07\/EAUX-VIVES-21-12-copie-768x576.jpg\" alt=\"EAUX VIVES 21 (12) copie\" \/><\/figure><\/div><div class=\"swiper-slide\"><figure class=\"swiper-slide-inner\"><img decoding=\"async\" class=\"swiper-slide-image\" src=\"http:\/\/duvisuel.ch\/fotoscope\/wp-content\/uploads\/2025\/07\/EAUX-VIVES-22-2-copie-768x576.jpg\" alt=\"EAUX VIVES 22 (2) copie\" \/><\/figure><\/div><div class=\"swiper-slide\"><figure class=\"swiper-slide-inner\"><img decoding=\"async\" class=\"swiper-slide-image\" src=\"http:\/\/duvisuel.ch\/fotoscope\/wp-content\/uploads\/2025\/07\/ETE-2022-2-copie-768x514.jpg\" alt=\"ETE 2022 (2) copie\" \/><\/figure><\/div><div class=\"swiper-slide\"><figure class=\"swiper-slide-inner\"><img decoding=\"async\" class=\"swiper-slide-image\" src=\"http:\/\/duvisuel.ch\/fotoscope\/wp-content\/uploads\/2025\/07\/Jonction-21-1-copie-768x514.jpg\" alt=\"Jonction 21 (1) copie\" \/><\/figure><\/div><div class=\"swiper-slide\"><figure class=\"swiper-slide-inner\"><img decoding=\"async\" class=\"swiper-slide-image\" src=\"http:\/\/duvisuel.ch\/fotoscope\/wp-content\/uploads\/2025\/07\/EAUX-VIVES-21-6-copie-768x514.jpg\" alt=\"EAUX VIVES 21 (6) copie\" \/><\/figure><\/div><div class=\"swiper-slide\"><figure class=\"swiper-slide-inner\"><img decoding=\"async\" class=\"swiper-slide-image\" src=\"http:\/\/duvisuel.ch\/fotoscope\/wp-content\/uploads\/2025\/07\/EAUX-VIVES-21-1-copie-768x576.jpg\" alt=\"EAUX VIVES 21 (1) copie\" \/><\/figure><\/div><div class=\"swiper-slide\"><figure class=\"swiper-slide-inner\"><img decoding=\"async\" class=\"swiper-slide-image\" src=\"http:\/\/duvisuel.ch\/fotoscope\/wp-content\/uploads\/2025\/07\/DIVERS-010-copie-2-768x576.jpg\" alt=\"DIVERS 010 copie 2\" \/><\/figure><\/div><div class=\"swiper-slide\"><figure class=\"swiper-slide-inner\"><img decoding=\"async\" class=\"swiper-slide-image\" src=\"http:\/\/duvisuel.ch\/fotoscope\/wp-content\/uploads\/2025\/07\/CONCHES-TERRASSIERE-21-12-copie-768x576.jpg\" alt=\"CONCHES-TERRASSIERE 21 (12) copie\" \/><\/figure><\/div><div class=\"swiper-slide\"><figure class=\"swiper-slide-inner\"><img decoding=\"async\" class=\"swiper-slide-image\" src=\"http:\/\/duvisuel.ch\/fotoscope\/wp-content\/uploads\/2025\/07\/CONCHES-TERRASSIERE-21-11-copie-768x514.jpg\" alt=\"CONCHES-TERRASSIERE 21 (11) copie\" \/><\/figure><\/div><div class=\"swiper-slide\"><figure class=\"swiper-slide-inner\"><img decoding=\"async\" class=\"swiper-slide-image\" src=\"http:\/\/duvisuel.ch\/fotoscope\/wp-content\/uploads\/2025\/07\/CONCHES-TERRASSIERE-21-10-copie-768x577.jpg\" alt=\"CONCHES-TERRASSIERE 21 (10) copie\" \/><\/figure><\/div><div class=\"swiper-slide\"><figure class=\"swiper-slide-inner\"><img decoding=\"async\" class=\"swiper-slide-image\" src=\"http:\/\/duvisuel.ch\/fotoscope\/wp-content\/uploads\/2025\/07\/CONCHES-TERRASSIERE-21-7-copie-768x577.jpg\" alt=\"CONCHES-TERRASSIERE 21 (7) copie\" \/><\/figure><\/div><div class=\"swiper-slide\"><figure class=\"swiper-slide-inner\"><img decoding=\"async\" class=\"swiper-slide-image\" src=\"http:\/\/duvisuel.ch\/fotoscope\/wp-content\/uploads\/2025\/07\/CONCHES-TERRASSIERE-21-6-copie-768x577.jpg\" alt=\"CONCHES-TERRASSIERE 21 (6) copie\" \/><\/figure><\/div>\t\t\t<\/div>\n\t\t\t\t\t\t\t\t\t\t\t\t<div class=\"swiper-pagination\"><\/div>\n\t\t\t\t\t\t\t\t\t\t\t\t\t<div class=\"elementor-swiper-button elementor-swiper-button-prev\">\n\t\t\t\t\t\t<i aria-hidden=\"true\" class=\"eicon-chevron-left\"><\/i>\t\t\t\t\t\t<span class=\"elementor-screen-only\">Pr\u00e9c\u00e9dent<\/span>\n\t\t\t\t\t<\/div>\n\t\t\t\t\t<div class=\"elementor-swiper-button elementor-swiper-button-next\">\n\t\t\t\t\t\t<i aria-hidden=\"true\" class=\"eicon-chevron-right\"><\/i>\t\t\t\t\t\t<span class=\"elementor-screen-only\">Suivant<\/span>\n\t\t\t\t\t<\/div>\n\t\t\t\t\t\t\t\t\t<\/div>\n\t\t\t\t<\/div>\n\t\t\t\t<\/div>\n\t\t\t\t\t<\/div>\n\t\t<\/div>\n\t\t\t\t\t\t\t<\/div>\n\t\t<\/section>\n\t\t\t\t\t\t<\/div>\n\t\t\t\t\t<\/div>\n\t\t","protected":false},"excerpt":{"rendered":"<p>DYSTOPIES\u00a0 &gt; s\u00e9ries psychog\u00e9ographies du territoire \u201cofficiel\u201d aux marges, des cartes postales aux lieux ordinaires Avec Fotoscope, j\u2019ai commenc\u00e9 \u00e0 questionner les repr\u00e9sentations standardis\u00e9es d\u2019un territoire \u2014 celles que l\u2019on retrouve dans les brochures touristiques, les clich\u00e9s institutionnels ou m\u00e9diatiques \u2014 en proposant des visions alternatives, plus sensibles, plus ambivalentes. La s\u00e9rie Dystopies prolonge cette &hellip;<\/p>\n<p class=\"read-more\"> <a class=\"\" href=\"http:\/\/duvisuel.ch\/fotoscope\/purpple-screen-cityscape\/\"> <span class=\"screen-reader-text\">purpple screen (cityscape)<\/span> Lire la suite\u00a0\u00bb<\/a><\/p>\n","protected":false},"author":1,"featured_media":0,"parent":0,"menu_order":0,"comment_status":"closed","ping_status":"closed","template":"","meta":{"site-sidebar-layout":"no-sidebar","site-content-layout":"page-builder","ast-main-header-display":"","ast-hfb-above-header-display":"","ast-hfb-below-header-display":"","ast-hfb-mobile-header-display":"","site-post-title":"disabled","ast-breadcrumbs-content":"","ast-featured-img":"disabled","footer-sml-layout":"","theme-transparent-header-meta":"","adv-header-id-meta":"","stick-header-meta":"","header-above-stick-meta":"","header-main-stick-meta":"","header-below-stick-meta":"","footnotes":""},"class_list":["post-4499","page","type-page","status-publish","hentry"],"_links":{"self":[{"href":"http:\/\/duvisuel.ch\/fotoscope\/wp-json\/wp\/v2\/pages\/4499","targetHints":{"allow":["GET"]}}],"collection":[{"href":"http:\/\/duvisuel.ch\/fotoscope\/wp-json\/wp\/v2\/pages"}],"about":[{"href":"http:\/\/duvisuel.ch\/fotoscope\/wp-json\/wp\/v2\/types\/page"}],"author":[{"embeddable":true,"href":"http:\/\/duvisuel.ch\/fotoscope\/wp-json\/wp\/v2\/users\/1"}],"replies":[{"embeddable":true,"href":"http:\/\/duvisuel.ch\/fotoscope\/wp-json\/wp\/v2\/comments?post=4499"}],"version-history":[{"count":42,"href":"http:\/\/duvisuel.ch\/fotoscope\/wp-json\/wp\/v2\/pages\/4499\/revisions"}],"predecessor-version":[{"id":4827,"href":"http:\/\/duvisuel.ch\/fotoscope\/wp-json\/wp\/v2\/pages\/4499\/revisions\/4827"}],"wp:attachment":[{"href":"http:\/\/duvisuel.ch\/fotoscope\/wp-json\/wp\/v2\/media?parent=4499"}],"curies":[{"name":"wp","href":"https:\/\/api.w.org\/{rel}","templated":true}]}}