{"id":4568,"date":"2024-02-24T11:55:13","date_gmt":"2024-02-24T10:55:13","guid":{"rendered":"http:\/\/duvisuel.ch\/fotoscope\/?page_id=4568"},"modified":"2025-12-20T21:23:07","modified_gmt":"2025-12-20T20:23:07","slug":"distopie","status":"publish","type":"page","link":"http:\/\/duvisuel.ch\/fotoscope\/distopie\/","title":{"rendered":"distopie"},"content":{"rendered":"\t\t<div data-elementor-type=\"wp-page\" data-elementor-id=\"4568\" class=\"elementor elementor-4568\" data-elementor-settings=\"[]\">\n\t\t\t\t\t\t\t<div class=\"elementor-section-wrap\">\n\t\t\t\t\t\t\t<section class=\"elementor-section elementor-top-section elementor-element elementor-element-b248e7b elementor-section-boxed elementor-section-height-default elementor-section-height-default\" data-id=\"b248e7b\" data-element_type=\"section\">\n\t\t\t\t\t\t<div class=\"elementor-container elementor-column-gap-default\">\n\t\t\t\t\t<div class=\"elementor-column elementor-col-100 elementor-top-column elementor-element elementor-element-1802b00\" data-id=\"1802b00\" data-element_type=\"column\">\n\t\t\t<div class=\"elementor-widget-wrap elementor-element-populated\">\n\t\t\t\t\t\t\t\t<div class=\"elementor-element elementor-element-bd6c044 elementor-widget elementor-widget-text-editor\" data-id=\"bd6c044\" data-element_type=\"widget\" data-widget_type=\"text-editor.default\">\n\t\t\t\t<div class=\"elementor-widget-container\">\n\t\t\t<style>\/*! elementor - v3.5.5 - 03-02-2022 *\/\n.elementor-widget-text-editor.elementor-drop-cap-view-stacked .elementor-drop-cap{background-color:#818a91;color:#fff}.elementor-widget-text-editor.elementor-drop-cap-view-framed .elementor-drop-cap{color:#818a91;border:3px solid;background-color:transparent}.elementor-widget-text-editor:not(.elementor-drop-cap-view-default) .elementor-drop-cap{margin-top:8px}.elementor-widget-text-editor:not(.elementor-drop-cap-view-default) .elementor-drop-cap-letter{width:1em;height:1em}.elementor-widget-text-editor .elementor-drop-cap{float:left;text-align:center;line-height:1;font-size:50px}.elementor-widget-text-editor .elementor-drop-cap-letter{display:inline-block}<\/style>\t\t\t\t<p><b>Cityscape<\/b> &#8211;<\/p><p>L<b>e sentiment de la ville<\/b><\/p><p>En arpentant les rues d\u2019une cit\u00e9 en constant remaniement et devenue mon territoire existentiel par \u00ab al\u00e9as d\u2019un destin crypt\u00e9 \u00bb, je tente d\u2019en saisir l\u2019atmosph\u00e8re transitoire et fatalement hybride par montage de plans superpos\u00e9s issus d\u2019images pr\u00e9lev\u00e9es d\u2019un m\u00eame \u00e9cosyst\u00e8me ville-r\u00e9gion<\/p><p>Une m\u00e9taphore du temps relatif y est sous-jacente en catimini<\/p><p>\u00a0Ce qui est, semble en sursis d\u2019une projection \u00e0 venir.<\/p><p>le d\u00e9cor \u00e9ph\u00e9m\u00e8re \u2013 d\u2019un lieu -me fait entrevoir un soup\u00e7on consid\u00e9rable de possibilit\u00e9s virtuelles qui renversent l\u2019ordre \u00e9tabli (du r\u00e9el imm\u00e9diat) et me ram\u00e8ne toujours aux bords de l\u2019eau (esprit frappeur des rivi\u00e8res)\u00a0: les limites d\u2019une perception \u00e9trange ou l\u2019espace vacille du construit rationnel au d\u00e9placement en apparence illogique des \u00e9l\u00e9ments qui se condensent, se superposent ou se dilatent \u2013 un appel \u00e0 rejoindre les grands espaces<\/p>\t\t\t\t\t\t<\/div>\n\t\t\t\t<\/div>\n\t\t\t\t\t<\/div>\n\t\t<\/div>\n\t\t\t\t\t\t\t<\/div>\n\t\t<\/section>\n\t\t\t\t<section class=\"elementor-section elementor-top-section elementor-element elementor-element-dcbc135 elementor-section-boxed elementor-section-height-default elementor-section-height-default\" data-id=\"dcbc135\" data-element_type=\"section\">\n\t\t\t\t\t\t<div class=\"elementor-container elementor-column-gap-default\">\n\t\t\t\t\t<div class=\"elementor-column elementor-col-100 elementor-top-column elementor-element elementor-element-3897dac\" data-id=\"3897dac\" data-element_type=\"column\">\n\t\t\t<div class=\"elementor-widget-wrap elementor-element-populated\">\n\t\t\t\t\t\t\t\t<div class=\"elementor-element elementor-element-b0218c2 e-transform elementor-arrows-position-inside elementor-pagination-position-outside elementor-widget elementor-widget-image-carousel\" data-id=\"b0218c2\" data-element_type=\"widget\" data-settings=\"{&quot;slides_to_show&quot;:&quot;4&quot;,&quot;_transform_translateX_effect&quot;:{&quot;unit&quot;:&quot;px&quot;,&quot;size&quot;:4,&quot;sizes&quot;:[]},&quot;_transform_translateY_effect&quot;:{&quot;unit&quot;:&quot;px&quot;,&quot;size&quot;:4,&quot;sizes&quot;:[]},&quot;navigation&quot;:&quot;both&quot;,&quot;autoplay&quot;:&quot;yes&quot;,&quot;pause_on_hover&quot;:&quot;yes&quot;,&quot;pause_on_interaction&quot;:&quot;yes&quot;,&quot;autoplay_speed&quot;:5000,&quot;infinite&quot;:&quot;yes&quot;,&quot;speed&quot;:500,&quot;_transform_translateX_effect_tablet&quot;:{&quot;unit&quot;:&quot;px&quot;,&quot;size&quot;:&quot;&quot;,&quot;sizes&quot;:[]},&quot;_transform_translateX_effect_mobile&quot;:{&quot;unit&quot;:&quot;px&quot;,&quot;size&quot;:&quot;&quot;,&quot;sizes&quot;:[]},&quot;_transform_translateY_effect_tablet&quot;:{&quot;unit&quot;:&quot;px&quot;,&quot;size&quot;:&quot;&quot;,&quot;sizes&quot;:[]},&quot;_transform_translateY_effect_mobile&quot;:{&quot;unit&quot;:&quot;px&quot;,&quot;size&quot;:&quot;&quot;,&quot;sizes&quot;:[]}}\" data-widget_type=\"image-carousel.default\">\n\t\t\t\t<div class=\"elementor-widget-container\">\n\t\t\t<style>\/*! elementor - v3.5.5 - 03-02-2022 *\/\n.elementor-widget-image-carousel .swiper-container{position:static}.elementor-widget-image-carousel .swiper-container .swiper-slide figure{line-height:inherit}.elementor-widget-image-carousel .swiper-slide{text-align:center}.elementor-image-carousel-wrapper:not(.swiper-container-initialized) .swiper-slide{max-width:calc(100% \/ var(--e-image-carousel-slides-to-show, 3))}<\/style>\t\t<div class=\"elementor-image-carousel-wrapper swiper-container\" dir=\"ltr\">\n\t\t\t<div class=\"elementor-image-carousel swiper-wrapper\">\n\t\t\t\t\t\t\t\t<div class=\"swiper-slide\"><a data-elementor-open-lightbox=\"yes\" data-elementor-lightbox-slideshow=\"b0218c2\" data-elementor-lightbox-title=\"m-3 copie 2\" href=\"http:\/\/duvisuel.ch\/fotoscope\/wp-content\/uploads\/2024\/02\/m-3-copie-2.jpg\"><figure class=\"swiper-slide-inner\"><img decoding=\"async\" class=\"swiper-slide-image\" src=\"http:\/\/duvisuel.ch\/fotoscope\/wp-content\/uploads\/2024\/02\/m-3-copie-2-768x577.jpg\" alt=\"m-3 copie 2\" \/><\/figure><\/a><\/div><div class=\"swiper-slide\"><a data-elementor-open-lightbox=\"yes\" data-elementor-lightbox-slideshow=\"b0218c2\" data-elementor-lightbox-title=\"m-l48kk copie-9 copie\" href=\"http:\/\/duvisuel.ch\/fotoscope\/wp-content\/uploads\/2024\/02\/m-l48kk-copie-9-copie.jpg\"><figure class=\"swiper-slide-inner\"><img decoding=\"async\" class=\"swiper-slide-image\" src=\"http:\/\/duvisuel.ch\/fotoscope\/wp-content\/uploads\/2024\/02\/m-l48kk-copie-9-copie-768x577.jpg\" alt=\"m-l48kk copie-9 copie\" \/><\/figure><\/a><\/div><div class=\"swiper-slide\"><a data-elementor-open-lightbox=\"yes\" data-elementor-lightbox-slideshow=\"b0218c2\" data-elementor-lightbox-title=\"m-l48kk copie 2\" href=\"http:\/\/duvisuel.ch\/fotoscope\/wp-content\/uploads\/2024\/02\/m-l48kk-copie-2.jpg\"><figure class=\"swiper-slide-inner\"><img decoding=\"async\" class=\"swiper-slide-image\" src=\"http:\/\/duvisuel.ch\/fotoscope\/wp-content\/uploads\/2024\/02\/m-l48kk-copie-2-768x577.jpg\" alt=\"m-l48kk copie 2\" \/><\/figure><\/a><\/div><div class=\"swiper-slide\"><a data-elementor-open-lightbox=\"yes\" data-elementor-lightbox-slideshow=\"b0218c2\" data-elementor-lightbox-title=\"m-1 copie 2\" href=\"http:\/\/duvisuel.ch\/fotoscope\/wp-content\/uploads\/2024\/02\/m-1-copie-2.jpg\"><figure class=\"swiper-slide-inner\"><img decoding=\"async\" class=\"swiper-slide-image\" src=\"http:\/\/duvisuel.ch\/fotoscope\/wp-content\/uploads\/2024\/02\/m-1-copie-2-768x577.jpg\" alt=\"m-1 copie 2\" \/><\/figure><\/a><\/div><div class=\"swiper-slide\"><a data-elementor-open-lightbox=\"yes\" data-elementor-lightbox-slideshow=\"b0218c2\" data-elementor-lightbox-title=\"Arver-lum 005 copie 2\" href=\"http:\/\/duvisuel.ch\/fotoscope\/wp-content\/uploads\/2024\/02\/Arver-lum-005-copie-2.jpg\"><figure class=\"swiper-slide-inner\"><img decoding=\"async\" class=\"swiper-slide-image\" src=\"http:\/\/duvisuel.ch\/fotoscope\/wp-content\/uploads\/2024\/02\/Arver-lum-005-copie-2-768x577.jpg\" alt=\"Arver-lum 005 copie 2\" \/><\/figure><\/a><\/div><div class=\"swiper-slide\"><a data-elementor-open-lightbox=\"yes\" data-elementor-lightbox-slideshow=\"b0218c2\" data-elementor-lightbox-title=\"Arve-lum 025-l.kjpg copie 2\" href=\"http:\/\/duvisuel.ch\/fotoscope\/wp-content\/uploads\/2024\/02\/Arve-lum-025-l.kjpg-copie-2.jpg\"><figure class=\"swiper-slide-inner\"><img decoding=\"async\" class=\"swiper-slide-image\" src=\"http:\/\/duvisuel.ch\/fotoscope\/wp-content\/uploads\/2024\/02\/Arve-lum-025-l.kjpg-copie-2-768x577.jpg\" alt=\"Arve-lum 025-l.kjpg copie 2\" \/><\/figure><\/a><\/div><div class=\"swiper-slide\"><a data-elementor-open-lightbox=\"yes\" data-elementor-lightbox-slideshow=\"b0218c2\" data-elementor-lightbox-title=\"Arve-lum 025b-l (2) copie 2\" href=\"http:\/\/duvisuel.ch\/fotoscope\/wp-content\/uploads\/2024\/02\/Arve-lum-025b-l-2-copie-2.jpg\"><figure class=\"swiper-slide-inner\"><img decoding=\"async\" class=\"swiper-slide-image\" src=\"http:\/\/duvisuel.ch\/fotoscope\/wp-content\/uploads\/2024\/02\/Arve-lum-025b-l-2-copie-2-768x577.jpg\" alt=\"Arve-lum 025b-l (2) copie 2\" \/><\/figure><\/a><\/div><div class=\"swiper-slide\"><a data-elementor-open-lightbox=\"yes\" data-elementor-lightbox-slideshow=\"b0218c2\" data-elementor-lightbox-title=\"Arve-lum 005b copie 2\" href=\"http:\/\/duvisuel.ch\/fotoscope\/wp-content\/uploads\/2024\/02\/Arve-lum-005b-copie-2.jpg\"><figure class=\"swiper-slide-inner\"><img decoding=\"async\" class=\"swiper-slide-image\" src=\"http:\/\/duvisuel.ch\/fotoscope\/wp-content\/uploads\/2024\/02\/Arve-lum-005b-copie-2-768x577.jpg\" alt=\"Arve-lum 005b copie 2\" \/><\/figure><\/a><\/div><div class=\"swiper-slide\"><a data-elementor-open-lightbox=\"yes\" data-elementor-lightbox-slideshow=\"b0218c2\" data-elementor-lightbox-title=\"Arve-lum 02j5 copie 2\" href=\"http:\/\/duvisuel.ch\/fotoscope\/wp-content\/uploads\/2024\/02\/Arve-lum-02j5-copie-2.jpg\"><figure class=\"swiper-slide-inner\"><img decoding=\"async\" class=\"swiper-slide-image\" src=\"http:\/\/duvisuel.ch\/fotoscope\/wp-content\/uploads\/2024\/02\/Arve-lum-02j5-copie-2-768x577.jpg\" alt=\"Arve-lum 02j5 copie 2\" \/><\/figure><\/a><\/div><div class=\"swiper-slide\"><a data-elementor-open-lightbox=\"yes\" data-elementor-lightbox-slideshow=\"b0218c2\" data-elementor-lightbox-title=\"Arve-lum 02b5-l copie 2\" href=\"http:\/\/duvisuel.ch\/fotoscope\/wp-content\/uploads\/2024\/02\/Arve-lum-02b5-l-copie-2.jpg\"><figure class=\"swiper-slide-inner\"><img decoding=\"async\" class=\"swiper-slide-image\" src=\"http:\/\/duvisuel.ch\/fotoscope\/wp-content\/uploads\/2024\/02\/Arve-lum-02b5-l-copie-2-768x577.jpg\" alt=\"Arve-lum 02b5-l copie 2\" \/><\/figure><\/a><\/div><div class=\"swiper-slide\"><a data-elementor-open-lightbox=\"yes\" data-elementor-lightbox-slideshow=\"b0218c2\" data-elementor-lightbox-title=\"Arve-lum 0zz25 copie\" href=\"http:\/\/duvisuel.ch\/fotoscope\/wp-content\/uploads\/2024\/02\/Arve-lum-0zz25-copie.jpg\"><figure class=\"swiper-slide-inner\"><img decoding=\"async\" class=\"swiper-slide-image\" src=\"http:\/\/duvisuel.ch\/fotoscope\/wp-content\/uploads\/2024\/02\/Arve-lum-0zz25-copie-768x577.jpg\" alt=\"Arve-lum 0zz25 copie\" \/><\/figure><\/a><\/div>\t\t\t<\/div>\n\t\t\t\t\t\t\t\t\t\t\t\t<div class=\"swiper-pagination\"><\/div>\n\t\t\t\t\t\t\t\t\t\t\t\t\t<div class=\"elementor-swiper-button elementor-swiper-button-prev\">\n\t\t\t\t\t\t<i aria-hidden=\"true\" class=\"eicon-chevron-left\"><\/i>\t\t\t\t\t\t<span class=\"elementor-screen-only\">Pr\u00e9c\u00e9dent<\/span>\n\t\t\t\t\t<\/div>\n\t\t\t\t\t<div class=\"elementor-swiper-button elementor-swiper-button-next\">\n\t\t\t\t\t\t<i aria-hidden=\"true\" class=\"eicon-chevron-right\"><\/i>\t\t\t\t\t\t<span class=\"elementor-screen-only\">Suivant<\/span>\n\t\t\t\t\t<\/div>\n\t\t\t\t\t\t\t\t\t<\/div>\n\t\t\t\t<\/div>\n\t\t\t\t<\/div>\n\t\t\t\t\t<\/div>\n\t\t<\/div>\n\t\t\t\t\t\t\t<\/div>\n\t\t<\/section>\n\t\t\t\t\t\t<\/div>\n\t\t\t\t\t<\/div>\n\t\t","protected":false},"excerpt":{"rendered":"<p>Cityscape &#8211; Le sentiment de la ville En arpentant les rues d\u2019une cit\u00e9 en constant remaniement et devenue mon territoire existentiel par \u00ab al\u00e9as d\u2019un destin crypt\u00e9 \u00bb, je tente d\u2019en saisir l\u2019atmosph\u00e8re transitoire et fatalement hybride par montage de plans superpos\u00e9s issus d\u2019images pr\u00e9lev\u00e9es d\u2019un m\u00eame \u00e9cosyst\u00e8me ville-r\u00e9gion Une m\u00e9taphore du temps relatif y &hellip;<\/p>\n<p class=\"read-more\"> <a class=\"\" href=\"http:\/\/duvisuel.ch\/fotoscope\/distopie\/\"> <span class=\"screen-reader-text\">distopie<\/span> Lire la suite\u00a0\u00bb<\/a><\/p>\n","protected":false},"author":1,"featured_media":0,"parent":0,"menu_order":0,"comment_status":"closed","ping_status":"closed","template":"","meta":{"site-sidebar-layout":"no-sidebar","site-content-layout":"page-builder","ast-main-header-display":"","ast-hfb-above-header-display":"","ast-hfb-below-header-display":"","ast-hfb-mobile-header-display":"","site-post-title":"disabled","ast-breadcrumbs-content":"","ast-featured-img":"disabled","footer-sml-layout":"","theme-transparent-header-meta":"","adv-header-id-meta":"","stick-header-meta":"","header-above-stick-meta":"","header-main-stick-meta":"","header-below-stick-meta":"","footnotes":""},"class_list":["post-4568","page","type-page","status-publish","hentry"],"_links":{"self":[{"href":"http:\/\/duvisuel.ch\/fotoscope\/wp-json\/wp\/v2\/pages\/4568","targetHints":{"allow":["GET"]}}],"collection":[{"href":"http:\/\/duvisuel.ch\/fotoscope\/wp-json\/wp\/v2\/pages"}],"about":[{"href":"http:\/\/duvisuel.ch\/fotoscope\/wp-json\/wp\/v2\/types\/page"}],"author":[{"embeddable":true,"href":"http:\/\/duvisuel.ch\/fotoscope\/wp-json\/wp\/v2\/users\/1"}],"replies":[{"embeddable":true,"href":"http:\/\/duvisuel.ch\/fotoscope\/wp-json\/wp\/v2\/comments?post=4568"}],"version-history":[{"count":15,"href":"http:\/\/duvisuel.ch\/fotoscope\/wp-json\/wp\/v2\/pages\/4568\/revisions"}],"predecessor-version":[{"id":4812,"href":"http:\/\/duvisuel.ch\/fotoscope\/wp-json\/wp\/v2\/pages\/4568\/revisions\/4812"}],"wp:attachment":[{"href":"http:\/\/duvisuel.ch\/fotoscope\/wp-json\/wp\/v2\/media?parent=4568"}],"curies":[{"name":"wp","href":"https:\/\/api.w.org\/{rel}","templated":true}]}}