{"id":4615,"date":"2024-08-18T20:31:06","date_gmt":"2024-08-18T18:31:06","guid":{"rendered":"http:\/\/duvisuel.ch\/fotoscope\/?page_id=4615"},"modified":"2024-10-20T21:45:38","modified_gmt":"2024-10-20T19:45:38","slug":"chaos-design","status":"publish","type":"page","link":"http:\/\/duvisuel.ch\/fotoscope\/chaos-design\/","title":{"rendered":"Totems"},"content":{"rendered":"\t\t<div data-elementor-type=\"wp-page\" data-elementor-id=\"4615\" class=\"elementor elementor-4615\" data-elementor-settings=\"[]\">\n\t\t\t\t\t\t\t<div class=\"elementor-section-wrap\">\n\t\t\t\t\t\t\t<section class=\"elementor-section elementor-top-section elementor-element elementor-element-1b54703 elementor-section-boxed elementor-section-height-default elementor-section-height-default\" data-id=\"1b54703\" data-element_type=\"section\">\n\t\t\t\t\t\t<div class=\"elementor-container elementor-column-gap-default\">\n\t\t\t\t\t<div class=\"elementor-column elementor-col-100 elementor-top-column elementor-element elementor-element-6589176\" data-id=\"6589176\" data-element_type=\"column\">\n\t\t\t<div class=\"elementor-widget-wrap\">\n\t\t\t\t\t\t\t\t\t<\/div>\n\t\t<\/div>\n\t\t\t\t\t\t\t<\/div>\n\t\t<\/section>\n\t\t\t\t<section class=\"elementor-section elementor-top-section elementor-element elementor-element-634c9ca elementor-section-boxed elementor-section-height-default elementor-section-height-default\" data-id=\"634c9ca\" data-element_type=\"section\">\n\t\t\t\t\t\t<div class=\"elementor-container elementor-column-gap-default\">\n\t\t\t\t\t<div class=\"elementor-column elementor-col-100 elementor-top-column elementor-element elementor-element-8b2a26f\" data-id=\"8b2a26f\" data-element_type=\"column\">\n\t\t\t<div class=\"elementor-widget-wrap elementor-element-populated\">\n\t\t\t\t\t\t\t\t<div class=\"elementor-element elementor-element-219d9d6 elementor-widget elementor-widget-text-editor\" data-id=\"219d9d6\" data-element_type=\"widget\" data-widget_type=\"text-editor.default\">\n\t\t\t\t<div class=\"elementor-widget-container\">\n\t\t\t<style>\/*! elementor - v3.5.5 - 03-02-2022 *\/\n.elementor-widget-text-editor.elementor-drop-cap-view-stacked .elementor-drop-cap{background-color:#818a91;color:#fff}.elementor-widget-text-editor.elementor-drop-cap-view-framed .elementor-drop-cap{color:#818a91;border:3px solid;background-color:transparent}.elementor-widget-text-editor:not(.elementor-drop-cap-view-default) .elementor-drop-cap{margin-top:8px}.elementor-widget-text-editor:not(.elementor-drop-cap-view-default) .elementor-drop-cap-letter{width:1em;height:1em}.elementor-widget-text-editor .elementor-drop-cap{float:left;text-align:center;line-height:1;font-size:50px}.elementor-widget-text-editor .elementor-drop-cap-letter{display:inline-block}<\/style>\t\t\t\t<p><span style=\"font-size: 14pt;\"><strong><span style=\"font-family: arial, helvetica, sans-serif;\">Totems<\/span><\/strong><\/span><\/p><p><span style=\"font-family: arial, helvetica, sans-serif;\">vs \u00e9chantillon territoire \u2013 2024<\/span><\/p><p>digital Print &#8211; format variable (de A4 \u00e0 A0)<\/p><p><span style=\"font-family: arial, helvetica, sans-serif;\">S\u00e9rie- recyclage intr\u00e9pide<\/span><\/p><p><span style=\"font-family: arial, helvetica, sans-serif;\">Par cette s\u00e9rie, j\u2019ai voulu mettre en sc\u00e8ne dans un cadre contenu une certaine id\u00e9e du chaos primordial ou forces latentes de la nature (des \u00e9l\u00e9ments min\u00e9raux et artificiels sont assembl\u00e9s p\u00e8le m\u00eale pour symboliser\/manifester cette intention \u00e0 une \u00e9chelle microcosme)<\/span><\/p><p><span style=\"font-family: arial, helvetica, sans-serif;\">Ce sont des \u00e9chantillons pr\u00e9lev\u00e9s d\u2019un bout de terre arpent\u00e9<\/span><\/p><p><span style=\"font-family: arial, helvetica, sans-serif;\">Le dispositif en carton est le contenu qui symbolise le cadre, la pi\u00e8ce, le white cube, le contour qui va recevoir, composer, assembler de mani\u00e8re al\u00e9atoire les \u00e9l\u00e9ments \u00e9pars de cette mati\u00e8re premi\u00e8re composite pr\u00e9lev\u00e9e d\u2019un territoire sp\u00e9cifique (galets et fragments plastiques trouv\u00e9s au bord d\u2019une rivi\u00e8re)<\/span><\/p>\t\t\t\t\t\t<\/div>\n\t\t\t\t<\/div>\n\t\t\t\t\t<\/div>\n\t\t<\/div>\n\t\t\t\t\t\t\t<\/div>\n\t\t<\/section>\n\t\t\t\t<section class=\"elementor-section elementor-top-section elementor-element elementor-element-f543049 elementor-section-boxed elementor-section-height-default elementor-section-height-default\" data-id=\"f543049\" data-element_type=\"section\">\n\t\t\t\t\t\t<div class=\"elementor-container elementor-column-gap-default\">\n\t\t\t\t\t<div class=\"elementor-column elementor-col-100 elementor-top-column elementor-element elementor-element-a53cc7b\" data-id=\"a53cc7b\" data-element_type=\"column\">\n\t\t\t<div class=\"elementor-widget-wrap elementor-element-populated\">\n\t\t\t\t\t\t\t\t<div class=\"elementor-element elementor-element-63d4d6d elementor-widget elementor-widget-image-gallery\" data-id=\"63d4d6d\" data-element_type=\"widget\" data-widget_type=\"image-gallery.default\">\n\t\t\t\t<div class=\"elementor-widget-container\">\n\t\t\t<style>\/*! elementor - v3.5.5 - 03-02-2022 *\/\n.elementor-image-gallery .gallery-item{display:inline-block;text-align:center;vertical-align:top;width:100%;max-width:100%;margin:0 auto}.elementor-image-gallery .gallery-item img{margin:0 auto}.elementor-image-gallery .gallery-item .gallery-caption{margin:0}.elementor-image-gallery figure img{display:block}.elementor-image-gallery figure figcaption{width:100%}.gallery-spacing-custom .elementor-image-gallery .gallery-icon{padding:0}@media (min-width:768px){.elementor-image-gallery .gallery-columns-2 .gallery-item{max-width:50%}.elementor-image-gallery .gallery-columns-3 .gallery-item{max-width:33.33%}.elementor-image-gallery .gallery-columns-4 .gallery-item{max-width:25%}.elementor-image-gallery .gallery-columns-5 .gallery-item{max-width:20%}.elementor-image-gallery .gallery-columns-6 .gallery-item{max-width:16.666%}.elementor-image-gallery .gallery-columns-7 .gallery-item{max-width:14.28%}.elementor-image-gallery .gallery-columns-8 .gallery-item{max-width:12.5%}.elementor-image-gallery .gallery-columns-9 .gallery-item{max-width:11.11%}.elementor-image-gallery .gallery-columns-10 .gallery-item{max-width:10%}}@media (min-width:480px) and (max-width:767px){.elementor-image-gallery .gallery.gallery-columns-2 .gallery-item,.elementor-image-gallery .gallery.gallery-columns-3 .gallery-item,.elementor-image-gallery .gallery.gallery-columns-4 .gallery-item,.elementor-image-gallery .gallery.gallery-columns-5 .gallery-item,.elementor-image-gallery .gallery.gallery-columns-6 .gallery-item,.elementor-image-gallery .gallery.gallery-columns-7 .gallery-item,.elementor-image-gallery .gallery.gallery-columns-8 .gallery-item,.elementor-image-gallery .gallery.gallery-columns-9 .gallery-item,.elementor-image-gallery .gallery.gallery-columns-10 .gallery-item{max-width:50%}}@media (max-width:479px){.elementor-image-gallery .gallery.gallery-columns-2 .gallery-item,.elementor-image-gallery .gallery.gallery-columns-3 .gallery-item,.elementor-image-gallery .gallery.gallery-columns-4 .gallery-item,.elementor-image-gallery .gallery.gallery-columns-5 .gallery-item,.elementor-image-gallery .gallery.gallery-columns-6 .gallery-item,.elementor-image-gallery .gallery.gallery-columns-7 .gallery-item,.elementor-image-gallery .gallery.gallery-columns-8 .gallery-item,.elementor-image-gallery .gallery.gallery-columns-9 .gallery-item,.elementor-image-gallery .gallery.gallery-columns-10 .gallery-item{max-width:100%}}<\/style>\t\t<div class=\"elementor-image-gallery\">\n\t\t\t<div id='gallery-1' class='gallery galleryid-4615 gallery-columns-6 gallery-size-medium_large'><figure class='gallery-item'>\n\t\t\t<div class='gallery-icon portrait'>\n\t\t\t\t<a data-elementor-open-lightbox=\"yes\" data-elementor-lightbox-slideshow=\"63d4d6d\" data-elementor-lightbox-title=\"degrade simple_3CH copie\" href='http:\/\/duvisuel.ch\/fotoscope\/wp-content\/uploads\/2024\/08\/degrade-simple_3CH-copie.jpg'><img loading=\"lazy\" decoding=\"async\" width=\"667\" height=\"1000\" src=\"http:\/\/duvisuel.ch\/fotoscope\/wp-content\/uploads\/2024\/08\/degrade-simple_3CH-copie.jpg\" class=\"attachment-medium_large size-medium_large\" alt=\"\" srcset=\"http:\/\/duvisuel.ch\/fotoscope\/wp-content\/uploads\/2024\/08\/degrade-simple_3CH-copie.jpg 667w, http:\/\/duvisuel.ch\/fotoscope\/wp-content\/uploads\/2024\/08\/degrade-simple_3CH-copie-200x300.jpg 200w\" sizes=\"auto, (max-width: 667px) 100vw, 667px\" \/><\/a>\n\t\t\t<\/div><\/figure><figure class='gallery-item'>\n\t\t\t<div class='gallery-icon portrait'>\n\t\t\t\t<a data-elementor-open-lightbox=\"yes\" data-elementor-lightbox-slideshow=\"63d4d6d\" data-elementor-lightbox-title=\"degrade simple_3C copie\" href='http:\/\/duvisuel.ch\/fotoscope\/wp-content\/uploads\/2024\/08\/degrade-simple_3C-copie.jpg'><img loading=\"lazy\" decoding=\"async\" width=\"667\" height=\"1000\" src=\"http:\/\/duvisuel.ch\/fotoscope\/wp-content\/uploads\/2024\/08\/degrade-simple_3C-copie.jpg\" class=\"attachment-medium_large size-medium_large\" alt=\"\" srcset=\"http:\/\/duvisuel.ch\/fotoscope\/wp-content\/uploads\/2024\/08\/degrade-simple_3C-copie.jpg 667w, http:\/\/duvisuel.ch\/fotoscope\/wp-content\/uploads\/2024\/08\/degrade-simple_3C-copie-200x300.jpg 200w\" sizes=\"auto, (max-width: 667px) 100vw, 667px\" \/><\/a>\n\t\t\t<\/div><\/figure><figure class='gallery-item'>\n\t\t\t<div class='gallery-icon portrait'>\n\t\t\t\t<a data-elementor-open-lightbox=\"yes\" data-elementor-lightbox-slideshow=\"63d4d6d\" data-elementor-lightbox-title=\"degrade simple_3B copie\" href='http:\/\/duvisuel.ch\/fotoscope\/wp-content\/uploads\/2024\/08\/degrade-simple_3B-copie.jpg'><img loading=\"lazy\" decoding=\"async\" width=\"667\" height=\"1000\" src=\"http:\/\/duvisuel.ch\/fotoscope\/wp-content\/uploads\/2024\/08\/degrade-simple_3B-copie.jpg\" class=\"attachment-medium_large size-medium_large\" alt=\"\" srcset=\"http:\/\/duvisuel.ch\/fotoscope\/wp-content\/uploads\/2024\/08\/degrade-simple_3B-copie.jpg 667w, http:\/\/duvisuel.ch\/fotoscope\/wp-content\/uploads\/2024\/08\/degrade-simple_3B-copie-200x300.jpg 200w\" sizes=\"auto, (max-width: 667px) 100vw, 667px\" \/><\/a>\n\t\t\t<\/div><\/figure><figure class='gallery-item'>\n\t\t\t<div class='gallery-icon portrait'>\n\t\t\t\t<a data-elementor-open-lightbox=\"yes\" data-elementor-lightbox-slideshow=\"63d4d6d\" data-elementor-lightbox-title=\"degrade simple_3 copie\" href='http:\/\/duvisuel.ch\/fotoscope\/wp-content\/uploads\/2024\/08\/degrade-simple_3-copie.jpg'><img loading=\"lazy\" decoding=\"async\" width=\"667\" height=\"1000\" src=\"http:\/\/duvisuel.ch\/fotoscope\/wp-content\/uploads\/2024\/08\/degrade-simple_3-copie.jpg\" class=\"attachment-medium_large size-medium_large\" alt=\"\" srcset=\"http:\/\/duvisuel.ch\/fotoscope\/wp-content\/uploads\/2024\/08\/degrade-simple_3-copie.jpg 667w, http:\/\/duvisuel.ch\/fotoscope\/wp-content\/uploads\/2024\/08\/degrade-simple_3-copie-200x300.jpg 200w\" sizes=\"auto, (max-width: 667px) 100vw, 667px\" \/><\/a>\n\t\t\t<\/div><\/figure><figure class='gallery-item'>\n\t\t\t<div class='gallery-icon portrait'>\n\t\t\t\t<a data-elementor-open-lightbox=\"yes\" data-elementor-lightbox-slideshow=\"63d4d6d\" data-elementor-lightbox-title=\"degrade simple_2 copie\" href='http:\/\/duvisuel.ch\/fotoscope\/wp-content\/uploads\/2024\/08\/degrade-simple_2-copie.jpg'><img loading=\"lazy\" decoding=\"async\" width=\"667\" height=\"1000\" src=\"http:\/\/duvisuel.ch\/fotoscope\/wp-content\/uploads\/2024\/08\/degrade-simple_2-copie.jpg\" class=\"attachment-medium_large size-medium_large\" alt=\"\" srcset=\"http:\/\/duvisuel.ch\/fotoscope\/wp-content\/uploads\/2024\/08\/degrade-simple_2-copie.jpg 667w, http:\/\/duvisuel.ch\/fotoscope\/wp-content\/uploads\/2024\/08\/degrade-simple_2-copie-200x300.jpg 200w\" sizes=\"auto, (max-width: 667px) 100vw, 667px\" \/><\/a>\n\t\t\t<\/div><\/figure><figure class='gallery-item'>\n\t\t\t<div class='gallery-icon portrait'>\n\t\t\t\t<a data-elementor-open-lightbox=\"yes\" data-elementor-lightbox-slideshow=\"63d4d6d\" data-elementor-lightbox-title=\"degrade simple_1 copie\" href='http:\/\/duvisuel.ch\/fotoscope\/wp-content\/uploads\/2024\/08\/degrade-simple_1-copie.jpg'><img loading=\"lazy\" decoding=\"async\" width=\"667\" height=\"1000\" src=\"http:\/\/duvisuel.ch\/fotoscope\/wp-content\/uploads\/2024\/08\/degrade-simple_1-copie.jpg\" class=\"attachment-medium_large size-medium_large\" alt=\"\" srcset=\"http:\/\/duvisuel.ch\/fotoscope\/wp-content\/uploads\/2024\/08\/degrade-simple_1-copie.jpg 667w, http:\/\/duvisuel.ch\/fotoscope\/wp-content\/uploads\/2024\/08\/degrade-simple_1-copie-200x300.jpg 200w\" sizes=\"auto, (max-width: 667px) 100vw, 667px\" \/><\/a>\n\t\t\t<\/div><\/figure>\n\t\t<\/div>\n\t\t<\/div>\n\t\t\t\t<\/div>\n\t\t\t\t<\/div>\n\t\t\t\t\t<\/div>\n\t\t<\/div>\n\t\t\t\t\t\t\t<\/div>\n\t\t<\/section>\n\t\t\t\t<section class=\"elementor-section elementor-top-section elementor-element elementor-element-f09a25c elementor-section-boxed elementor-section-height-default elementor-section-height-default\" data-id=\"f09a25c\" data-element_type=\"section\">\n\t\t\t\t\t\t<div class=\"elementor-container elementor-column-gap-default\">\n\t\t\t\t\t<div class=\"elementor-column elementor-col-100 elementor-top-column elementor-element elementor-element-5ddce01\" data-id=\"5ddce01\" data-element_type=\"column\">\n\t\t\t<div class=\"elementor-widget-wrap elementor-element-populated\">\n\t\t\t\t\t\t\t\t<div class=\"elementor-element elementor-element-69acc4e elementor-widget elementor-widget-text-editor\" data-id=\"69acc4e\" data-element_type=\"widget\" data-widget_type=\"text-editor.default\">\n\t\t\t\t<div class=\"elementor-widget-container\">\n\t\t\t\t\t\t\t<p>Mise en contexte exp\u00e9rimentale &#8211; exposition outdoor\u00a0 &#8211; petit format (A4) \u00a0\u00a0\u00a0\u00a0\u00a0\u00a0\u00a0\u00a0\u00a0\u00a0\u00a0\u00a0\u00a0\u00a0\u00a0\u00a0\u00a0\u00a0\u00a0\u00a0\u00a0\u00a0\u00a0\u00a0\u00a0\u00a0\u00a0 Lieux en r\u00e9sonance avec l&rsquo;assemblage (objets trouv\u00e9s) des totems<\/p><p>1_Moulin de Vessy<\/p><p>2. Quartier des Eaux-Vives<\/p>\t\t\t\t\t\t<\/div>\n\t\t\t\t<\/div>\n\t\t\t\t\t<\/div>\n\t\t<\/div>\n\t\t\t\t\t\t\t<\/div>\n\t\t<\/section>\n\t\t\t\t<section class=\"elementor-section elementor-top-section elementor-element elementor-element-5bda5db elementor-section-boxed elementor-section-height-default elementor-section-height-default\" data-id=\"5bda5db\" data-element_type=\"section\">\n\t\t\t\t\t\t<div class=\"elementor-container elementor-column-gap-default\">\n\t\t\t\t\t<div class=\"elementor-column elementor-col-100 elementor-top-column elementor-element elementor-element-b324ef7\" data-id=\"b324ef7\" data-element_type=\"column\">\n\t\t\t<div class=\"elementor-widget-wrap elementor-element-populated\">\n\t\t\t\t\t\t\t\t<div class=\"elementor-element elementor-element-de67660 elementor-arrows-position-inside elementor-pagination-position-outside elementor-widget elementor-widget-image-carousel\" data-id=\"de67660\" data-element_type=\"widget\" data-settings=\"{&quot;navigation&quot;:&quot;both&quot;,&quot;autoplay&quot;:&quot;yes&quot;,&quot;pause_on_hover&quot;:&quot;yes&quot;,&quot;pause_on_interaction&quot;:&quot;yes&quot;,&quot;autoplay_speed&quot;:5000,&quot;infinite&quot;:&quot;yes&quot;,&quot;speed&quot;:500}\" data-widget_type=\"image-carousel.default\">\n\t\t\t\t<div class=\"elementor-widget-container\">\n\t\t\t<style>\/*! elementor - v3.5.5 - 03-02-2022 *\/\n.elementor-widget-image-carousel .swiper-container{position:static}.elementor-widget-image-carousel .swiper-container .swiper-slide figure{line-height:inherit}.elementor-widget-image-carousel .swiper-slide{text-align:center}.elementor-image-carousel-wrapper:not(.swiper-container-initialized) .swiper-slide{max-width:calc(100% \/ var(--e-image-carousel-slides-to-show, 3))}<\/style>\t\t<div class=\"elementor-image-carousel-wrapper swiper-container\" dir=\"ltr\">\n\t\t\t<div class=\"elementor-image-carousel swiper-wrapper\">\n\t\t\t\t\t\t\t\t<div class=\"swiper-slide\"><figure class=\"swiper-slide-inner\"><img decoding=\"async\" class=\"swiper-slide-image\" src=\"http:\/\/duvisuel.ch\/fotoscope\/wp-content\/uploads\/2024\/10\/DOWNTOWN_07-200x300.jpg\" alt=\"Moulin de Vessy\" \/><\/figure><\/div><div class=\"swiper-slide\"><figure class=\"swiper-slide-inner\"><img decoding=\"async\" class=\"swiper-slide-image\" src=\"http:\/\/duvisuel.ch\/fotoscope\/wp-content\/uploads\/2024\/10\/Moulin-public-space-067-copie-300x200.jpg\" alt=\"Moulin de Vessy_2\" \/><\/figure><\/div><div class=\"swiper-slide\"><figure class=\"swiper-slide-inner\"><img decoding=\"async\" class=\"swiper-slide-image\" src=\"http:\/\/duvisuel.ch\/fotoscope\/wp-content\/uploads\/2024\/10\/PLACE-3_03-300x200.jpg\" alt=\"Ville de Gen\u00e8ve\" \/><\/figure><\/div><div class=\"swiper-slide\"><figure class=\"swiper-slide-inner\"><img decoding=\"async\" class=\"swiper-slide-image\" src=\"http:\/\/duvisuel.ch\/fotoscope\/wp-content\/uploads\/2024\/10\/PLACE-2_02-300x200.jpg\" alt=\"Ville de Gen\u00e8ve-2\" \/><\/figure><\/div><div class=\"swiper-slide\"><figure class=\"swiper-slide-inner\"><img decoding=\"async\" class=\"swiper-slide-image\" src=\"http:\/\/duvisuel.ch\/fotoscope\/wp-content\/uploads\/2024\/08\/GE-BACASSINE-032-copie-300x200.jpg\" alt=\"Ville de Gen\u00e8ve-3\" \/><\/figure><\/div><div class=\"swiper-slide\"><figure class=\"swiper-slide-inner\"><img decoding=\"async\" class=\"swiper-slide-image\" src=\"http:\/\/duvisuel.ch\/fotoscope\/wp-content\/uploads\/2024\/08\/GE-BACASSINE-033-copie-300x200.jpg\" alt=\"Ville de Gen\u00e8ve-4\" \/><\/figure><\/div><div class=\"swiper-slide\"><figure class=\"swiper-slide-inner\"><img decoding=\"async\" class=\"swiper-slide-image\" src=\"http:\/\/duvisuel.ch\/fotoscope\/wp-content\/uploads\/2024\/08\/PLACE-4_01-225x300.jpg\" alt=\"Ville de Gen\u00e8ve-5\" \/><\/figure><\/div>\t\t\t<\/div>\n\t\t\t\t\t\t\t\t\t\t\t\t<div class=\"swiper-pagination\"><\/div>\n\t\t\t\t\t\t\t\t\t\t\t\t\t<div class=\"elementor-swiper-button elementor-swiper-button-prev\">\n\t\t\t\t\t\t<i aria-hidden=\"true\" class=\"eicon-chevron-left\"><\/i>\t\t\t\t\t\t<span class=\"elementor-screen-only\">Pr\u00e9c\u00e9dent<\/span>\n\t\t\t\t\t<\/div>\n\t\t\t\t\t<div class=\"elementor-swiper-button elementor-swiper-button-next\">\n\t\t\t\t\t\t<i aria-hidden=\"true\" class=\"eicon-chevron-right\"><\/i>\t\t\t\t\t\t<span class=\"elementor-screen-only\">Suivant<\/span>\n\t\t\t\t\t<\/div>\n\t\t\t\t\t\t\t\t\t<\/div>\n\t\t\t\t<\/div>\n\t\t\t\t<\/div>\n\t\t\t\t\t<\/div>\n\t\t<\/div>\n\t\t\t\t\t\t\t<\/div>\n\t\t<\/section>\n\t\t\t\t\t\t<\/div>\n\t\t\t\t\t<\/div>\n\t\t","protected":false},"excerpt":{"rendered":"<p>Totems vs \u00e9chantillon territoire \u2013 2024 digital Print &#8211; format variable (de A4 \u00e0 A0) S\u00e9rie- recyclage intr\u00e9pide Par cette s\u00e9rie, j\u2019ai voulu mettre en sc\u00e8ne dans un cadre contenu une certaine id\u00e9e du chaos primordial ou forces latentes de la nature (des \u00e9l\u00e9ments min\u00e9raux et artificiels sont assembl\u00e9s p\u00e8le m\u00eale pour symboliser\/manifester cette intention &hellip;<\/p>\n<p class=\"read-more\"> <a class=\"\" href=\"http:\/\/duvisuel.ch\/fotoscope\/chaos-design\/\"> <span class=\"screen-reader-text\">Totems<\/span> Lire la suite\u00a0\u00bb<\/a><\/p>\n","protected":false},"author":1,"featured_media":0,"parent":0,"menu_order":0,"comment_status":"closed","ping_status":"closed","template":"","meta":{"site-sidebar-layout":"no-sidebar","site-content-layout":"page-builder","ast-main-header-display":"","ast-hfb-above-header-display":"","ast-hfb-below-header-display":"","ast-hfb-mobile-header-display":"","site-post-title":"disabled","ast-breadcrumbs-content":"","ast-featured-img":"disabled","footer-sml-layout":"","theme-transparent-header-meta":"default","adv-header-id-meta":"","stick-header-meta":"","header-above-stick-meta":"","header-main-stick-meta":"","header-below-stick-meta":"","footnotes":""},"class_list":["post-4615","page","type-page","status-publish","hentry"],"_links":{"self":[{"href":"http:\/\/duvisuel.ch\/fotoscope\/wp-json\/wp\/v2\/pages\/4615","targetHints":{"allow":["GET"]}}],"collection":[{"href":"http:\/\/duvisuel.ch\/fotoscope\/wp-json\/wp\/v2\/pages"}],"about":[{"href":"http:\/\/duvisuel.ch\/fotoscope\/wp-json\/wp\/v2\/types\/page"}],"author":[{"embeddable":true,"href":"http:\/\/duvisuel.ch\/fotoscope\/wp-json\/wp\/v2\/users\/1"}],"replies":[{"embeddable":true,"href":"http:\/\/duvisuel.ch\/fotoscope\/wp-json\/wp\/v2\/comments?post=4615"}],"version-history":[{"count":20,"href":"http:\/\/duvisuel.ch\/fotoscope\/wp-json\/wp\/v2\/pages\/4615\/revisions"}],"predecessor-version":[{"id":4681,"href":"http:\/\/duvisuel.ch\/fotoscope\/wp-json\/wp\/v2\/pages\/4615\/revisions\/4681"}],"wp:attachment":[{"href":"http:\/\/duvisuel.ch\/fotoscope\/wp-json\/wp\/v2\/media?parent=4615"}],"curies":[{"name":"wp","href":"https:\/\/api.w.org\/{rel}","templated":true}]}}