{"id":576,"date":"2022-01-20T21:53:16","date_gmt":"2022-01-20T20:53:16","guid":{"rendered":"http:\/\/duvisuel.ch\/fotoscope\/?page_id=576"},"modified":"2022-03-28T12:57:27","modified_gmt":"2022-03-28T10:57:27","slug":"rlv-4-display","status":"publish","type":"page","link":"http:\/\/duvisuel.ch\/fotoscope\/rlv-4-display\/","title":{"rendered":"rh\u00f4ne-la-vall\u00e9e  display"},"content":{"rendered":"\t\t<div data-elementor-type=\"wp-page\" data-elementor-id=\"576\" class=\"elementor elementor-576\" data-elementor-settings=\"[]\">\n\t\t\t\t\t\t\t<div class=\"elementor-section-wrap\">\n\t\t\t\t\t\t\t<section class=\"elementor-section elementor-top-section elementor-element elementor-element-bce406b elementor-section-boxed elementor-section-height-default elementor-section-height-default\" data-id=\"bce406b\" data-element_type=\"section\">\n\t\t\t\t\t\t<div class=\"elementor-container elementor-column-gap-default\">\n\t\t\t\t\t<div class=\"elementor-column elementor-col-100 elementor-top-column elementor-element elementor-element-fc67c93\" data-id=\"fc67c93\" data-element_type=\"column\">\n\t\t\t<div class=\"elementor-widget-wrap elementor-element-populated\">\n\t\t\t\t\t\t\t\t<div class=\"elementor-element elementor-element-79db826 e-transform elementor-arrows-position-inside elementor-pagination-position-outside elementor-widget elementor-widget-image-carousel\" data-id=\"79db826\" data-element_type=\"widget\" data-settings=\"{&quot;slides_to_show&quot;:&quot;3&quot;,&quot;image_spacing_custom&quot;:{&quot;unit&quot;:&quot;px&quot;,&quot;size&quot;:7,&quot;sizes&quot;:[]},&quot;_transform_translateY_effect&quot;:{&quot;unit&quot;:&quot;px&quot;,&quot;size&quot;:169,&quot;sizes&quot;:[]},&quot;navigation&quot;:&quot;both&quot;,&quot;autoplay&quot;:&quot;yes&quot;,&quot;pause_on_hover&quot;:&quot;yes&quot;,&quot;pause_on_interaction&quot;:&quot;yes&quot;,&quot;autoplay_speed&quot;:5000,&quot;infinite&quot;:&quot;yes&quot;,&quot;speed&quot;:500,&quot;_transform_translateX_effect&quot;:{&quot;unit&quot;:&quot;px&quot;,&quot;size&quot;:&quot;&quot;,&quot;sizes&quot;:[]},&quot;_transform_translateX_effect_tablet&quot;:{&quot;unit&quot;:&quot;px&quot;,&quot;size&quot;:&quot;&quot;,&quot;sizes&quot;:[]},&quot;_transform_translateX_effect_mobile&quot;:{&quot;unit&quot;:&quot;px&quot;,&quot;size&quot;:&quot;&quot;,&quot;sizes&quot;:[]},&quot;_transform_translateY_effect_tablet&quot;:{&quot;unit&quot;:&quot;px&quot;,&quot;size&quot;:&quot;&quot;,&quot;sizes&quot;:[]},&quot;_transform_translateY_effect_mobile&quot;:{&quot;unit&quot;:&quot;px&quot;,&quot;size&quot;:&quot;&quot;,&quot;sizes&quot;:[]}}\" data-widget_type=\"image-carousel.default\">\n\t\t\t\t<div class=\"elementor-widget-container\">\n\t\t\t<style>\/*! elementor - v3.5.5 - 03-02-2022 *\/\n.elementor-widget-image-carousel .swiper-container{position:static}.elementor-widget-image-carousel .swiper-container .swiper-slide figure{line-height:inherit}.elementor-widget-image-carousel .swiper-slide{text-align:center}.elementor-image-carousel-wrapper:not(.swiper-container-initialized) .swiper-slide{max-width:calc(100% \/ var(--e-image-carousel-slides-to-show, 3))}<\/style>\t\t<div class=\"elementor-image-carousel-wrapper swiper-container\" dir=\"ltr\">\n\t\t\t<div class=\"elementor-image-carousel swiper-wrapper\">\n\t\t\t\t\t\t\t\t<div class=\"swiper-slide\"><figure class=\"swiper-slide-inner\"><img decoding=\"async\" class=\"swiper-slide-image\" src=\"http:\/\/duvisuel.ch\/fotoscope\/wp-content\/uploads\/elementor\/thumbs\/fotoscope-RLV-3-pjb2412iabuaec0an3hbedqo70zwgljnwvja8yhojs.jpg\" alt=\"fotoscope RLV 4\" \/><\/figure><\/div><div class=\"swiper-slide\"><figure class=\"swiper-slide-inner\"><img decoding=\"async\" class=\"swiper-slide-image\" src=\"http:\/\/duvisuel.ch\/fotoscope\/wp-content\/uploads\/elementor\/thumbs\/RLV_1-pj9afzi95u7fx1bukcjfcrr1am6qyqajgbbhywxd3c.jpg\" alt=\"RLV_1\" \/><\/figure><\/div><div class=\"swiper-slide\"><figure class=\"swiper-slide-inner\"><img decoding=\"async\" class=\"swiper-slide-image\" src=\"http:\/\/duvisuel.ch\/fotoscope\/wp-content\/uploads\/elementor\/thumbs\/RLV_2-pj9ag1dxjia0k9949dcohr9yhdxhe4i04kmgxgukqw.jpg\" alt=\"RLV_2\" \/><\/figure><\/div><div class=\"swiper-slide\"><figure class=\"swiper-slide-inner\"><img decoding=\"async\" class=\"swiper-slide-image\" src=\"http:\/\/duvisuel.ch\/fotoscope\/wp-content\/uploads\/elementor\/thumbs\/RLV_3-pj9ag39lx6cl7h6dye5xmqsvo5o7tipgstxfw0rseg.jpg\" alt=\"rh\u00f4ne-la-vall\u00e9e #4\" \/><figcaption class=\"elementor-image-carousel-caption\">rh\u00f4ne-la-vall\u00e9e #4<\/figcaption><\/figure><\/div><div class=\"swiper-slide\"><figure class=\"swiper-slide-inner\"><img decoding=\"async\" class=\"swiper-slide-image\" src=\"http:\/\/duvisuel.ch\/fotoscope\/wp-content\/uploads\/elementor\/thumbs\/RLV_41-pj9ag47g40dvj350swkk78kc9jjl17t74ykxdaqe88.jpg\" alt=\"RLV_4(1)\" \/><\/figure><\/div><div class=\"swiper-slide\"><figure class=\"swiper-slide-inner\"><img decoding=\"async\" class=\"swiper-slide-image\" src=\"http:\/\/duvisuel.ch\/fotoscope\/wp-content\/uploads\/elementor\/thumbs\/RLV_5-pj9ag634hogg6b2ahxdtc839gbabgm0nt7vwbunlvs.jpg\" alt=\"RLV_5\" \/><\/figure><\/div><div class=\"swiper-slide\"><figure class=\"swiper-slide-inner\"><img decoding=\"async\" class=\"swiper-slide-image\" src=\"http:\/\/duvisuel.ch\/fotoscope\/wp-content\/uploads\/elementor\/thumbs\/RLV_6-pj9ag70yoihqhx0xcfsfwpuq1p5oob4e5cjdt4m7pk.jpg\" alt=\"RLV_6\" \/><\/figure><\/div><div class=\"swiper-slide\"><figure class=\"swiper-slide-inner\"><img decoding=\"async\" class=\"swiper-slide-image\" src=\"http:\/\/duvisuel.ch\/fotoscope\/wp-content\/uploads\/elementor\/thumbs\/RLV_7-pj9ag8wn26kb54y71glp1pdn8gwf3pbutlucrojfd4.jpg\" alt=\"RLV_7\" \/><\/figure><\/div><div class=\"swiper-slide\"><figure class=\"swiper-slide-inner\"><img decoding=\"async\" class=\"swiper-slide-image\" src=\"http:\/\/duvisuel.ch\/fotoscope\/wp-content\/uploads\/elementor\/thumbs\/RLV_9-pj9agcnztipgfksqfi87bofhm0dvyhqs64gaosduo8.jpg\" alt=\"RLV_9\" \/><\/figure><\/div><div class=\"swiper-slide\"><figure class=\"swiper-slide-inner\"><img decoding=\"async\" class=\"swiper-slide-image\" src=\"http:\/\/duvisuel.ch\/fotoscope\/wp-content\/uploads\/elementor\/thumbs\/RLV_8-1-pj9b22pprog0r58rkw9sy72zulb9unzghn89z06avc.jpg\" alt=\"OLYMPUS DIGITAL CAMERA\" \/><figcaption class=\"elementor-image-carousel-caption\">OLYMPUS DIGITAL CAMERA<\/figcaption><\/figure><\/div>\t\t\t<\/div>\n\t\t\t\t\t\t\t\t\t\t\t\t<div class=\"swiper-pagination\"><\/div>\n\t\t\t\t\t\t\t\t\t\t\t\t\t<div class=\"elementor-swiper-button elementor-swiper-button-prev\">\n\t\t\t\t\t\t<i aria-hidden=\"true\" class=\"eicon-chevron-left\"><\/i>\t\t\t\t\t\t<span class=\"elementor-screen-only\">Pr\u00e9c\u00e9dent<\/span>\n\t\t\t\t\t<\/div>\n\t\t\t\t\t<div class=\"elementor-swiper-button elementor-swiper-button-next\">\n\t\t\t\t\t\t<i aria-hidden=\"true\" class=\"eicon-chevron-right\"><\/i>\t\t\t\t\t\t<span class=\"elementor-screen-only\">Suivant<\/span>\n\t\t\t\t\t<\/div>\n\t\t\t\t\t\t\t\t\t<\/div>\n\t\t\t\t<\/div>\n\t\t\t\t<\/div>\n\t\t\t\t\t<\/div>\n\t\t<\/div>\n\t\t\t\t\t\t\t<\/div>\n\t\t<\/section>\n\t\t\t\t\t\t<\/div>\n\t\t\t\t\t<\/div>\n\t\t","protected":false},"excerpt":{"rendered":"<p>rh\u00f4ne-la-vall\u00e9e #4 OLYMPUS DIGITAL CAMERA Pr\u00e9c\u00e9dent Suivant<\/p>\n","protected":false},"author":1,"featured_media":0,"parent":0,"menu_order":0,"comment_status":"closed","ping_status":"closed","template":"","meta":{"site-sidebar-layout":"default","site-content-layout":"default","ast-main-header-display":"","ast-hfb-above-header-display":"","ast-hfb-below-header-display":"","ast-hfb-mobile-header-display":"","site-post-title":"","ast-breadcrumbs-content":"","ast-featured-img":"","footer-sml-layout":"","theme-transparent-header-meta":"","adv-header-id-meta":"","stick-header-meta":"","header-above-stick-meta":"","header-main-stick-meta":"","header-below-stick-meta":"","footnotes":""},"class_list":["post-576","page","type-page","status-publish","hentry"],"_links":{"self":[{"href":"http:\/\/duvisuel.ch\/fotoscope\/wp-json\/wp\/v2\/pages\/576","targetHints":{"allow":["GET"]}}],"collection":[{"href":"http:\/\/duvisuel.ch\/fotoscope\/wp-json\/wp\/v2\/pages"}],"about":[{"href":"http:\/\/duvisuel.ch\/fotoscope\/wp-json\/wp\/v2\/types\/page"}],"author":[{"embeddable":true,"href":"http:\/\/duvisuel.ch\/fotoscope\/wp-json\/wp\/v2\/users\/1"}],"replies":[{"embeddable":true,"href":"http:\/\/duvisuel.ch\/fotoscope\/wp-json\/wp\/v2\/comments?post=576"}],"version-history":[{"count":48,"href":"http:\/\/duvisuel.ch\/fotoscope\/wp-json\/wp\/v2\/pages\/576\/revisions"}],"predecessor-version":[{"id":2108,"href":"http:\/\/duvisuel.ch\/fotoscope\/wp-json\/wp\/v2\/pages\/576\/revisions\/2108"}],"wp:attachment":[{"href":"http:\/\/duvisuel.ch\/fotoscope\/wp-json\/wp\/v2\/media?parent=576"}],"curies":[{"name":"wp","href":"https:\/\/api.w.org\/{rel}","templated":true}]}}