{"id":8,"date":"2021-12-31T17:43:18","date_gmt":"2021-12-31T16:43:18","guid":{"rendered":"http:\/\/duvisuel.ch\/fotoscope\/?page_id=8"},"modified":"2024-02-20T20:15:46","modified_gmt":"2024-02-20T19:15:46","slug":"projet-fotoscope","status":"publish","type":"page","link":"http:\/\/duvisuel.ch\/fotoscope\/projet-fotoscope\/","title":{"rendered":"projet initial"},"content":{"rendered":"\t\t<div data-elementor-type=\"wp-page\" data-elementor-id=\"8\" class=\"elementor elementor-8\" data-elementor-settings=\"[]\">\n\t\t\t\t\t\t\t<div class=\"elementor-section-wrap\">\n\t\t\t\t\t\t\t<section class=\"elementor-section elementor-top-section elementor-element elementor-element-185623ba elementor-section-boxed elementor-section-height-default elementor-section-height-default\" data-id=\"185623ba\" data-element_type=\"section\">\n\t\t\t\t\t\t<div class=\"elementor-container elementor-column-gap-default\">\n\t\t\t\t\t<div class=\"elementor-column elementor-col-100 elementor-top-column elementor-element elementor-element-67fb2ea\" data-id=\"67fb2ea\" data-element_type=\"column\">\n\t\t\t<div class=\"elementor-widget-wrap elementor-element-populated\">\n\t\t\t\t\t\t\t\t<div class=\"elementor-element elementor-element-2502a688 elementor-widget elementor-widget-text-editor\" data-id=\"2502a688\" data-element_type=\"widget\" data-widget_type=\"text-editor.default\">\n\t\t\t\t<div class=\"elementor-widget-container\">\n\t\t\t<style>\/*! elementor - v3.5.5 - 03-02-2022 *\/\n.elementor-widget-text-editor.elementor-drop-cap-view-stacked .elementor-drop-cap{background-color:#818a91;color:#fff}.elementor-widget-text-editor.elementor-drop-cap-view-framed .elementor-drop-cap{color:#818a91;border:3px solid;background-color:transparent}.elementor-widget-text-editor:not(.elementor-drop-cap-view-default) .elementor-drop-cap{margin-top:8px}.elementor-widget-text-editor:not(.elementor-drop-cap-view-default) .elementor-drop-cap-letter{width:1em;height:1em}.elementor-widget-text-editor .elementor-drop-cap{float:left;text-align:center;line-height:1;font-size:50px}.elementor-widget-text-editor .elementor-drop-cap-letter{display:inline-block}<\/style>\t\t\t\t<article class=\"post-1761 page type-page status-publish hentry\"><div class=\"post-wrapper group\"><header class=\"entry-header group\"><h6>projet fotoscope-research process<\/h6><h4>\u00a0<\/h4><h4><b>PROJET PARTICIPATIF<\/b><\/h4><\/header><div class=\"entry-content\"><div class=\"entry themeform\"><h1><img loading=\"lazy\" decoding=\"async\" class=\"alignnone wp-image-1449 \" src=\"http:\/\/duvisuel.ch\/fotoscope\/wp-content\/uploads\/2022\/02\/hybrid-163-W2_ok_resize.jpg\" alt=\"\" width=\"350\" height=\"350\" srcset=\"http:\/\/duvisuel.ch\/fotoscope\/wp-content\/uploads\/2022\/02\/hybrid-163-W2_ok_resize.jpg 1000w, http:\/\/duvisuel.ch\/fotoscope\/wp-content\/uploads\/2022\/02\/hybrid-163-W2_ok_resize-300x300.jpg 300w, http:\/\/duvisuel.ch\/fotoscope\/wp-content\/uploads\/2022\/02\/hybrid-163-W2_ok_resize-150x150.jpg 150w, http:\/\/duvisuel.ch\/fotoscope\/wp-content\/uploads\/2022\/02\/hybrid-163-W2_ok_resize-768x768.jpg 768w, http:\/\/duvisuel.ch\/fotoscope\/wp-content\/uploads\/2022\/02\/hybrid-163-W2_ok_resize-100x100.jpg 100w\" sizes=\"auto, (max-width: 350px) 100vw, 350px\" \/><\/h1><p>Sur le mod\u00e8le du d\u00e9pliant touristique\u00a0 qui promeut les charmes d\u2019une contr\u00e9e, le projet Fotoscope vise \u00e0 interroger\/d\u00e9tourner\/remanier\u00a0 les clich\u00e9s de l\u2019imagerie pittoresque pour tenter de rendre visible des repr\u00e9sentations\u00a0 diff\u00e9renci\u00e9es d&rsquo;un territoire\/r\u00e9gion donn\u00e9e (ici l\u2019arc l\u00e9manique.)<\/p><p>L&rsquo;id\u00e9e si possible \u00e9tant d&rsquo;inciter d&rsquo;autres fabricants d\u2019images \u00ab solitaires \u00bb (artistes arpenteurs\u00a0 oeuvrant dans l\u2019ombre, amateurs \u00e9clair\u00e9s\u00a0 utilisant le m\u00e9dium de l\u2019image) \u00e0 s\u2019approprier ce dispositif pour faire valoir leurs visions singuli\u00e8re du territoire \u00e0 proximit\u00e9.<\/p><h4>\u00a0<strong>INTENTIONS\/ DISPOSITIF \/ART-JEU ET PROBL\u00c9MATIQUE \/ D\u00c9FIS<\/strong><\/h4><p>\u2013 D\u00e9tourner un objet de promotion touristique \u00e0 des fins r\u00e9flexives\/po\u00e9tiques \u2013 Revendiquer d\u2019autres lieux communs impliquant les champs de l\u2019imaginaire \u2013 Faire circuler un r\u00e9pertoire diversifi\u00e9 d\u2019images r\u00e9gionales en d\u00e9montrant qu\u2019une contr\u00e9e a plusieurs visages \u2013 Contourner la standardisation de l\u2019esth\u00e9tique touristique \u2013 Ne plus laisser le monopole des images dites artistiques aux seuls \u00ab artistes reconnus \u00bb comme tels sur la sc\u00e8ne nationale ou internationale \u2013 Proposer un dispositif simple et efficace permettant aux fabricants d\u2019images (&#8230; de rendre compte de leur vision singuli\u00e8re du territoire \u2013 Concilier art et tourisme par le biais d\u2019un m\u00e9dium ambigu qui bouscule les poncifs \u00e9tablis\u00a0 sans forc\u00e9ment porter atteinte \u00e0 l\u2019esth\u00e9tique des sites repr\u00e9sent\u00e9s de mani\u00e8re subjective<\/p><p>-Provoquer une r\u00e9flexion par des images v\u00e9hiculant la notion d&rsquo;un clich\u00e9 qui se parodie lui-m\u00eame jusqu&rsquo;\u00e0 l&rsquo;alt\u00e9rit\u00e9 \u2013\u00a0<\/p><p>I<b>NTENTIONS territoriales &#8211; jouer sur les st\u00e9r\u00e9otypes <br \/><\/b><\/p><p>Interroger les arch\u00e9types de trois r\u00e9gions fortement impr\u00e9gn\u00e9es d\u2019histoire du tourisme issue de la Belle \u00e9poque (Riviera vaudoise, les Alpes, Gen\u00e8ve) \u2013 Revisiter la notion esth\u00e9tique de pittoresque en lien avec la perception agissante du spectateur-arpenteur (psycho-g\u00e9o graphie de Debord) \u2013 D\u00e9busquer le Genius Loci de chaque lieu rencontr\u00e9 \u2013 Devenir spectateurs actifs du visible qui nous entoure (Merleau-Ponty) en provoquant un transfert (transposition) de la repr\u00e9sentation g\u00e9n\u00e9rale d\u2019une contr\u00e9e\u00a0 \u00e0 la perception singuli\u00e8re que chacun\/e peut s\u2019en faire<\/p><p>\u00a0<b>DISPOSITIF<\/b> \u00a0 L\u2019aspect formel (le design) du d\u00e9pliant touristique revisit\u00e9 devient pour le projet fotoscope :<\/p><p>\u2013 Un m\u00e9dium passe-partout impliquant le ressenti \u00ab subjectif et sensible\u00bb du fabricant d\u2019images (\u00e9l\u00e9ment cl\u00e9 du projet) \u2013 Un outil de diffusion permettant de montrer une version diff\u00e9renci\u00e9e \u00bb du territoire \u00e0 port\u00e9e de main que l\u2019on explore\/ red\u00e9couvre en fonction de son rayon d\u2019action A l\u2019instar du format original (leporello photoglobes) ces vues autres d\u2019un territoire donn\u00e9, d\u00e9tiennent elles aussi le privil\u00e8ge de (faire) \u00ab voyager \u00bb \u00e0 peu de frais : \u00a0 le support de l\u2019image \u00e9tant d\u2019une facture sobre expr\u00e8s : ce ne sont pas des images de \u00ab luxe \u00bb, mais des images r\u00e9flexives qui sugg\u00e8rent une approche territoriale \u00a0 l\u00e9g\u00e8rement subversive , po\u00e9tique ou\u00a0 d\u00e9cal\u00e9e.<\/p><p>d\u00e9-senchantement progressif &#8211; <img loading=\"lazy\" decoding=\"async\" class=\"alignnone wp-image-2805 size-full\" src=\"http:\/\/duvisuel.ch\/fotoscope\/wp-content\/uploads\/2022\/06\/test-lac-matin-0m01-copie.jpg\" alt=\"\" width=\"1000\" height=\"669\" srcset=\"http:\/\/duvisuel.ch\/fotoscope\/wp-content\/uploads\/2022\/06\/test-lac-matin-0m01-copie.jpg 1000w, http:\/\/duvisuel.ch\/fotoscope\/wp-content\/uploads\/2022\/06\/test-lac-matin-0m01-copie-300x201.jpg 300w, http:\/\/duvisuel.ch\/fotoscope\/wp-content\/uploads\/2022\/06\/test-lac-matin-0m01-copie-768x514.jpg 768w\" sizes=\"auto, (max-width: 1000px) 100vw, 1000px\" \/> submarine &#8211; 2021[\/caption]<\/p><p><b>L\u2019ART-JEU COMME MOD\u00c8LE D\u2019ACTION \u2013 APPROCHE LUDIQUE<\/b><\/p><p>\u2013 Rendre manifeste \u00ab autre chose \u00bb de plus d\u00e9routant si possible, au sein des milieux normatifs du march\u00e9 de l\u2019imagerie touristique \u2013 Diffuser un plagiat touristique pour mettre \u00e0 jour\/valider un acte de \u00ab transgression po\u00e9tique \u00bb \u2013 R\u00e9aliser une parodie du d\u00e9pliant touristique aussi par curiosit\u00e9, pour la \u00ab beaut\u00e9 \u00bb du geste de reproduction (alternatif) \u2013 Promouvoir ses propres images en r\u00e9cup\u00e9rant un mod\u00e8le existant de diffusion \u00e0 grande \u00e9chelle (Culture Jamming) \u2013 Rivaliser par jeu (le temps d\u2019une exp\u00e9rience) avec le monopole des clich\u00e9s marketing\/ambiants \u2013 Rendre possible un projet articulant trois r\u00e9gions distinctes qui n\u2019ont pas forc\u00e9ment l\u2019habitude de collaborer et \u00e9tablir un lien entre tourisme et art \u2013 Faire \u00e9cho \u00e0 la formule : c\u2019est le regardeur qui fait l\u2019oeuvre de Duchamps (fabricants d\u2019images non format\u00e9es, porte-paroles (m\u00e9diums) de cette transition, effet miroir)<\/p><\/div><\/div><\/div><\/article>\t\t\t\t\t\t<\/div>\n\t\t\t\t<\/div>\n\t\t\t\t\t<\/div>\n\t\t<\/div>\n\t\t\t\t\t\t\t<\/div>\n\t\t<\/section>\n\t\t\t\t<section class=\"elementor-section elementor-top-section elementor-element elementor-element-a35776b elementor-section-boxed elementor-section-height-default elementor-section-height-default\" data-id=\"a35776b\" data-element_type=\"section\">\n\t\t\t\t\t\t<div class=\"elementor-container elementor-column-gap-default\">\n\t\t\t\t\t<div class=\"elementor-column elementor-col-100 elementor-top-column elementor-element elementor-element-c80172f\" data-id=\"c80172f\" data-element_type=\"column\">\n\t\t\t<div class=\"elementor-widget-wrap\">\n\t\t\t\t\t\t\t\t\t<\/div>\n\t\t<\/div>\n\t\t\t\t\t\t\t<\/div>\n\t\t<\/section>\n\t\t\t\t<section class=\"elementor-section elementor-top-section elementor-element elementor-element-afc0c89 elementor-section-boxed elementor-section-height-default elementor-section-height-default\" data-id=\"afc0c89\" data-element_type=\"section\">\n\t\t\t\t\t\t<div class=\"elementor-container elementor-column-gap-default\">\n\t\t\t\t\t<div class=\"elementor-column elementor-col-100 elementor-top-column elementor-element elementor-element-b2dc204\" data-id=\"b2dc204\" data-element_type=\"column\">\n\t\t\t<div class=\"elementor-widget-wrap elementor-element-populated\">\n\t\t\t\t\t\t\t\t\t<\/div>\n\t\t<\/div>\n\t\t\t\t\t\t\t<\/div>\n\t\t<\/section>\n\t\t\t\t<section class=\"elementor-section elementor-top-section elementor-element elementor-element-6333c53 elementor-section-boxed elementor-section-height-default elementor-section-height-default\" data-id=\"6333c53\" data-element_type=\"section\">\n\t\t\t\t\t\t<div class=\"elementor-container elementor-column-gap-default\">\n\t\t\t\t\t<div class=\"elementor-column elementor-col-100 elementor-top-column elementor-element elementor-element-2301aba\" data-id=\"2301aba\" data-element_type=\"column\">\n\t\t\t<div class=\"elementor-widget-wrap elementor-element-populated\">\n\t\t\t\t\t\t\t\t<div class=\"elementor-element elementor-element-6b118fb elementor-widget elementor-widget-text-editor\" data-id=\"6b118fb\" data-element_type=\"widget\" data-widget_type=\"text-editor.default\">\n\t\t\t\t<div class=\"elementor-widget-container\">\n\t\t\t\t\t\t\t<div class=\"entry-content\"><div class=\"entry themeform\"><p><strong>PROBL\u00c9MATIQUE<\/strong> <strong>QUESTIONS EN FILIGRANES<\/strong><\/p><p>\u2013 Fronti\u00e8re entre excentricit\u00e9 et reconnaissance des lieux \u2013 Comment rendre compte des attributs po\u00e9tiques \/ d\u00e9cal\u00e9s \/ subversifs \/ inventifs d\u2019un site, d\u2019un lieu, d\u2019une r\u00e9gion sans les rendre m\u00e9connaissables ? Est-ce possible ? \u2013 Peut-on contrer le tourisme de masse par des images diversifi\u00e9es (non de masse) vs des images moins \u00e9videntes et plus \u00ab \u00e9quivoques \u00bb pour un tourisme au futur plus \u00ab doux \u00bb et moins format\u00e9 ? (Convoquer l\u2019imaginaire des touristes ?) \u2013 Fotoscope peut il s\u2019imposer dans le march\u00e9 et r\u00e9pondre de l\u2019image touristique \u2013 \u00e0 la demande du touriste novateur ? \u2013 Art et tourisme sont-ils conciliables ou contre-nature ? PLANIFICATION STRAT\u00c9GIE \u2013 \u00c9TAT DES LIEUX Les 6 premiers fotoscopes qui ont \u00e9t\u00e9 imprim\u00e9s correspondent \u00e0 2 des 3 r\u00e9gions \u00e9voqu\u00e9es de l\u2019arc l\u00e9manique (2xVS et3xVD,) : Faute de budget assur\u00e9 \u00e0 temps, nous n\u2019\u00e9tions que 2 pour g\u00e9rer \u2013 sans soutien financier garanti\u00a0 \u2013\u00a0 le lancement des premier fotoscopes- La ville de Vevey a finalement soutenu ce projet exp\u00e9rimental et risqu\u00e9\u00a0 (objet ambigu) en nous permettant d\u2019actualiser le projet<\/p><div class=\"clear\">\u00a0<\/div><\/div><\/div><div class=\"entry-footer group\">\u00a0<\/div>\t\t\t\t\t\t<\/div>\n\t\t\t\t<\/div>\n\t\t\t\t\t<\/div>\n\t\t<\/div>\n\t\t\t\t\t\t\t<\/div>\n\t\t<\/section>\n\t\t\t\t\t\t<\/div>\n\t\t\t\t\t<\/div>\n\t\t","protected":false},"excerpt":{"rendered":"<p>projet fotoscope-research process \u00a0 PROJET PARTICIPATIF Sur le mod\u00e8le du d\u00e9pliant touristique\u00a0 qui promeut les charmes d\u2019une contr\u00e9e, le projet Fotoscope vise \u00e0 interroger\/d\u00e9tourner\/remanier\u00a0 les clich\u00e9s de l\u2019imagerie pittoresque pour tenter de rendre visible des repr\u00e9sentations\u00a0 diff\u00e9renci\u00e9es d&rsquo;un territoire\/r\u00e9gion donn\u00e9e (ici l\u2019arc l\u00e9manique.) L&rsquo;id\u00e9e si possible \u00e9tant d&rsquo;inciter d&rsquo;autres fabricants d\u2019images \u00ab solitaires \u00bb (artistes &hellip;<\/p>\n<p class=\"read-more\"> <a class=\"\" href=\"http:\/\/duvisuel.ch\/fotoscope\/projet-fotoscope\/\"> <span class=\"screen-reader-text\">projet initial<\/span> Lire la suite\u00a0\u00bb<\/a><\/p>\n","protected":false},"author":1,"featured_media":0,"parent":0,"menu_order":0,"comment_status":"closed","ping_status":"closed","template":"","meta":{"site-sidebar-layout":"default","site-content-layout":"default","ast-main-header-display":"","ast-hfb-above-header-display":"","ast-hfb-below-header-display":"","ast-hfb-mobile-header-display":"","site-post-title":"","ast-breadcrumbs-content":"","ast-featured-img":"","footer-sml-layout":"","theme-transparent-header-meta":"default","adv-header-id-meta":"","stick-header-meta":"","header-above-stick-meta":"","header-main-stick-meta":"","header-below-stick-meta":"","footnotes":""},"class_list":["post-8","page","type-page","status-publish","hentry"],"_links":{"self":[{"href":"http:\/\/duvisuel.ch\/fotoscope\/wp-json\/wp\/v2\/pages\/8","targetHints":{"allow":["GET"]}}],"collection":[{"href":"http:\/\/duvisuel.ch\/fotoscope\/wp-json\/wp\/v2\/pages"}],"about":[{"href":"http:\/\/duvisuel.ch\/fotoscope\/wp-json\/wp\/v2\/types\/page"}],"author":[{"embeddable":true,"href":"http:\/\/duvisuel.ch\/fotoscope\/wp-json\/wp\/v2\/users\/1"}],"replies":[{"embeddable":true,"href":"http:\/\/duvisuel.ch\/fotoscope\/wp-json\/wp\/v2\/comments?post=8"}],"version-history":[{"count":154,"href":"http:\/\/duvisuel.ch\/fotoscope\/wp-json\/wp\/v2\/pages\/8\/revisions"}],"predecessor-version":[{"id":4519,"href":"http:\/\/duvisuel.ch\/fotoscope\/wp-json\/wp\/v2\/pages\/8\/revisions\/4519"}],"wp:attachment":[{"href":"http:\/\/duvisuel.ch\/fotoscope\/wp-json\/wp\/v2\/media?parent=8"}],"curies":[{"name":"wp","href":"https:\/\/api.w.org\/{rel}","templated":true}]}}